{"id":13665,"date":"2025-08-21T07:20:43","date_gmt":"2025-08-21T05:20:43","guid":{"rendered":"https:\/\/zaciski-regtruck.pl\/produkt\/pompa-wspomagania-daf-106-lift-bosch-2042155-8655955134\/"},"modified":"2026-01-29T08:07:47","modified_gmt":"2026-01-29T07:07:47","slug":"pompa-wspomagania-daf-106-lift-bosch-2042155-8655955134","status":"publish","type":"product","link":"https:\/\/zaciski-regtruck.pl\/fr\/produkt\/pompa-wspomagania-daf-106-lift-bosch-2042155-8655955134\/","title":{"rendered":"POMPA WSPOMAGANIA DAF 106 LIFT BOSCH 2042155, 8655955134"},"content":{"rendered":"\t\t<div data-elementor-type=\"product-post\" data-elementor-id=\"13665\" class=\"elementor elementor-13665 elementor-12782\" data-elementor-post-type=\"product\">\n\t\t\t\t\t\t<section data-particle_enable=\"false\" data-particle-mobile-disabled=\"false\" class=\"elementor-section elementor-top-section elementor-element elementor-element-35c913d9 elementor-section-boxed elementor-section-height-default elementor-section-height-default\" data-id=\"35c913d9\" data-element_type=\"section\" data-e-type=\"section\">\n\t\t\t\t\t\t<div class=\"elementor-container elementor-column-gap-default\">\n\t\t\t\t\t<div class=\"elementor-column elementor-col-100 elementor-top-column elementor-element elementor-element-7db474d\" data-id=\"7db474d\" data-element_type=\"column\" data-e-type=\"column\">\n\t\t\t<div class=\"elementor-widget-wrap elementor-element-populated\">\n\t\t\t\t\t\t<div class=\"elementor-element elementor-element-7d3ee497 elementor-widget__width-initial elementor-widget elementor-widget-text-editor\" data-id=\"7d3ee497\" data-element_type=\"widget\" data-e-type=\"widget\" data-widget_type=\"text-editor.default\">\n\t\t\t\t<div class=\"elementor-widget-container\">\n\t\t\t\t\t\t\t\t\t<h2>POMPE DE DIRECTION ASSIST\u00c9E DAF 106 LIFT BOSCH 2042155, 8655955134<\/h2><hr><h3><span style=\"color: #000000;\">Nous vous proposons un produit reconditionn\u00e9<\/span><\/h3><h2>POMPE DE DIRECTION ASSIST\u00c9E GDAF 106 LIFT<\/h2><h2><span style=\"color: #000000;\">de la plus haute qualit\u00e9. <\/span><\/h2><h3><span style=\"color: #000000;\">Nous garantissons \u00e0 nos clients une satisfaction \u00e0 100 %.<\/span><\/h3>\t\t\t\t\t\t\t\t<\/div>\n\t\t\t\t<\/div>\n\t\t\t\t\t<\/div>\n\t\t<\/div>\n\t\t\t\t\t<\/div>\n\t\t<\/section>\n\t\t\t\t<\/div>\n\t\t","protected":false},"excerpt":{"rendered":"<h3>Nous proposons \u00e0 la vente une POMPE DE DIRECTION ASSIST\u00c9E DAF 106 LIFT BOSCH apr\u00e8s r\u00e9g\u00e9n\u00e9ration.<\/h3>\n","protected":false},"featured_media":13666,"template":"","meta":[],"product_brand":[],"product_cat":[4624,4758,4759,4623],"product_tag":[4765,4764,4763,4761,4762,4766,4760,4769,4768,4767],"class_list":{"0":"post-13665","1":"product","2":"type-product","3":"status-publish","4":"has-post-thumbnail","6":"product_cat-daf","7":"product_cat-pieces-du-moteur","8":"product_cat-pompes-a-liquide-de-refroidissement","9":"product_cat-transmissions-de-direction","10":"product_tag-4765","11":"product_tag-4764","12":"product_tag-4763","13":"product_tag-4761","14":"product_tag-4762","15":"product_tag-4766","16":"product_tag-4760","17":"product_tag-pompe-de-direction-assistee-daf","18":"product_tag-pompe-de-direction-assistee-daf-106-lift","19":"product_tag-pompe-de-direction-assistee-daf-106-lift-bosch-2042155","21":"first","22":"instock","23":"featured","24":"taxable","25":"shipping-taxable","26":"product-type-simple"},"_links":{"self":[{"href":"https:\/\/zaciski-regtruck.pl\/fr\/wp-json\/wp\/v2\/product\/13665","targetHints":{"allow":["GET"]}}],"collection":[{"href":"https:\/\/zaciski-regtruck.pl\/fr\/wp-json\/wp\/v2\/product"}],"about":[{"href":"https:\/\/zaciski-regtruck.pl\/fr\/wp-json\/wp\/v2\/types\/product"}],"version-history":[{"count":1,"href":"https:\/\/zaciski-regtruck.pl\/fr\/wp-json\/wp\/v2\/product\/13665\/revisions"}],"predecessor-version":[{"id":13669,"href":"https:\/\/zaciski-regtruck.pl\/fr\/wp-json\/wp\/v2\/product\/13665\/revisions\/13669"}],"wp:featuredmedia":[{"embeddable":true,"href":"https:\/\/zaciski-regtruck.pl\/fr\/wp-json\/wp\/v2\/media\/13666"}],"wp:attachment":[{"href":"https:\/\/zaciski-regtruck.pl\/fr\/wp-json\/wp\/v2\/media?parent=13665"}],"wp:term":[{"taxonomy":"product_brand","embeddable":true,"href":"https:\/\/zaciski-regtruck.pl\/fr\/wp-json\/wp\/v2\/product_brand?post=13665"},{"taxonomy":"product_cat","embeddable":true,"href":"https:\/\/zaciski-regtruck.pl\/fr\/wp-json\/wp\/v2\/product_cat?post=13665"},{"taxonomy":"product_tag","embeddable":true,"href":"https:\/\/zaciski-regtruck.pl\/fr\/wp-json\/wp\/v2\/product_tag?post=13665"}],"curies":[{"name":"wp","href":"https:\/\/api.w.org\/{rel}","templated":true}]}}