{"id":13759,"date":"2025-09-09T11:27:50","date_gmt":"2025-09-09T09:27:50","guid":{"rendered":"https:\/\/zaciski-regtruck.pl\/produkt\/selecteur-de-boite-de-vitesses-wabco-mercedes-a9612604463-4213534010\/"},"modified":"2026-01-29T14:19:51","modified_gmt":"2026-01-29T13:19:51","slug":"selecteur-de-boite-de-vitesses-wabco-mercedes-a9612604463-4213534010","status":"publish","type":"product","link":"https:\/\/zaciski-regtruck.pl\/fr\/produkt\/selecteur-de-boite-de-vitesses-wabco-mercedes-a9612604463-4213534010\/","title":{"rendered":"S\u00e9lecteur de bo\u00eete de vitesses WABCO MERCEDES A9612604463, 4213534010"},"content":{"rendered":"\t\t<div data-elementor-type=\"product-post\" data-elementor-id=\"13759\" class=\"elementor elementor-13759 elementor-12849\" data-elementor-post-type=\"product\">\n\t\t\t\t\t\t<section data-particle_enable=\"false\" data-particle-mobile-disabled=\"false\" class=\"elementor-section elementor-top-section elementor-element elementor-element-35c913d9 elementor-section-boxed elementor-section-height-default elementor-section-height-default\" data-id=\"35c913d9\" data-element_type=\"section\" data-e-type=\"section\">\n\t\t\t\t\t\t<div class=\"elementor-container elementor-column-gap-default\">\n\t\t\t\t\t<div class=\"elementor-column elementor-col-100 elementor-top-column elementor-element elementor-element-7db474d\" data-id=\"7db474d\" data-element_type=\"column\" data-e-type=\"column\">\n\t\t\t<div class=\"elementor-widget-wrap elementor-element-populated\">\n\t\t\t\t\t\t<div class=\"elementor-element elementor-element-7d3ee497 elementor-widget elementor-widget-text-editor\" data-id=\"7d3ee497\" data-element_type=\"widget\" data-e-type=\"widget\" data-widget_type=\"text-editor.default\">\n\t\t\t\t<div class=\"elementor-widget-container\">\n\t\t\t\t\t\t\t\t\t<h2>S\u00e9lecteur de bo\u00eete de vitesses WABCO MERCEDES A9612604463, 4213534010<\/h2><h2>Nous vous proposons un produit reconditionn\u00e9<\/h2><h2>S\u00e9lecteur de bo\u00eete de vitesses WABCO MERCEDES, ACTROS, AXOR, MP4<\/h2><h2 class=\"product_title entry-title elementor-heading-title elementor-size-default\">de la plus haute qualit\u00e9.<\/h2><h3><span style=\"color: #000000;\">Nous garantissons \u00e0 nos clients une satisfaction \u00e0 100 %.<\/span><\/h3><h4>GARANTIE 6 mois<\/h4>\t\t\t\t\t\t\t\t<\/div>\n\t\t\t\t<\/div>\n\t\t\t\t\t<\/div>\n\t\t<\/div>\n\t\t\t\t\t<\/div>\n\t\t<\/section>\n\t\t\t\t<\/div>\n\t\t","protected":false},"excerpt":{"rendered":"<h3>Nous proposons \u00e0 la vente un s\u00e9lecteur de bo\u00eete de vitesses WABCO MERCEDES, ACTROS, AXOR, MP4 A9612604463, 4213534010.<\/h3>\n","protected":false},"featured_media":13760,"template":"","meta":[],"product_brand":[],"product_cat":[4807,4712,4713],"product_tag":[4810,4811,4809,4812,4813,4814,4815,4816,4817,4818,4819,4822,4808,4823,4821,4820],"class_list":{"0":"post-13759","1":"product","2":"type-product","3":"status-publish","4":"has-post-thumbnail","6":"product_cat-boite-de-vitesses","7":"product_cat-vannes","8":"product_cat-vannes-bpv","9":"product_tag-4810","10":"product_tag-4811","11":"product_tag-4809","12":"product_tag-4812","13":"product_tag-4813","14":"product_tag-a0032607563","15":"product_tag-a0032608263","16":"product_tag-a9612604463","17":"product_tag-a961260446328","18":"product_tag-a961260446385","19":"product_tag-a9612606463","20":"product_tag-actros","21":"product_tag-axor","22":"product_tag-mp4","23":"product_tag-selecteur-de-boite-de-vitesses-wabco-mercedes","24":"product_tag-selecteur-de-boite-de-vitesses-wabco-mercedes-a9612604463","26":"first","27":"instock","28":"featured","29":"taxable","30":"shipping-taxable","31":"product-type-simple"},"_links":{"self":[{"href":"https:\/\/zaciski-regtruck.pl\/fr\/wp-json\/wp\/v2\/product\/13759","targetHints":{"allow":["GET"]}}],"collection":[{"href":"https:\/\/zaciski-regtruck.pl\/fr\/wp-json\/wp\/v2\/product"}],"about":[{"href":"https:\/\/zaciski-regtruck.pl\/fr\/wp-json\/wp\/v2\/types\/product"}],"version-history":[{"count":1,"href":"https:\/\/zaciski-regtruck.pl\/fr\/wp-json\/wp\/v2\/product\/13759\/revisions"}],"predecessor-version":[{"id":13763,"href":"https:\/\/zaciski-regtruck.pl\/fr\/wp-json\/wp\/v2\/product\/13759\/revisions\/13763"}],"wp:featuredmedia":[{"embeddable":true,"href":"https:\/\/zaciski-regtruck.pl\/fr\/wp-json\/wp\/v2\/media\/13760"}],"wp:attachment":[{"href":"https:\/\/zaciski-regtruck.pl\/fr\/wp-json\/wp\/v2\/media?parent=13759"}],"wp:term":[{"taxonomy":"product_brand","embeddable":true,"href":"https:\/\/zaciski-regtruck.pl\/fr\/wp-json\/wp\/v2\/product_brand?post=13759"},{"taxonomy":"product_cat","embeddable":true,"href":"https:\/\/zaciski-regtruck.pl\/fr\/wp-json\/wp\/v2\/product_cat?post=13759"},{"taxonomy":"product_tag","embeddable":true,"href":"https:\/\/zaciski-regtruck.pl\/fr\/wp-json\/wp\/v2\/product_tag?post=13759"}],"curies":[{"name":"wp","href":"https:\/\/api.w.org\/{rel}","templated":true}]}}