{"id":13770,"date":"2025-09-24T10:19:42","date_gmt":"2025-09-24T08:19:42","guid":{"rendered":"https:\/\/zaciski-regtruck.pl\/produkt\/deshumidificateur-dair-volvo-fh13-euro6-el2501-k096433\/"},"modified":"2026-01-29T17:46:43","modified_gmt":"2026-01-29T16:46:43","slug":"deshumidificateur-dair-volvo-fh13-euro6-el2501-k096433","status":"publish","type":"product","link":"https:\/\/zaciski-regtruck.pl\/fr\/produkt\/deshumidificateur-dair-volvo-fh13-euro6-el2501-k096433\/","title":{"rendered":"D\u00c9SHUMIDIFICATEUR D&rsquo;AIR VOLVO FH13 EURO6 EL2501, K096433"},"content":{"rendered":"\t\t<div data-elementor-type=\"product-post\" data-elementor-id=\"13770\" class=\"elementor elementor-13770 elementor-12893\" data-elementor-post-type=\"product\">\n\t\t\t\t\t\t<section data-particle_enable=\"false\" data-particle-mobile-disabled=\"false\" class=\"elementor-section elementor-top-section elementor-element elementor-element-35c913d9 elementor-section-boxed elementor-section-height-default elementor-section-height-default\" data-id=\"35c913d9\" data-element_type=\"section\" data-e-type=\"section\">\n\t\t\t\t\t\t<div class=\"elementor-container elementor-column-gap-default\">\n\t\t\t\t\t<div class=\"elementor-column elementor-col-100 elementor-top-column elementor-element elementor-element-7db474d\" data-id=\"7db474d\" data-element_type=\"column\" data-e-type=\"column\">\n\t\t\t<div class=\"elementor-widget-wrap elementor-element-populated\">\n\t\t\t\t\t\t<div class=\"elementor-element elementor-element-7d3ee497 elementor-widget elementor-widget-text-editor\" data-id=\"7d3ee497\" data-element_type=\"widget\" data-e-type=\"widget\" data-widget_type=\"text-editor.default\">\n\t\t\t\t<div class=\"elementor-widget-container\">\n\t\t\t\t\t\t\t\t\t<h2>D\u00c9SHUMIDIFICATEUR D&rsquo;AIR VOLVO FH13 EURO6 EL2501, K096433<\/h2>\n<div>&nbsp;<\/div>\n<hr>\n<h3>Nous vous proposons &lt; 0 &gt;D\u00c9SHUMIDIFICATEUR D&rsquo;AIR, KNORR-BREMSE, EL2501, K096433, VOLVO, EL2501, 2216941, K096433&lt; 0 &gt;de la plus haute qualit\u00e9.&nbsp;<\/h3>\n<h3><span style=\"color: #000000;\">Garantie 24 mois<\/span><\/h3>\t\t\t\t\t\t\t\t<\/div>\n\t\t\t\t<\/div>\n\t\t\t\t\t<\/div>\n\t\t<\/div>\n\t\t\t\t\t<\/div>\n\t\t<\/section>\n\t\t\t\t<\/div>\n\t\t","protected":false},"excerpt":{"rendered":"<h3>Nous proposons \u00e0 la vente un S\u00c9CHOIR \u00c0 AIR VOLVO FH13 EURO6 apr\u00e8s r\u00e9g\u00e9n\u00e9ration.<\/h3>\n<h3><\/h3>\n<h3><\/h3>\n","protected":false},"featured_media":13771,"template":"","meta":[],"product_brand":[],"product_cat":[4615,4828,4614],"product_tag":[4831,4616,4832,4621,4830,4783,4829,4618],"class_list":{"0":"post-13770","1":"product","2":"type-product","3":"status-publish","4":"has-post-thumbnail","6":"product_cat-deshumidificateurs","7":"product_cat-osuszacze","8":"product_cat-pneumatique-de-freinage","9":"product_tag-4831","10":"product_tag-deshumidificateur-dair-knorr-bremse","11":"product_tag-deshumidificateur-dair-volvo-fh13-euro6-el2501","12":"product_tag-el2501","13":"product_tag-k096433","14":"product_tag-knorr-bremse","15":"product_tag-osuszacz-powietrza","16":"product_tag-volvo","18":"first","19":"instock","20":"featured","21":"taxable","22":"shipping-taxable","23":"product-type-simple"},"_links":{"self":[{"href":"https:\/\/zaciski-regtruck.pl\/fr\/wp-json\/wp\/v2\/product\/13770","targetHints":{"allow":["GET"]}}],"collection":[{"href":"https:\/\/zaciski-regtruck.pl\/fr\/wp-json\/wp\/v2\/product"}],"about":[{"href":"https:\/\/zaciski-regtruck.pl\/fr\/wp-json\/wp\/v2\/types\/product"}],"version-history":[{"count":1,"href":"https:\/\/zaciski-regtruck.pl\/fr\/wp-json\/wp\/v2\/product\/13770\/revisions"}],"predecessor-version":[{"id":13774,"href":"https:\/\/zaciski-regtruck.pl\/fr\/wp-json\/wp\/v2\/product\/13770\/revisions\/13774"}],"wp:featuredmedia":[{"embeddable":true,"href":"https:\/\/zaciski-regtruck.pl\/fr\/wp-json\/wp\/v2\/media\/13771"}],"wp:attachment":[{"href":"https:\/\/zaciski-regtruck.pl\/fr\/wp-json\/wp\/v2\/media?parent=13770"}],"wp:term":[{"taxonomy":"product_brand","embeddable":true,"href":"https:\/\/zaciski-regtruck.pl\/fr\/wp-json\/wp\/v2\/product_brand?post=13770"},{"taxonomy":"product_cat","embeddable":true,"href":"https:\/\/zaciski-regtruck.pl\/fr\/wp-json\/wp\/v2\/product_cat?post=13770"},{"taxonomy":"product_tag","embeddable":true,"href":"https:\/\/zaciski-regtruck.pl\/fr\/wp-json\/wp\/v2\/product_tag?post=13770"}],"curies":[{"name":"wp","href":"https:\/\/api.w.org\/{rel}","templated":true}]}}