{"id":13776,"date":"2025-09-24T13:23:38","date_gmt":"2025-09-24T11:23:38","guid":{"rendered":"https:\/\/zaciski-regtruck.pl\/produkt\/boite-de-direction-mercedes-benz-setra-zf-bosch-8098956206-ks00002286\/"},"modified":"2026-01-30T07:40:20","modified_gmt":"2026-01-30T06:40:20","slug":"boite-de-direction-mercedes-benz-setra-zf-bosch-8098956206-ks00002286","status":"publish","type":"product","link":"https:\/\/zaciski-regtruck.pl\/fr\/produkt\/boite-de-direction-mercedes-benz-setra-zf-bosch-8098956206-ks00002286\/","title":{"rendered":"Bo\u00eete de direction Mercedes Benz, Setra, ZF, Bosch 8098956206, KS00002286"},"content":{"rendered":"\t\t<div data-elementor-type=\"product-post\" data-elementor-id=\"13776\" class=\"elementor elementor-13776 elementor-12905\" data-elementor-post-type=\"product\">\n\t\t\t\t\t\t<section data-particle_enable=\"false\" data-particle-mobile-disabled=\"false\" class=\"elementor-section elementor-top-section elementor-element elementor-element-35c913d9 elementor-section-boxed elementor-section-height-default elementor-section-height-default\" data-id=\"35c913d9\" data-element_type=\"section\" data-e-type=\"section\">\n\t\t\t\t\t\t<div class=\"elementor-container elementor-column-gap-default\">\n\t\t\t\t\t<div class=\"elementor-column elementor-col-100 elementor-top-column elementor-element elementor-element-7db474d\" data-id=\"7db474d\" data-element_type=\"column\" data-e-type=\"column\">\n\t\t\t<div class=\"elementor-widget-wrap elementor-element-populated\">\n\t\t\t\t\t\t<div class=\"elementor-element elementor-element-7d3ee497 elementor-widget__width-initial elementor-widget elementor-widget-text-editor\" data-id=\"7d3ee497\" data-element_type=\"widget\" data-e-type=\"widget\" data-widget_type=\"text-editor.default\">\n\t\t\t\t<div class=\"elementor-widget-container\">\n\t\t\t\t\t\t\t\t\t<h2><strong>Bo\u00eete de direction Mercedes Benz, Setra, ZF, Bosch 8098956206, KS00002286 <\/strong><\/h2><h3><span style=\"color: #000000;\">Nous vous proposons une<\/span><\/h3><h3>Bo\u00eetes de direction pour Mercedes Benz, Setra de marque ZF, Bosch <\/h3><h3><span style=\"color: #000000;\">de la plus haute qualit\u00e9. <\/span><\/h3><h3><span style=\"color: #000000;\">Nous garantissons \u00e0 nos clients une satisfaction \u00e0 100 %.<\/span><\/h3>\t\t\t\t\t\t\t\t<\/div>\n\t\t\t\t<\/div>\n\t\t\t\t\t<\/div>\n\t\t<\/div>\n\t\t\t\t\t<\/div>\n\t\t<\/section>\n\t\t\t\t<\/div>\n\t\t","protected":false},"excerpt":{"rendered":"<h3>Nous proposons \u00e0 la vente des bo\u00eetes de direction Mercedes Benz, Setra, ZF et Bosch apr\u00e8s r\u00e9g\u00e9n\u00e9ration.<\/h3>\n","protected":false},"featured_media":13779,"template":"","meta":[],"product_brand":[],"product_cat":[4836,4623],"product_tag":[4846,4844,4843,4625,4837,4840,4841,4845,4842,4838,4839],"class_list":{"0":"post-13776","1":"product","2":"type-product","3":"status-publish","4":"has-post-thumbnail","6":"product_cat-mercedes-benz","7":"product_cat-transmissions-de-direction","8":"product_tag-4846","9":"product_tag-4844","10":"product_tag-a6294601900","11":"product_tag-boite-de-direction","12":"product_tag-boite-de-direction-mercedes-benz","13":"product_tag-bosch-8098956206","14":"product_tag-ks00002286","15":"product_tag-mb6294600800","16":"product_tag-pk8098956206r","17":"product_tag-setra","18":"product_tag-zf","20":"first","21":"instock","22":"featured","23":"taxable","24":"shipping-taxable","25":"purchasable","26":"product-type-variable"},"_links":{"self":[{"href":"https:\/\/zaciski-regtruck.pl\/fr\/wp-json\/wp\/v2\/product\/13776","targetHints":{"allow":["GET"]}}],"collection":[{"href":"https:\/\/zaciski-regtruck.pl\/fr\/wp-json\/wp\/v2\/product"}],"about":[{"href":"https:\/\/zaciski-regtruck.pl\/fr\/wp-json\/wp\/v2\/types\/product"}],"version-history":[{"count":1,"href":"https:\/\/zaciski-regtruck.pl\/fr\/wp-json\/wp\/v2\/product\/13776\/revisions"}],"predecessor-version":[{"id":13782,"href":"https:\/\/zaciski-regtruck.pl\/fr\/wp-json\/wp\/v2\/product\/13776\/revisions\/13782"}],"wp:featuredmedia":[{"embeddable":true,"href":"https:\/\/zaciski-regtruck.pl\/fr\/wp-json\/wp\/v2\/media\/13779"}],"wp:attachment":[{"href":"https:\/\/zaciski-regtruck.pl\/fr\/wp-json\/wp\/v2\/media?parent=13776"}],"wp:term":[{"taxonomy":"product_brand","embeddable":true,"href":"https:\/\/zaciski-regtruck.pl\/fr\/wp-json\/wp\/v2\/product_brand?post=13776"},{"taxonomy":"product_cat","embeddable":true,"href":"https:\/\/zaciski-regtruck.pl\/fr\/wp-json\/wp\/v2\/product_cat?post=13776"},{"taxonomy":"product_tag","embeddable":true,"href":"https:\/\/zaciski-regtruck.pl\/fr\/wp-json\/wp\/v2\/product_tag?post=13776"}],"curies":[{"name":"wp","href":"https:\/\/api.w.org\/{rel}","templated":true}]}}