{"id":13784,"date":"2025-09-26T13:53:31","date_gmt":"2025-09-26T11:53:31","guid":{"rendered":"https:\/\/zaciski-regtruck.pl\/produkt\/boite-de-direction-man-tga-tgs-8099955610-ks0000131\/"},"modified":"2026-01-30T07:42:27","modified_gmt":"2026-01-30T06:42:27","slug":"boite-de-direction-man-tga-tgs-8099955610-ks0000131","status":"publish","type":"product","link":"https:\/\/zaciski-regtruck.pl\/fr\/produkt\/boite-de-direction-man-tga-tgs-8099955610-ks0000131\/","title":{"rendered":"Bo\u00eete de direction MAN TGA TGS 8099955610, KS0000131"},"content":{"rendered":"\t\t<div data-elementor-type=\"product-post\" data-elementor-id=\"13784\" class=\"elementor elementor-13784 elementor-12924\" data-elementor-post-type=\"product\">\n\t\t\t\t\t\t<section data-particle_enable=\"false\" data-particle-mobile-disabled=\"false\" class=\"elementor-section elementor-top-section elementor-element elementor-element-35c913d9 elementor-section-boxed elementor-section-height-default elementor-section-height-default\" data-id=\"35c913d9\" data-element_type=\"section\" data-e-type=\"section\">\n\t\t\t\t\t\t<div class=\"elementor-container elementor-column-gap-default\">\n\t\t\t\t\t<div class=\"elementor-column elementor-col-100 elementor-top-column elementor-element elementor-element-7db474d\" data-id=\"7db474d\" data-element_type=\"column\" data-e-type=\"column\">\n\t\t\t<div class=\"elementor-widget-wrap elementor-element-populated\">\n\t\t\t\t\t\t<div class=\"elementor-element elementor-element-7d3ee497 elementor-widget__width-initial elementor-widget elementor-widget-text-editor\" data-id=\"7d3ee497\" data-element_type=\"widget\" data-e-type=\"widget\" data-widget_type=\"text-editor.default\">\n\t\t\t\t<div class=\"elementor-widget-container\">\n\t\t\t\t\t\t\t\t\t<h2><span style=\"color: #000000;\">Bo\u00eete de direction MAN TGA TGS 8099955610, KS0000131<\/span><\/h2><h3><span style=\"color: #000000;\">Nous vous proposons une<\/span><\/h3><h3>Bo\u00eete de vitesses pour MAN TGA TGS 8X4 8X6 8X8 170 bars<\/h3><h3><span style=\"color: #000000;\">de la plus haute qualit\u00e9. <\/span><\/h3><h3><span style=\"color: #000000;\">Nous garantissons \u00e0 nos clients une satisfaction \u00e0 100 %.<\/span><\/h3>\t\t\t\t\t\t\t\t<\/div>\n\t\t\t\t<\/div>\n\t\t\t\t\t<\/div>\n\t\t<\/div>\n\t\t\t\t\t<\/div>\n\t\t<\/section>\n\t\t\t\t<\/div>\n\t\t","protected":false},"excerpt":{"rendered":"<h3>Nous proposons \u00e0 la vente une bo\u00eete de vitesses MAN TGA TGS 8X4 8X6 8X8 170 bars apr\u00e8s r\u00e9g\u00e9n\u00e9ration.<\/h3>\n","protected":false},"featured_media":13785,"template":"","meta":[],"product_brand":[],"product_cat":[4848,4623],"product_tag":[4849,4850,4851,4625,4857,4854,4856,4852,4853],"class_list":{"0":"post-13784","1":"product","2":"type-product","3":"status-publish","4":"has-post-thumbnail","6":"product_cat-man","7":"product_cat-transmissions-de-direction","8":"product_tag-4849","9":"product_tag-4850","10":"product_tag-4851","11":"product_tag-boite-de-direction","12":"product_tag-boite-de-vitesses-man-tga-tgs","13":"product_tag-boite-de-vitesses-man-tga-tgs-8099955610","14":"product_tag-ks0000131","15":"product_tag-ks00001311","16":"product_tag-ks01001278","18":"first","19":"instock","20":"featured","21":"taxable","22":"shipping-taxable","23":"product-type-simple"},"_links":{"self":[{"href":"https:\/\/zaciski-regtruck.pl\/fr\/wp-json\/wp\/v2\/product\/13784","targetHints":{"allow":["GET"]}}],"collection":[{"href":"https:\/\/zaciski-regtruck.pl\/fr\/wp-json\/wp\/v2\/product"}],"about":[{"href":"https:\/\/zaciski-regtruck.pl\/fr\/wp-json\/wp\/v2\/types\/product"}],"version-history":[{"count":4,"href":"https:\/\/zaciski-regtruck.pl\/fr\/wp-json\/wp\/v2\/product\/13784\/revisions"}],"predecessor-version":[{"id":13791,"href":"https:\/\/zaciski-regtruck.pl\/fr\/wp-json\/wp\/v2\/product\/13784\/revisions\/13791"}],"wp:featuredmedia":[{"embeddable":true,"href":"https:\/\/zaciski-regtruck.pl\/fr\/wp-json\/wp\/v2\/media\/13785"}],"wp:attachment":[{"href":"https:\/\/zaciski-regtruck.pl\/fr\/wp-json\/wp\/v2\/media?parent=13784"}],"wp:term":[{"taxonomy":"product_brand","embeddable":true,"href":"https:\/\/zaciski-regtruck.pl\/fr\/wp-json\/wp\/v2\/product_brand?post=13784"},{"taxonomy":"product_cat","embeddable":true,"href":"https:\/\/zaciski-regtruck.pl\/fr\/wp-json\/wp\/v2\/product_cat?post=13784"},{"taxonomy":"product_tag","embeddable":true,"href":"https:\/\/zaciski-regtruck.pl\/fr\/wp-json\/wp\/v2\/product_tag?post=13784"}],"curies":[{"name":"wp","href":"https:\/\/api.w.org\/{rel}","templated":true}]}}