{"id":13798,"date":"2025-10-30T14:21:28","date_gmt":"2025-10-30T13:21:28","guid":{"rendered":"https:\/\/zaciski-regtruck.pl\/produkt\/verin-dembrayage-eca-scania-10572941-2475267\/"},"modified":"2026-01-30T14:56:39","modified_gmt":"2026-01-30T13:56:39","slug":"verin-dembrayage-eca-scania-10572941-2475267","status":"publish","type":"product","link":"https:\/\/zaciski-regtruck.pl\/fr\/produkt\/verin-dembrayage-eca-scania-10572941-2475267\/","title":{"rendered":"V\u00e9rin d&#8217;embrayage ECA Scania 10572941, 2475267"},"content":{"rendered":"\t\t<div data-elementor-type=\"product-post\" data-elementor-id=\"13798\" class=\"elementor elementor-13798 elementor-13002\" data-elementor-post-type=\"product\">\n\t\t\t\t\t\t<section data-particle_enable=\"false\" data-particle-mobile-disabled=\"false\" class=\"elementor-section elementor-top-section elementor-element elementor-element-35c913d9 elementor-section-boxed elementor-section-height-default elementor-section-height-default\" data-id=\"35c913d9\" data-element_type=\"section\" data-e-type=\"section\">\n\t\t\t\t\t\t<div class=\"elementor-container elementor-column-gap-default\">\n\t\t\t\t\t<div class=\"elementor-column elementor-col-100 elementor-top-column elementor-element elementor-element-7db474d\" data-id=\"7db474d\" data-element_type=\"column\" data-e-type=\"column\">\n\t\t\t<div class=\"elementor-widget-wrap elementor-element-populated\">\n\t\t\t\t\t\t<div class=\"elementor-element elementor-element-7d3ee497 elementor-widget elementor-widget-text-editor\" data-id=\"7d3ee497\" data-element_type=\"widget\" data-e-type=\"widget\" data-widget_type=\"text-editor.default\">\n\t\t\t\t<div class=\"elementor-widget-container\">\n\t\t\t\t\t\t\t\t\t<h2>V\u00e9rin d&#8217;embrayage ECA Scania 10572941, 2475267<\/h2><h2>Nous vous proposons un produit reconditionn\u00e9<\/h2><h2>D\u00c9CONNEXEUR, V\u00c9RIN, EMBRAYAGES ECA Scania \u00c0 DEUX FICHES<\/h2><h2>de la plus haute qualit\u00e9.<\/h2><h3><span style=\"color: #000000;\">Nous garantissons \u00e0 nos clients une satisfaction \u00e0 100 %.<\/span><\/h3>\t\t\t\t\t\t\t\t<\/div>\n\t\t\t\t<\/div>\n\t\t\t\t\t<\/div>\n\t\t<\/div>\n\t\t\t\t\t<\/div>\n\t\t<\/section>\n\t\t\t\t<\/div>\n\t\t","protected":false},"excerpt":{"rendered":"<h3>Nous proposons \u00e0 la vente un DISPOSITIF DE D\u00c9BRIDAGE, un V\u00c9RIN, des EMBRAYAGES ECA Scania.<\/h3>\n","protected":false},"featured_media":13799,"template":"","meta":[],"product_brand":[],"product_cat":[4866,4713,4865],"product_tag":[4867,4868,4869,4870,4871,4872,4873,4874,4875,4877,4878,4879,4880,4881,4882,4883,4884,4876,4886,4887,4888,4885],"class_list":{"0":"post-13798","1":"product","2":"type-product","3":"status-publish","4":"has-post-thumbnail","6":"product_cat-embrayages","7":"product_cat-vannes-bpv","8":"product_cat-verins","9":"product_tag-4867","10":"product_tag-4868","11":"product_tag-4869","12":"product_tag-4870","13":"product_tag-4871","14":"product_tag-4872","15":"product_tag-4873","16":"product_tag-4874","17":"product_tag-4875","18":"product_tag-4877","19":"product_tag-4878","20":"product_tag-4879","21":"product_tag-4880","22":"product_tag-4881","23":"product_tag-4882","24":"product_tag-4883","25":"product_tag-4884","26":"product_tag-4876","27":"product_tag-actionneur","28":"product_tag-embrayages-eca-scania-a-deux-fiches","29":"product_tag-verin-dembrayage-eca-scania-10572941","30":"product_tag-wysprzeglik","32":"first","33":"instock","34":"featured","35":"taxable","36":"shipping-taxable","37":"product-type-simple"},"_links":{"self":[{"href":"https:\/\/zaciski-regtruck.pl\/fr\/wp-json\/wp\/v2\/product\/13798","targetHints":{"allow":["GET"]}}],"collection":[{"href":"https:\/\/zaciski-regtruck.pl\/fr\/wp-json\/wp\/v2\/product"}],"about":[{"href":"https:\/\/zaciski-regtruck.pl\/fr\/wp-json\/wp\/v2\/types\/product"}],"version-history":[{"count":1,"href":"https:\/\/zaciski-regtruck.pl\/fr\/wp-json\/wp\/v2\/product\/13798\/revisions"}],"predecessor-version":[{"id":13802,"href":"https:\/\/zaciski-regtruck.pl\/fr\/wp-json\/wp\/v2\/product\/13798\/revisions\/13802"}],"wp:featuredmedia":[{"embeddable":true,"href":"https:\/\/zaciski-regtruck.pl\/fr\/wp-json\/wp\/v2\/media\/13799"}],"wp:attachment":[{"href":"https:\/\/zaciski-regtruck.pl\/fr\/wp-json\/wp\/v2\/media?parent=13798"}],"wp:term":[{"taxonomy":"product_brand","embeddable":true,"href":"https:\/\/zaciski-regtruck.pl\/fr\/wp-json\/wp\/v2\/product_brand?post=13798"},{"taxonomy":"product_cat","embeddable":true,"href":"https:\/\/zaciski-regtruck.pl\/fr\/wp-json\/wp\/v2\/product_cat?post=13798"},{"taxonomy":"product_tag","embeddable":true,"href":"https:\/\/zaciski-regtruck.pl\/fr\/wp-json\/wp\/v2\/product_tag?post=13798"}],"curies":[{"name":"wp","href":"https:\/\/api.w.org\/{rel}","templated":true}]}}