{"id":13805,"date":"2025-12-05T08:32:04","date_gmt":"2025-12-05T07:32:04","guid":{"rendered":"https:\/\/zaciski-regtruck.pl\/produkt\/soupape-de-commande-vtg-daf-holset-he200vg-1710831\/"},"modified":"2026-02-02T07:11:36","modified_gmt":"2026-02-02T06:11:36","slug":"soupape-de-commande-vtg-daf-holset-he200vg-1710831","status":"publish","type":"product","link":"https:\/\/zaciski-regtruck.pl\/fr\/produkt\/soupape-de-commande-vtg-daf-holset-he200vg-1710831\/","title":{"rendered":"Soupape de commande VTG DAF HOLSET HE200VG, 1710831"},"content":{"rendered":"\t\t<div data-elementor-type=\"product-post\" data-elementor-id=\"13805\" class=\"elementor elementor-13805 elementor-13271\" data-elementor-post-type=\"product\">\n\t\t\t\t\t\t<section data-particle_enable=\"false\" data-particle-mobile-disabled=\"false\" class=\"elementor-section elementor-top-section elementor-element elementor-element-35c913d9 elementor-section-boxed elementor-section-height-default elementor-section-height-default\" data-id=\"35c913d9\" data-element_type=\"section\" data-e-type=\"section\">\n\t\t\t\t\t\t<div class=\"elementor-container elementor-column-gap-default\">\n\t\t\t\t\t<div class=\"elementor-column elementor-col-100 elementor-top-column elementor-element elementor-element-7db474d\" data-id=\"7db474d\" data-element_type=\"column\" data-e-type=\"column\">\n\t\t\t<div class=\"elementor-widget-wrap elementor-element-populated\">\n\t\t\t\t\t\t<div class=\"elementor-element elementor-element-7d3ee497 elementor-widget__width-initial elementor-widget elementor-widget-text-editor\" data-id=\"7d3ee497\" data-element_type=\"widget\" data-e-type=\"widget\" data-widget_type=\"text-editor.default\">\n\t\t\t\t<div class=\"elementor-widget-container\">\n\t\t\t\t\t\t\t\t\t<h1 class=\"product_title entry-title elementor-heading-title elementor-size-default\">Soupape de commande VTG DAF HOLSET HE200VG, 1710831<\/h1><h2> <\/h2><h2>Nous vous proposons un r\u00e9gulateur de soupape VTG de la plus haute qualit\u00e9 apr\u00e8s r\u00e9g\u00e9n\u00e9ration.<\/h2><h3><span style=\"color: #000000;\">Nous garantissons \u00e0 nos clients une satisfaction \u00e0 100 %.<\/span><\/h3>\t\t\t\t\t\t\t\t<\/div>\n\t\t\t\t<\/div>\n\t\t\t\t\t<\/div>\n\t\t<\/div>\n\t\t\t\t\t<\/div>\n\t\t<\/section>\n\t\t\t\t<\/div>\n\t\t","protected":false},"excerpt":{"rendered":"<h3>Nous proposons \u00e0 la vente<br \/>\nSoupape de commande VTG DAF HOLSET HE200VG, 1720724, 1710831<\/h3>\n","protected":false},"featured_media":13806,"template":"","meta":[],"product_brand":[],"product_cat":[4891,4890],"product_tag":[4896,4899,4905,4904,4903,4902,4901,4900,4894,4897,4893,4892,4778,4895,4898],"class_list":{"0":"post-13805","1":"product","2":"type-product","3":"status-publish","4":"has-post-thumbnail","6":"product_cat-daf-2","7":"product_cat-vannes-vtg","8":"product_tag-4896","9":"product_tag-4899","10":"product_tag-1720724rn","11":"product_tag-4904","12":"product_tag-4903","13":"product_tag-4902","14":"product_tag-4901","15":"product_tag-4900","16":"product_tag-commande-de-soupape-de-turbine-vtg","17":"product_tag-he200vg","18":"product_tag-regeneration-des-controleurs-vtg","19":"product_tag-regeneration-vtg","20":"product_tag-soupape","21":"product_tag-soupape-de-commande-vtg-daf-holset-he200vg","22":"product_tag-vtg-daf-holset-he200vg","24":"first","25":"instock","26":"featured","27":"taxable","28":"shipping-taxable","29":"product-type-simple"},"_links":{"self":[{"href":"https:\/\/zaciski-regtruck.pl\/fr\/wp-json\/wp\/v2\/product\/13805","targetHints":{"allow":["GET"]}}],"collection":[{"href":"https:\/\/zaciski-regtruck.pl\/fr\/wp-json\/wp\/v2\/product"}],"about":[{"href":"https:\/\/zaciski-regtruck.pl\/fr\/wp-json\/wp\/v2\/types\/product"}],"version-history":[{"count":1,"href":"https:\/\/zaciski-regtruck.pl\/fr\/wp-json\/wp\/v2\/product\/13805\/revisions"}],"predecessor-version":[{"id":13809,"href":"https:\/\/zaciski-regtruck.pl\/fr\/wp-json\/wp\/v2\/product\/13805\/revisions\/13809"}],"wp:featuredmedia":[{"embeddable":true,"href":"https:\/\/zaciski-regtruck.pl\/fr\/wp-json\/wp\/v2\/media\/13806"}],"wp:attachment":[{"href":"https:\/\/zaciski-regtruck.pl\/fr\/wp-json\/wp\/v2\/media?parent=13805"}],"wp:term":[{"taxonomy":"product_brand","embeddable":true,"href":"https:\/\/zaciski-regtruck.pl\/fr\/wp-json\/wp\/v2\/product_brand?post=13805"},{"taxonomy":"product_cat","embeddable":true,"href":"https:\/\/zaciski-regtruck.pl\/fr\/wp-json\/wp\/v2\/product_cat?post=13805"},{"taxonomy":"product_tag","embeddable":true,"href":"https:\/\/zaciski-regtruck.pl\/fr\/wp-json\/wp\/v2\/product_tag?post=13805"}],"curies":[{"name":"wp","href":"https:\/\/api.w.org\/{rel}","templated":true}]}}