{"id":13811,"date":"2025-12-18T10:45:06","date_gmt":"2025-12-18T09:45:06","guid":{"rendered":"https:\/\/zaciski-regtruck.pl\/produkt\/boite-de-direction-man-neoplan-zf-bosch-8098955487-ks00001161\/"},"modified":"2026-02-02T07:13:29","modified_gmt":"2026-02-02T06:13:29","slug":"boite-de-direction-man-neoplan-zf-bosch-8098955487-ks00001161","status":"publish","type":"product","link":"https:\/\/zaciski-regtruck.pl\/fr\/produkt\/boite-de-direction-man-neoplan-zf-bosch-8098955487-ks00001161\/","title":{"rendered":"Bo\u00eete de direction MAN NEOPLAN ZF BOSCH 8098955487, KS00001161"},"content":{"rendered":"\t\t<div data-elementor-type=\"product-post\" data-elementor-id=\"13811\" class=\"elementor elementor-13811 elementor-13312\" data-elementor-post-type=\"product\">\n\t\t\t\t\t\t<section data-particle_enable=\"false\" data-particle-mobile-disabled=\"false\" class=\"elementor-section elementor-top-section elementor-element elementor-element-35c913d9 elementor-section-boxed elementor-section-height-default elementor-section-height-default\" data-id=\"35c913d9\" data-element_type=\"section\" data-e-type=\"section\">\n\t\t\t\t\t\t<div class=\"elementor-container elementor-column-gap-default\">\n\t\t\t\t\t<div class=\"elementor-column elementor-col-100 elementor-top-column elementor-element elementor-element-7db474d\" data-id=\"7db474d\" data-element_type=\"column\" data-e-type=\"column\">\n\t\t\t<div class=\"elementor-widget-wrap elementor-element-populated\">\n\t\t\t\t\t\t<div class=\"elementor-element elementor-element-7d3ee497 elementor-widget__width-initial elementor-widget elementor-widget-text-editor\" data-id=\"7d3ee497\" data-element_type=\"widget\" data-e-type=\"widget\" data-widget_type=\"text-editor.default\">\n\t\t\t\t<div class=\"elementor-widget-container\">\n\t\t\t\t\t\t\t\t\t<h2>Bo\u00eete de direction MAN NEOPLAN ZF BOSCH 8098955487, KS00001161<\/h2><h3><span style=\"color: #000000;\">Nous vous proposons une<\/span><\/h3><h3>Bo\u00eetes de vitesses pour MAN, NEOPLAN, ZF, BOSCH<\/h3><h3><span style=\"color: #000000;\">de la plus haute qualit\u00e9. <\/span><\/h3><h3><span style=\"color: #000000;\">Nous garantissons \u00e0 nos clients une satisfaction \u00e0 100 %.<\/span><\/h3>\t\t\t\t\t\t\t\t<\/div>\n\t\t\t\t<\/div>\n\t\t\t\t\t<\/div>\n\t\t<\/div>\n\t\t\t\t\t<\/div>\n\t\t<\/section>\n\t\t\t\t<\/div>\n\t\t","protected":false},"excerpt":{"rendered":"<h3>Nous proposons \u00e0 la vente une bo\u00eete de vitesses MAN NEOPLAN ZF\/BOSCH apr\u00e8s r\u00e9g\u00e9n\u00e9ration.<\/h3>\n","protected":false},"featured_media":13812,"template":"","meta":[],"product_brand":[],"product_cat":[4848,4623],"product_tag":[4912,4913,4910,4625,4909,4907,4908,4911],"class_list":{"0":"post-13811","1":"product","2":"type-product","3":"status-publish","4":"has-post-thumbnail","6":"product_cat-man","7":"product_cat-transmissions-de-direction","8":"product_tag-4912","9":"product_tag-4913","10":"product_tag-4910","11":"product_tag-boite-de-direction","12":"product_tag-boite-de-direction-man","13":"product_tag-boite-de-direction-man-neoplan-zf-bosch-8098955487","14":"product_tag-ks00001161","15":"product_tag-ks01001128","17":"first","18":"instock","19":"featured","20":"taxable","21":"shipping-taxable","22":"product-type-simple"},"_links":{"self":[{"href":"https:\/\/zaciski-regtruck.pl\/fr\/wp-json\/wp\/v2\/product\/13811","targetHints":{"allow":["GET"]}}],"collection":[{"href":"https:\/\/zaciski-regtruck.pl\/fr\/wp-json\/wp\/v2\/product"}],"about":[{"href":"https:\/\/zaciski-regtruck.pl\/fr\/wp-json\/wp\/v2\/types\/product"}],"version-history":[{"count":1,"href":"https:\/\/zaciski-regtruck.pl\/fr\/wp-json\/wp\/v2\/product\/13811\/revisions"}],"predecessor-version":[{"id":13815,"href":"https:\/\/zaciski-regtruck.pl\/fr\/wp-json\/wp\/v2\/product\/13811\/revisions\/13815"}],"wp:featuredmedia":[{"embeddable":true,"href":"https:\/\/zaciski-regtruck.pl\/fr\/wp-json\/wp\/v2\/media\/13812"}],"wp:attachment":[{"href":"https:\/\/zaciski-regtruck.pl\/fr\/wp-json\/wp\/v2\/media?parent=13811"}],"wp:term":[{"taxonomy":"product_brand","embeddable":true,"href":"https:\/\/zaciski-regtruck.pl\/fr\/wp-json\/wp\/v2\/product_brand?post=13811"},{"taxonomy":"product_cat","embeddable":true,"href":"https:\/\/zaciski-regtruck.pl\/fr\/wp-json\/wp\/v2\/product_cat?post=13811"},{"taxonomy":"product_tag","embeddable":true,"href":"https:\/\/zaciski-regtruck.pl\/fr\/wp-json\/wp\/v2\/product_tag?post=13811"}],"curies":[{"name":"wp","href":"https:\/\/api.w.org\/{rel}","templated":true}]}}