{"id":13821,"date":"2025-12-18T13:52:34","date_gmt":"2025-12-18T12:52:34","guid":{"rendered":"https:\/\/zaciski-regtruck.pl\/produkt\/boite-de-vitesses-man-tga-tgs-8098955591-8099955432\/"},"modified":"2026-02-02T07:19:43","modified_gmt":"2026-02-02T06:19:43","slug":"boite-de-vitesses-man-tga-tgs-8098955591-8099955432","status":"publish","type":"product","link":"https:\/\/zaciski-regtruck.pl\/fr\/produkt\/boite-de-vitesses-man-tga-tgs-8098955591-8099955432\/","title":{"rendered":"Bo\u00eete de vitesses MAN TGA TGS 8098955591, 8099955432"},"content":{"rendered":"\t\t<div data-elementor-type=\"product-post\" data-elementor-id=\"13821\" class=\"elementor elementor-13821 elementor-13338\" data-elementor-post-type=\"product\">\n\t\t\t\t\t\t<section data-particle_enable=\"false\" data-particle-mobile-disabled=\"false\" class=\"elementor-section elementor-top-section elementor-element elementor-element-35c913d9 elementor-section-boxed elementor-section-height-default elementor-section-height-default\" data-id=\"35c913d9\" data-element_type=\"section\" data-e-type=\"section\">\n\t\t\t\t\t\t<div class=\"elementor-container elementor-column-gap-default\">\n\t\t\t\t\t<div class=\"elementor-column elementor-col-100 elementor-top-column elementor-element elementor-element-7db474d\" data-id=\"7db474d\" data-element_type=\"column\" data-e-type=\"column\">\n\t\t\t<div class=\"elementor-widget-wrap elementor-element-populated\">\n\t\t\t\t\t\t<div class=\"elementor-element elementor-element-7d3ee497 elementor-widget__width-initial elementor-widget elementor-widget-text-editor\" data-id=\"7d3ee497\" data-element_type=\"widget\" data-e-type=\"widget\" data-widget_type=\"text-editor.default\">\n\t\t\t\t<div class=\"elementor-widget-container\">\n\t\t\t\t\t\t\t\t\t<h2>Bo\u00eete de vitesses MAN TGA TGS 8098955591,8099955432<\/h2><h3><span style=\"color: #000000;\">Nous vous proposons une<\/span><\/h3><h3>Bo\u00eetes de vitesses pour MAN TGA, TGS<\/h3><h3><span style=\"color: #000000;\">de la plus haute qualit\u00e9. <\/span><\/h3><h3><span style=\"color: #000000;\">Nous garantissons \u00e0 nos clients une satisfaction \u00e0 100 %.<\/span><\/h3>\t\t\t\t\t\t\t\t<\/div>\n\t\t\t\t<\/div>\n\t\t\t\t\t<\/div>\n\t\t<\/div>\n\t\t\t\t\t<\/div>\n\t\t<\/section>\n\t\t\t\t<\/div>\n\t\t","protected":false},"excerpt":{"rendered":"<h3>Nous proposons \u00e0 la vente une bo\u00eete de vitesses MAN TGA TGS apr\u00e8s r\u00e9g\u00e9n\u00e9ration.<\/h3>\n","protected":false},"featured_media":13822,"template":"","meta":[],"product_brand":[],"product_cat":[4848,4623],"product_tag":[4931,4930,4932,4933,4934,4935,4909,4929,4936,4937,4938,4927,4928],"class_list":{"0":"post-13821","1":"product","2":"type-product","3":"status-publish","4":"has-post-thumbnail","6":"product_cat-man","7":"product_cat-transmissions-de-direction","8":"product_tag-4931","9":"product_tag-4930","10":"product_tag-4932","11":"product_tag-4933","12":"product_tag-4934","13":"product_tag-4935","14":"product_tag-boite-de-direction-man","15":"product_tag-boite-de-vitesses-man-tga-tgs-8098955591","16":"product_tag-ks00001185","17":"product_tag-ks01001152","18":"product_tag-pk8098955591r","19":"product_tag-tga","20":"product_tag-tgs","22":"first","23":"instock","24":"featured","25":"taxable","26":"shipping-taxable","27":"product-type-simple"},"_links":{"self":[{"href":"https:\/\/zaciski-regtruck.pl\/fr\/wp-json\/wp\/v2\/product\/13821","targetHints":{"allow":["GET"]}}],"collection":[{"href":"https:\/\/zaciski-regtruck.pl\/fr\/wp-json\/wp\/v2\/product"}],"about":[{"href":"https:\/\/zaciski-regtruck.pl\/fr\/wp-json\/wp\/v2\/types\/product"}],"version-history":[{"count":1,"href":"https:\/\/zaciski-regtruck.pl\/fr\/wp-json\/wp\/v2\/product\/13821\/revisions"}],"predecessor-version":[{"id":13825,"href":"https:\/\/zaciski-regtruck.pl\/fr\/wp-json\/wp\/v2\/product\/13821\/revisions\/13825"}],"wp:featuredmedia":[{"embeddable":true,"href":"https:\/\/zaciski-regtruck.pl\/fr\/wp-json\/wp\/v2\/media\/13822"}],"wp:attachment":[{"href":"https:\/\/zaciski-regtruck.pl\/fr\/wp-json\/wp\/v2\/media?parent=13821"}],"wp:term":[{"taxonomy":"product_brand","embeddable":true,"href":"https:\/\/zaciski-regtruck.pl\/fr\/wp-json\/wp\/v2\/product_brand?post=13821"},{"taxonomy":"product_cat","embeddable":true,"href":"https:\/\/zaciski-regtruck.pl\/fr\/wp-json\/wp\/v2\/product_cat?post=13821"},{"taxonomy":"product_tag","embeddable":true,"href":"https:\/\/zaciski-regtruck.pl\/fr\/wp-json\/wp\/v2\/product_tag?post=13821"}],"curies":[{"name":"wp","href":"https:\/\/api.w.org\/{rel}","templated":true}]}}