{"id":13835,"date":"2025-05-29T10:08:06","date_gmt":"2025-05-29T08:08:06","guid":{"rendered":"https:\/\/zaciski-regtruck.pl\/produkt\/pompe-a-liquide-de-refroidissement-daf-euro-6-mx11-2184198-2137201\/"},"modified":"2026-02-02T14:04:01","modified_gmt":"2026-02-02T13:04:01","slug":"pompe-a-liquide-de-refroidissement-daf-euro-6-mx11-2184198-2137201","status":"publish","type":"product","link":"https:\/\/zaciski-regtruck.pl\/fr\/produkt\/pompe-a-liquide-de-refroidissement-daf-euro-6-mx11-2184198-2137201\/","title":{"rendered":"Pompe \u00e0 liquide de refroidissement DAF Euro 6 MX11 2184198, 2137201"},"content":{"rendered":"\t\t<div data-elementor-type=\"product-post\" data-elementor-id=\"13835\" class=\"elementor elementor-13835 elementor-12245\" data-elementor-post-type=\"product\">\n\t\t\t\t\t\t<section data-particle_enable=\"false\" data-particle-mobile-disabled=\"false\" class=\"elementor-section elementor-top-section elementor-element elementor-element-35c913d9 elementor-section-boxed elementor-section-height-default elementor-section-height-default\" data-id=\"35c913d9\" data-element_type=\"section\" data-e-type=\"section\">\n\t\t\t\t\t\t<div class=\"elementor-container elementor-column-gap-default\">\n\t\t\t\t\t<div class=\"elementor-column elementor-col-100 elementor-top-column elementor-element elementor-element-7db474d\" data-id=\"7db474d\" data-element_type=\"column\" data-e-type=\"column\">\n\t\t\t<div class=\"elementor-widget-wrap elementor-element-populated\">\n\t\t\t\t\t\t<div class=\"elementor-element elementor-element-7d3ee497 elementor-widget__width-initial elementor-widget elementor-widget-text-editor\" data-id=\"7d3ee497\" data-element_type=\"widget\" data-e-type=\"widget\" data-widget_type=\"text-editor.default\">\n\t\t\t\t<div class=\"elementor-widget-container\">\n\t\t\t\t\t\t\t\t\t<h2>Pompe \u00e0 liquide de refroidissement DAF Euro 6 MX11&nbsp;<\/h2>\n<hr>\n<h3><span style=\"color: #000000;\">Nous vous proposons un produit reconditionn\u00e9<\/span><\/h3>\n<h2>Pompe \u00e0 liquide de refroidissement DAF Euro 6 MX11 2184198, 2137201&lt; 0 &gt;de la plus haute qualit\u00e9.&lt; 0 &gt;<br><span style=\"color: #000000;\"><\/span><\/h2>\n<h3><span style=\"color: #000000;\">Nous garantissons \u00e0 nos clients une satisfaction \u00e0 100 %.<\/span><\/h3>\t\t\t\t\t\t\t\t<\/div>\n\t\t\t\t<\/div>\n\t\t\t\t\t<\/div>\n\t\t<\/div>\n\t\t\t\t\t<\/div>\n\t\t<\/section>\n\t\t\t\t<\/div>\n\t\t","protected":false},"excerpt":{"rendered":"<h3>Nous proposons \u00e0 la vente une pompe \u00e0 liquide de refroidissement DAF Euro 6 MX11 apr\u00e8s r\u00e9g\u00e9n\u00e9ration.<\/h3>\n","protected":false},"featured_media":13836,"template":"","meta":[],"product_brand":[],"product_cat":[4758,4759],"product_tag":[4967,4965,4964,4968,4966,4969],"class_list":{"0":"post-13835","1":"product","2":"type-product","3":"status-publish","4":"has-post-thumbnail","6":"product_cat-pieces-du-moteur","7":"product_cat-pompes-a-liquide-de-refroidissement","8":"product_tag-4967","9":"product_tag-4965","10":"product_tag-4964","11":"product_tag-pompe-a-liquide-de-refroidissement-daf-euro-6-mx11","12":"product_tag-pompe-a-liquide-de-refroidissement-daf-euro-6-mx11-2184198","13":"product_tag-rt2184198r","15":"first","16":"instock","17":"featured","18":"taxable","19":"shipping-taxable","20":"product-type-simple"},"_links":{"self":[{"href":"https:\/\/zaciski-regtruck.pl\/fr\/wp-json\/wp\/v2\/product\/13835","targetHints":{"allow":["GET"]}}],"collection":[{"href":"https:\/\/zaciski-regtruck.pl\/fr\/wp-json\/wp\/v2\/product"}],"about":[{"href":"https:\/\/zaciski-regtruck.pl\/fr\/wp-json\/wp\/v2\/types\/product"}],"version-history":[{"count":1,"href":"https:\/\/zaciski-regtruck.pl\/fr\/wp-json\/wp\/v2\/product\/13835\/revisions"}],"predecessor-version":[{"id":13839,"href":"https:\/\/zaciski-regtruck.pl\/fr\/wp-json\/wp\/v2\/product\/13835\/revisions\/13839"}],"wp:featuredmedia":[{"embeddable":true,"href":"https:\/\/zaciski-regtruck.pl\/fr\/wp-json\/wp\/v2\/media\/13836"}],"wp:attachment":[{"href":"https:\/\/zaciski-regtruck.pl\/fr\/wp-json\/wp\/v2\/media?parent=13835"}],"wp:term":[{"taxonomy":"product_brand","embeddable":true,"href":"https:\/\/zaciski-regtruck.pl\/fr\/wp-json\/wp\/v2\/product_brand?post=13835"},{"taxonomy":"product_cat","embeddable":true,"href":"https:\/\/zaciski-regtruck.pl\/fr\/wp-json\/wp\/v2\/product_cat?post=13835"},{"taxonomy":"product_tag","embeddable":true,"href":"https:\/\/zaciski-regtruck.pl\/fr\/wp-json\/wp\/v2\/product_tag?post=13835"}],"curies":[{"name":"wp","href":"https:\/\/api.w.org\/{rel}","templated":true}]}}