{"id":13840,"date":"2025-05-29T13:32:54","date_gmt":"2025-05-29T11:32:54","guid":{"rendered":"https:\/\/zaciski-regtruck.pl\/produkt\/pompe-de-direction-assistee-mb-mercedes-actros-0004601580-0004601580\/"},"modified":"2026-02-02T14:05:40","modified_gmt":"2026-02-02T13:05:40","slug":"pompe-de-direction-assistee-mb-mercedes-actros-0004601580-0004601580","status":"publish","type":"product","link":"https:\/\/zaciski-regtruck.pl\/fr\/produkt\/pompe-de-direction-assistee-mb-mercedes-actros-0004601580-0004601580\/","title":{"rendered":"POMPE DE DIRECTION ASSIST\u00c9E MB MERCEDES ACTROS 0004601580, 0004601580"},"content":{"rendered":"\t\t<div data-elementor-type=\"product-post\" data-elementor-id=\"13840\" class=\"elementor elementor-13840 elementor-12258\" data-elementor-post-type=\"product\">\n\t\t\t\t\t\t<section data-particle_enable=\"false\" data-particle-mobile-disabled=\"false\" class=\"elementor-section elementor-top-section elementor-element elementor-element-35c913d9 elementor-section-boxed elementor-section-height-default elementor-section-height-default\" data-id=\"35c913d9\" data-element_type=\"section\" data-e-type=\"section\">\n\t\t\t\t\t\t<div class=\"elementor-container elementor-column-gap-default\">\n\t\t\t\t\t<div class=\"elementor-column elementor-col-100 elementor-top-column elementor-element elementor-element-7db474d\" data-id=\"7db474d\" data-element_type=\"column\" data-e-type=\"column\">\n\t\t\t<div class=\"elementor-widget-wrap elementor-element-populated\">\n\t\t\t\t\t\t<div class=\"elementor-element elementor-element-7d3ee497 elementor-widget__width-initial elementor-widget elementor-widget-text-editor\" data-id=\"7d3ee497\" data-element_type=\"widget\" data-e-type=\"widget\" data-widget_type=\"text-editor.default\">\n\t\t\t\t<div class=\"elementor-widget-container\">\n\t\t\t\t\t\t\t\t\t<h2>POMPE DE DIRECTION ASSIST\u00c9E MB MERCEDES ACTROS <\/h2><hr><h3><span style=\"color: #000000;\">Nous vous proposons un produit reconditionn\u00e9<\/span><\/h3><h2><span style=\"color: #000000;\">POMPE DE DIRECTION ASSIST\u00c9E MB MERCEDES ACTROS 0004601580, 0004601580 de la plus haute qualit\u00e9. <\/span><\/h2><h3><span style=\"color: #000000;\">Nous garantissons \u00e0 nos clients une satisfaction \u00e0 100 %.<\/span><\/h3>\t\t\t\t\t\t\t\t<\/div>\n\t\t\t\t<\/div>\n\t\t\t\t\t<\/div>\n\t\t<\/div>\n\t\t\t\t\t<\/div>\n\t\t<\/section>\n\t\t\t\t<\/div>\n\t\t","protected":false},"excerpt":{"rendered":"<h3>Nous proposons \u00e0 la vente une POMPE DE DIRECTION ASSIST\u00c9E MB apr\u00e8s r\u00e9g\u00e9n\u00e9ration.<\/h3>\n","protected":false},"featured_media":13841,"template":"","meta":[],"product_brand":[],"product_cat":[4758,4759],"product_tag":[4973,4991,4974,4975,4976,4977,4978,4979,4980,4981,4967,4965,4964,4992,4993,4994,4995,4996,4997,4998,4999,4982,4983,4984,4985,4986,4987,4988,4989,4990,5000,4968,4966,4969,5001],"class_list":{"0":"post-13840","1":"product","2":"type-product","3":"status-publish","4":"has-post-thumbnail","6":"product_cat-pieces-du-moteur","7":"product_cat-pompes-a-liquide-de-refroidissement","8":"product_tag-4973","9":"product_tag-0004601580-mb","10":"product_tag-4974","11":"product_tag-4975","12":"product_tag-4976","13":"product_tag-4977","14":"product_tag-4978","15":"product_tag-4979","16":"product_tag-4980","17":"product_tag-4981","18":"product_tag-4967","19":"product_tag-4965","20":"product_tag-4964","21":"product_tag-2836-801","22":"product_tag-50-010000-0142","23":"product_tag-542-0031-10","24":"product_tag-4995","25":"product_tag-7673955719-zf","26":"product_tag-4997","27":"product_tag-4998","28":"product_tag-9074203110-77euro","29":"product_tag-a0004601580","30":"product_tag-a0004602258","31":"product_tag-a0004602580","32":"product_tag-a0004602980","33":"product_tag-a0004606780","34":"product_tag-a0014605980","35":"product_tag-a0014664401","36":"product_tag-a0014664501","37":"product_tag-a0024607580","38":"product_tag-jpr345-trw","39":"product_tag-pompe-a-liquide-de-refroidissement-daf-euro-6-mx11","40":"product_tag-pompe-a-liquide-de-refroidissement-daf-euro-6-mx11-2184198","41":"product_tag-rt2184198r","42":"product_tag-tt21-01-024","44":"first","45":"instock","46":"featured","47":"taxable","48":"shipping-taxable","49":"product-type-simple"},"_links":{"self":[{"href":"https:\/\/zaciski-regtruck.pl\/fr\/wp-json\/wp\/v2\/product\/13840","targetHints":{"allow":["GET"]}}],"collection":[{"href":"https:\/\/zaciski-regtruck.pl\/fr\/wp-json\/wp\/v2\/product"}],"about":[{"href":"https:\/\/zaciski-regtruck.pl\/fr\/wp-json\/wp\/v2\/types\/product"}],"version-history":[{"count":1,"href":"https:\/\/zaciski-regtruck.pl\/fr\/wp-json\/wp\/v2\/product\/13840\/revisions"}],"predecessor-version":[{"id":13844,"href":"https:\/\/zaciski-regtruck.pl\/fr\/wp-json\/wp\/v2\/product\/13840\/revisions\/13844"}],"wp:featuredmedia":[{"embeddable":true,"href":"https:\/\/zaciski-regtruck.pl\/fr\/wp-json\/wp\/v2\/media\/13841"}],"wp:attachment":[{"href":"https:\/\/zaciski-regtruck.pl\/fr\/wp-json\/wp\/v2\/media?parent=13840"}],"wp:term":[{"taxonomy":"product_brand","embeddable":true,"href":"https:\/\/zaciski-regtruck.pl\/fr\/wp-json\/wp\/v2\/product_brand?post=13840"},{"taxonomy":"product_cat","embeddable":true,"href":"https:\/\/zaciski-regtruck.pl\/fr\/wp-json\/wp\/v2\/product_cat?post=13840"},{"taxonomy":"product_tag","embeddable":true,"href":"https:\/\/zaciski-regtruck.pl\/fr\/wp-json\/wp\/v2\/product_tag?post=13840"}],"curies":[{"name":"wp","href":"https:\/\/api.w.org\/{rel}","templated":true}]}}