{"id":2821,"date":"2023-02-28T18:57:53","date_gmt":"2023-02-28T17:57:53","guid":{"rendered":"https:\/\/zaciski-regtruck.pl\/produkt\/v-neck-t-shirt-2\/"},"modified":"2023-03-22T21:14:39","modified_gmt":"2023-03-22T20:14:39","slug":"zacisk-hamulcowy-rt-700l-volvo-elsa-225-numer-lrg728","status":"publish","type":"product","link":"https:\/\/zaciski-regtruck.pl\/fr\/produkt\/zacisk-hamulcowy-rt-700l-volvo-elsa-225-numer-lrg728\/","title":{"rendered":"Zacisk hamulcowy RT 700L VOLVO ELSA 225 Numer LRG728"},"content":{"rendered":"\t\t<div data-elementor-type=\"product-post\" data-elementor-id=\"2821\" class=\"elementor elementor-2821\" data-elementor-post-type=\"product\">\n\t\t\t\t\t\t<section data-particle_enable=\"false\" data-particle-mobile-disabled=\"false\" class=\"elementor-section elementor-top-section elementor-element elementor-element-35c913d9 elementor-section-boxed elementor-section-height-default elementor-section-height-default\" data-id=\"35c913d9\" data-element_type=\"section\" data-e-type=\"section\">\n\t\t\t\t\t\t<div class=\"elementor-container elementor-column-gap-default\">\n\t\t\t\t\t<div class=\"elementor-column elementor-col-100 elementor-top-column elementor-element elementor-element-7db474d\" data-id=\"7db474d\" data-element_type=\"column\" data-e-type=\"column\">\n\t\t\t<div class=\"elementor-widget-wrap elementor-element-populated\">\n\t\t\t\t\t\t<div class=\"elementor-element elementor-element-7d3ee497 elementor-widget elementor-widget-text-editor\" data-id=\"7d3ee497\" data-element_type=\"widget\" data-e-type=\"widget\" data-widget_type=\"text-editor.default\">\n\t\t\t\t<div class=\"elementor-widget-container\">\n\t\t\t\t\t\t\t\t\t<h2><strong>Zacisk hamulcowy RT 700L VOLVO ELSA 225 Numer LRG728<\/strong><\/h2><hr \/><h3><span style=\"color: #000000;\">Oferujemy Pa\u0144stwu zacisk hamulcowy najwy\u017cszej jako\u015bci.\u00a0<\/span><\/h3><h3><span style=\"color: #000000;\">Naszym klientom gwarantujemy 100% satysfakcji<\/span><\/h3><div class=\"mpof_ki myre_zn myre_8v_l _0d3bd_SI-b1\"><div class=\"mp4t_16_s mryx_16_s mr3m_1 mli2_1 mh85_56 mh85_0_l\"><div class=\"mgn2_16 _0d3bd_r3bCg\"><ul><li><span style=\"color: #000000;\">\u0141o\u017cysko poprzeczne zamkni\u0119ty<\/span><\/li><li><span style=\"color: #000000;\">Nadaj\u0105cy si\u0119 do EBS tak<\/span><\/li><li><span style=\"color: #000000;\">Wersja hamulc\u00f3w hamulce tarczowe osiowe<\/span><\/li><li><span style=\"color: #000000;\">Wska\u017anik zu\u017cycia indukcyjny tak<\/span><\/li><li><span style=\"color: #000000;\">Uk\u0142ad hamulcowy pneumatyczny<\/span><\/li><li><span style=\"color: #000000;\">Mechanizm cofania adapter wymienny tak<\/span><\/li><li><span style=\"color: #000000;\">Zestaw naprawczy do \u0142o\u017cyskowania tak<\/span><\/li><li><span style=\"color: #000000;\">Ok\u0142adzina nie<\/span><\/li><li><span style=\"color: #000000;\">Strona prawa<\/span><\/li><\/ul><\/div><\/div><\/div>\t\t\t\t\t\t\t\t<\/div>\n\t\t\t\t<\/div>\n\t\t\t\t\t<\/div>\n\t\t<\/div>\n\t\t\t\t\t<\/div>\n\t\t<\/section>\n\t\t\t\t<\/div>\n\t\t","protected":false},"excerpt":{"rendered":"<h3>W ofercie sprzeda\u017cy posiadamy zacisk hamulcowy VOLVO ELSA 225 lewy po regeneracji.<\/h3>\n","protected":false},"featured_media":3320,"template":"","meta":[],"product_brand":[],"product_cat":[146],"product_tag":[204,203,205],"class_list":{"0":"post-2821","1":"product","2":"type-product","3":"status-publish","4":"has-post-thumbnail","6":"product_cat-meritor-volvo","7":"product_tag-rt-700l","8":"product_tag-volvo-elsa-225","9":"product_tag-zacisk-hamulcowy","11":"first","12":"instock","13":"featured","14":"taxable","15":"shipping-taxable","16":"purchasable","17":"product-type-variable"},"_links":{"self":[{"href":"https:\/\/zaciski-regtruck.pl\/fr\/wp-json\/wp\/v2\/product\/2821","targetHints":{"allow":["GET"]}}],"collection":[{"href":"https:\/\/zaciski-regtruck.pl\/fr\/wp-json\/wp\/v2\/product"}],"about":[{"href":"https:\/\/zaciski-regtruck.pl\/fr\/wp-json\/wp\/v2\/types\/product"}],"version-history":[{"count":28,"href":"https:\/\/zaciski-regtruck.pl\/fr\/wp-json\/wp\/v2\/product\/2821\/revisions"}],"predecessor-version":[{"id":4012,"href":"https:\/\/zaciski-regtruck.pl\/fr\/wp-json\/wp\/v2\/product\/2821\/revisions\/4012"}],"wp:featuredmedia":[{"embeddable":true,"href":"https:\/\/zaciski-regtruck.pl\/fr\/wp-json\/wp\/v2\/media\/3320"}],"wp:attachment":[{"href":"https:\/\/zaciski-regtruck.pl\/fr\/wp-json\/wp\/v2\/media?parent=2821"}],"wp:term":[{"taxonomy":"product_brand","embeddable":true,"href":"https:\/\/zaciski-regtruck.pl\/fr\/wp-json\/wp\/v2\/product_brand?post=2821"},{"taxonomy":"product_cat","embeddable":true,"href":"https:\/\/zaciski-regtruck.pl\/fr\/wp-json\/wp\/v2\/product_cat?post=2821"},{"taxonomy":"product_tag","embeddable":true,"href":"https:\/\/zaciski-regtruck.pl\/fr\/wp-json\/wp\/v2\/product_tag?post=2821"}],"curies":[{"name":"wp","href":"https:\/\/api.w.org\/{rel}","templated":true}]}}