{"id":2865,"date":"2023-03-02T21:44:46","date_gmt":"2023-03-02T20:44:46","guid":{"rendered":"https:\/\/zaciski-regtruck.pl\/?post_type=product&#038;p=2865"},"modified":"2023-03-22T21:13:02","modified_gmt":"2023-03-22T20:13:02","slug":"zacisk-hamulcowy-rt-100l-daf-xf-105-k003805-sn7204","status":"publish","type":"product","link":"https:\/\/zaciski-regtruck.pl\/fr\/produkt\/zacisk-hamulcowy-rt-100l-daf-xf-105-k003805-sn7204\/","title":{"rendered":"Zacisk hamulcowy RT 100L DAF XF K003805 SN7204"},"content":{"rendered":"\t\t<div data-elementor-type=\"product-post\" data-elementor-id=\"2865\" class=\"elementor elementor-2865\" data-elementor-post-type=\"product\">\n\t\t\t\t\t\t<section data-particle_enable=\"false\" data-particle-mobile-disabled=\"false\" class=\"elementor-section elementor-top-section elementor-element elementor-element-5492602 elementor-section-boxed elementor-section-height-default elementor-section-height-default\" data-id=\"5492602\" data-element_type=\"section\" data-e-type=\"section\">\n\t\t\t\t\t\t<div class=\"elementor-container elementor-column-gap-default\">\n\t\t\t\t\t<div class=\"elementor-column elementor-col-100 elementor-top-column elementor-element elementor-element-1768a5f\" data-id=\"1768a5f\" data-element_type=\"column\" data-e-type=\"column\">\n\t\t\t<div class=\"elementor-widget-wrap elementor-element-populated\">\n\t\t\t\t\t\t<div class=\"elementor-element elementor-element-4fe9ee1 elementor-widget elementor-widget-text-editor\" data-id=\"4fe9ee1\" data-element_type=\"widget\" data-e-type=\"widget\" data-widget_type=\"text-editor.default\">\n\t\t\t\t<div class=\"elementor-widget-container\">\n\t\t\t\t\t\t\t\t\t<h1 class=\"product_title entry-title elementor-heading-title elementor-size-default\">Zacisk hamulcowy RT 100L DAF XF K003805 SN7204<\/h1><hr \/><h3><span style=\"color: #000000;\">Oferujemy Pa\u0144stwu zacisk hamulcowy najwy\u017cszej jako\u015bci.\u00a0<\/span><\/h3><h3><span style=\"color: #000000;\">Naszym klientom gwarantujemy 100% satysfakcji<\/span><\/h3><div class=\"mpof_ki myre_zn myre_8v_l _0d3bd_SI-b1\"><div class=\"mp4t_16_s mryx_16_s mr3m_1 mli2_1 mh85_56 mh85_0_l\"><div class=\"mgn2_16 _0d3bd_r3bCg\"><ul><li><span style=\"color: #000000;\">\u0141o\u017cysko poprzeczne zamkni\u0119ty<\/span><\/li><li><span style=\"color: #000000;\">Nadaj\u0105cy si\u0119 do EBS tak<\/span><\/li><li><span style=\"color: #000000;\">Wersja hamulc\u00f3w hamulce tarczowe osiowe<\/span><\/li><li><span style=\"color: #000000;\">Wska\u017anik zu\u017cycia indukcyjny tak<\/span><\/li><li><span style=\"color: #000000;\">Uk\u0142ad hamulcowy pneumatyczny<\/span><\/li><li><span style=\"color: #000000;\">Mechanizm cofania adapter wymienny tak<\/span><\/li><li><span style=\"color: #000000;\">Zestaw naprawczy do \u0142o\u017cyskowania tak<\/span><\/li><li><span style=\"color: #000000;\">Ok\u0142adzina nie<\/span><\/li><li><span style=\"color: #000000;\">Strona lewa<\/span><\/li><\/ul><\/div><\/div><\/div>\t\t\t\t\t\t\t\t<\/div>\n\t\t\t\t<\/div>\n\t\t\t\t\t<\/div>\n\t\t<\/div>\n\t\t\t\t\t<\/div>\n\t\t<\/section>\n\t\t\t\t<\/div>\n\t\t","protected":false},"excerpt":{"rendered":"<h3>W ofercie sprzeda\u017cy posiadamy zacisk hamulcowy DAF 105 lewy po regeneracji.<\/h3>\n","protected":false},"featured_media":3584,"template":"","meta":[],"product_brand":[],"product_cat":[99,100],"product_tag":[30,215,214,200,201,218,219,217,216,213],"class_list":{"0":"post-2865","1":"product","2":"type-product","3":"status-publish","4":"has-post-thumbnail","6":"product_cat-daf","7":"product_cat-knorr-bremse-daf","8":"product_tag-30","9":"product_tag-215","10":"product_tag-214","11":"product_tag-daf-105","12":"product_tag-daf-xf","13":"product_tag-k002445","14":"product_tag-k003807","15":"product_tag-k006431","16":"product_tag-sn7177","17":"product_tag-sn7205rc","19":"first","20":"instock","21":"featured","22":"taxable","23":"shipping-taxable","24":"purchasable","25":"product-type-variable"},"_links":{"self":[{"href":"https:\/\/zaciski-regtruck.pl\/fr\/wp-json\/wp\/v2\/product\/2865","targetHints":{"allow":["GET"]}}],"collection":[{"href":"https:\/\/zaciski-regtruck.pl\/fr\/wp-json\/wp\/v2\/product"}],"about":[{"href":"https:\/\/zaciski-regtruck.pl\/fr\/wp-json\/wp\/v2\/types\/product"}],"version-history":[{"count":23,"href":"https:\/\/zaciski-regtruck.pl\/fr\/wp-json\/wp\/v2\/product\/2865\/revisions"}],"predecessor-version":[{"id":4010,"href":"https:\/\/zaciski-regtruck.pl\/fr\/wp-json\/wp\/v2\/product\/2865\/revisions\/4010"}],"wp:featuredmedia":[{"embeddable":true,"href":"https:\/\/zaciski-regtruck.pl\/fr\/wp-json\/wp\/v2\/media\/3584"}],"wp:attachment":[{"href":"https:\/\/zaciski-regtruck.pl\/fr\/wp-json\/wp\/v2\/media?parent=2865"}],"wp:term":[{"taxonomy":"product_brand","embeddable":true,"href":"https:\/\/zaciski-regtruck.pl\/fr\/wp-json\/wp\/v2\/product_brand?post=2865"},{"taxonomy":"product_cat","embeddable":true,"href":"https:\/\/zaciski-regtruck.pl\/fr\/wp-json\/wp\/v2\/product_cat?post=2865"},{"taxonomy":"product_tag","embeddable":true,"href":"https:\/\/zaciski-regtruck.pl\/fr\/wp-json\/wp\/v2\/product_tag?post=2865"}],"curies":[{"name":"wp","href":"https:\/\/api.w.org\/{rel}","templated":true}]}}