{"id":3824,"date":"2023-03-20T21:48:57","date_gmt":"2023-03-20T20:48:57","guid":{"rendered":"https:\/\/zaciski-regtruck.pl\/?post_type=product&#038;p=3824"},"modified":"2023-03-22T20:59:38","modified_gmt":"2023-03-22T19:59:38","slug":"zacisk-hamulcowy-man-tga-tgx-sn7209","status":"publish","type":"product","link":"https:\/\/zaciski-regtruck.pl\/fr\/produkt\/zacisk-hamulcowy-man-tga-tgx-sn7209\/","title":{"rendered":"Zacisk hamulcowy MAN TGA TGX SN7209"},"content":{"rendered":"\t\t<div data-elementor-type=\"product-post\" data-elementor-id=\"3824\" class=\"elementor elementor-3824\" data-elementor-post-type=\"product\">\n\t\t\t\t\t\t<section data-particle_enable=\"false\" data-particle-mobile-disabled=\"false\" class=\"elementor-section elementor-top-section elementor-element elementor-element-35c913d9 elementor-section-boxed elementor-section-height-default elementor-section-height-default\" data-id=\"35c913d9\" data-element_type=\"section\" data-e-type=\"section\">\n\t\t\t\t\t\t<div class=\"elementor-container elementor-column-gap-default\">\n\t\t\t\t\t<div class=\"elementor-column elementor-col-100 elementor-top-column elementor-element elementor-element-7db474d\" data-id=\"7db474d\" data-element_type=\"column\" data-e-type=\"column\">\n\t\t\t<div class=\"elementor-widget-wrap elementor-element-populated\">\n\t\t\t\t\t\t<div class=\"elementor-element elementor-element-7d3ee497 elementor-widget elementor-widget-text-editor\" data-id=\"7d3ee497\" data-element_type=\"widget\" data-e-type=\"widget\" data-widget_type=\"text-editor.default\">\n\t\t\t\t<div class=\"elementor-widget-container\">\n\t\t\t\t\t\t\t\t\t<h2 class=\"mp0t_ji munh_0 m3h2_0 mp4t_0 mqu1_1j mgmw_wo m9qz_yq mgn2_16 mgn2_17_s mryx_8 _7030e_RlSIi\">Zacisk hamulcowy MAN TGA TGX SN7209<\/h2><hr \/><h3><span style=\"color: #000000;\">Oferujemy Pa\u0144stwu zacisk hamulcowy najwy\u017cszej jako\u015bci.\u00a0<\/span><\/h3><h3><span style=\"color: #000000;\">Naszym klientom gwarantujemy 100% satysfakcji<\/span><\/h3><div><div><div><ul><li><span style=\"color: #000000;\">\u0141o\u017cysko poprzeczne zamkni\u0119ty<\/span><\/li><li><span style=\"color: #000000;\">Nadaj\u0105cy si\u0119 do EBS tak<\/span><\/li><li><span style=\"color: #000000;\">Wersja hamulc\u00f3w hamulce tarczowe osiowe<\/span><\/li><li><span style=\"color: #000000;\">Wska\u017anik zu\u017cycia indukcyjny tak<\/span><\/li><li><span style=\"color: #000000;\">Uk\u0142ad hamulcowy pneumatyczny<\/span><\/li><li><span style=\"color: #000000;\">Mechanizm cofania adapter wymienny tak<\/span><\/li><li><span style=\"color: #000000;\">Zestaw naprawczy do \u0142o\u017cyskowania tak<\/span><\/li><li><span style=\"color: #000000;\">Ok\u0142adzina nie<\/span><\/li><li><span style=\"color: #000000;\">Strona lewy<\/span><\/li><\/ul><\/div><\/div><\/div>\t\t\t\t\t\t\t\t<\/div>\n\t\t\t\t<\/div>\n\t\t\t\t\t<\/div>\n\t\t<\/div>\n\t\t\t\t\t<\/div>\n\t\t<\/section>\n\t\t\t\t<\/div>\n\t\t","protected":false},"excerpt":{"rendered":"<h3>W ofercie sprzeda\u017cy posiadamy zacisk hamulcowy MAN TGA TGX SN7209 po regeneracji.<\/h3>\n","protected":false},"featured_media":3827,"template":"","meta":[],"product_brand":[],"product_cat":[114,113],"product_tag":[238,239,236,235,234,240,205,233],"class_list":{"0":"post-3824","1":"product","2":"type-product","3":"status-publish","4":"has-post-thumbnail","6":"product_cat-knorr-bremse-man","7":"product_cat-man","8":"product_tag-81-50804-6410","9":"product_tag-k003815","10":"product_tag-man-tga","11":"product_tag-man-tga-tgx","12":"product_tag-man-tga-tgx-sn7209","13":"product_tag-sn7209","14":"product_tag-zacisk-hamulcowy","15":"product_tag-zacisk-hamulcowy-man-tga-tgx","17":"first","18":"instock","19":"featured","20":"taxable","21":"shipping-taxable","22":"purchasable","23":"product-type-variable"},"_links":{"self":[{"href":"https:\/\/zaciski-regtruck.pl\/fr\/wp-json\/wp\/v2\/product\/3824","targetHints":{"allow":["GET"]}}],"collection":[{"href":"https:\/\/zaciski-regtruck.pl\/fr\/wp-json\/wp\/v2\/product"}],"about":[{"href":"https:\/\/zaciski-regtruck.pl\/fr\/wp-json\/wp\/v2\/types\/product"}],"version-history":[{"count":11,"href":"https:\/\/zaciski-regtruck.pl\/fr\/wp-json\/wp\/v2\/product\/3824\/revisions"}],"predecessor-version":[{"id":3987,"href":"https:\/\/zaciski-regtruck.pl\/fr\/wp-json\/wp\/v2\/product\/3824\/revisions\/3987"}],"wp:featuredmedia":[{"embeddable":true,"href":"https:\/\/zaciski-regtruck.pl\/fr\/wp-json\/wp\/v2\/media\/3827"}],"wp:attachment":[{"href":"https:\/\/zaciski-regtruck.pl\/fr\/wp-json\/wp\/v2\/media?parent=3824"}],"wp:term":[{"taxonomy":"product_brand","embeddable":true,"href":"https:\/\/zaciski-regtruck.pl\/fr\/wp-json\/wp\/v2\/product_brand?post=3824"},{"taxonomy":"product_cat","embeddable":true,"href":"https:\/\/zaciski-regtruck.pl\/fr\/wp-json\/wp\/v2\/product_cat?post=3824"},{"taxonomy":"product_tag","embeddable":true,"href":"https:\/\/zaciski-regtruck.pl\/fr\/wp-json\/wp\/v2\/product_tag?post=3824"}],"curies":[{"name":"wp","href":"https:\/\/api.w.org\/{rel}","templated":true}]}}