{"id":4105,"date":"2023-03-28T13:42:11","date_gmt":"2023-03-28T11:42:11","guid":{"rendered":"https:\/\/zaciski-regtruck.pl\/?post_type=product&#038;p=4105"},"modified":"2024-03-23T20:34:32","modified_gmt":"2024-03-23T19:34:32","slug":"sprezarka-powietrza-volvo-fh-12-22016995-7420524352","status":"publish","type":"product","link":"https:\/\/zaciski-regtruck.pl\/fr\/produkt\/sprezarka-powietrza-volvo-fh-12-22016995-7420524352\/","title":{"rendered":"Spr\u0119\u017carka Powietrza Volvo FH 12 22016995, 7420524352"},"content":{"rendered":"\t\t<div data-elementor-type=\"product-post\" data-elementor-id=\"4105\" class=\"elementor elementor-4105\" data-elementor-post-type=\"product\">\n\t\t\t\t\t\t<section data-particle_enable=\"false\" data-particle-mobile-disabled=\"false\" class=\"elementor-section elementor-top-section elementor-element elementor-element-35c913d9 elementor-section-boxed elementor-section-height-default elementor-section-height-default\" data-id=\"35c913d9\" data-element_type=\"section\" data-e-type=\"section\">\n\t\t\t\t\t\t<div class=\"elementor-container elementor-column-gap-default\">\n\t\t\t\t\t<div class=\"elementor-column elementor-col-100 elementor-top-column elementor-element elementor-element-7db474d\" data-id=\"7db474d\" data-element_type=\"column\" data-e-type=\"column\">\n\t\t\t<div class=\"elementor-widget-wrap elementor-element-populated\">\n\t\t\t\t\t\t<div class=\"elementor-element elementor-element-7d3ee497 elementor-widget elementor-widget-text-editor\" data-id=\"7d3ee497\" data-element_type=\"widget\" data-e-type=\"widget\" data-widget_type=\"text-editor.default\">\n\t\t\t\t<div class=\"elementor-widget-container\">\n\t\t\t\t\t\t\t\t\t<h2>Spr\u0119\u017carka Powietrza Volvo FH 12<\/h2>\n\n<hr \/>\n\n<h3><span style=\"color: #000000;\">Oferujemy Pa\u0144stwu zregenerowan\u0105<\/span><\/h3>\n<h2>Spr\u0119\u017carka Powietrza Volvo<\/h2>\n<h3><span style=\"color: #000000;\">najwy\u017cszej jako\u015bci.\u00a0<\/span><\/h3>\n<h3><span style=\"color: #000000;\">Naszym klientom gwarantujemy 100% satysfakcji<\/span><\/h3>\t\t\t\t\t\t\t\t<\/div>\n\t\t\t\t<\/div>\n\t\t\t\t\t<\/div>\n\t\t<\/div>\n\t\t\t\t\t<\/div>\n\t\t<\/section>\n\t\t\t\t<\/div>\n\t\t","protected":false},"excerpt":{"rendered":"<h3>W ofercie sprzeda\u017cy posiadamy spr\u0119\u017cark\u0119 Powietrza Volvo FH 12 po regeneracji.<\/h3>\n","protected":false},"featured_media":4110,"template":"","meta":[],"product_brand":[],"product_cat":[199,45],"product_tag":[319,320,321,322,323,324,325],"class_list":{"0":"post-4105","1":"product","2":"type-product","3":"status-publish","4":"has-post-thumbnail","6":"product_cat-volvo-sprezarki-powietrza","7":"product_cat-sprezarki-powietrza","8":"product_tag-319","9":"product_tag-320","10":"product_tag-321","11":"product_tag-sprezarka-powietrza","12":"product_tag-sprezarka-powietrza-volvo-fh-12","13":"product_tag-sprezarka-powietrza-volvo-fh-12-22016995","14":"product_tag-volvo-fh-12","16":"first","17":"instock","18":"featured","19":"taxable","20":"shipping-taxable","21":"purchasable","22":"product-type-variable"},"_links":{"self":[{"href":"https:\/\/zaciski-regtruck.pl\/fr\/wp-json\/wp\/v2\/product\/4105","targetHints":{"allow":["GET"]}}],"collection":[{"href":"https:\/\/zaciski-regtruck.pl\/fr\/wp-json\/wp\/v2\/product"}],"about":[{"href":"https:\/\/zaciski-regtruck.pl\/fr\/wp-json\/wp\/v2\/types\/product"}],"version-history":[{"count":5,"href":"https:\/\/zaciski-regtruck.pl\/fr\/wp-json\/wp\/v2\/product\/4105\/revisions"}],"predecessor-version":[{"id":4113,"href":"https:\/\/zaciski-regtruck.pl\/fr\/wp-json\/wp\/v2\/product\/4105\/revisions\/4113"}],"wp:featuredmedia":[{"embeddable":true,"href":"https:\/\/zaciski-regtruck.pl\/fr\/wp-json\/wp\/v2\/media\/4110"}],"wp:attachment":[{"href":"https:\/\/zaciski-regtruck.pl\/fr\/wp-json\/wp\/v2\/media?parent=4105"}],"wp:term":[{"taxonomy":"product_brand","embeddable":true,"href":"https:\/\/zaciski-regtruck.pl\/fr\/wp-json\/wp\/v2\/product_brand?post=4105"},{"taxonomy":"product_cat","embeddable":true,"href":"https:\/\/zaciski-regtruck.pl\/fr\/wp-json\/wp\/v2\/product_cat?post=4105"},{"taxonomy":"product_tag","embeddable":true,"href":"https:\/\/zaciski-regtruck.pl\/fr\/wp-json\/wp\/v2\/product_tag?post=4105"}],"curies":[{"name":"wp","href":"https:\/\/api.w.org\/{rel}","templated":true}]}}