{"id":4148,"date":"2023-03-29T19:41:37","date_gmt":"2023-03-29T17:41:37","guid":{"rendered":"https:\/\/zaciski-regtruck.pl\/?post_type=product&#038;p=4148"},"modified":"2023-03-29T19:47:35","modified_gmt":"2023-03-29T17:47:35","slug":"silownik-hamulca-man-os-wleczona-9253251187","status":"publish","type":"product","link":"https:\/\/zaciski-regtruck.pl\/fr\/produkt\/silownik-hamulca-man-os-wleczona-9253251187\/","title":{"rendered":"Si\u0142ownik Hamulca MAN O\u015b Wleczona 9253251187"},"content":{"rendered":"\t\t<div data-elementor-type=\"product-post\" data-elementor-id=\"4148\" class=\"elementor elementor-4148\" data-elementor-post-type=\"product\">\n\t\t\t\t\t\t<section data-particle_enable=\"false\" data-particle-mobile-disabled=\"false\" class=\"elementor-section elementor-top-section elementor-element elementor-element-35c913d9 elementor-section-boxed elementor-section-height-default elementor-section-height-default\" data-id=\"35c913d9\" data-element_type=\"section\" data-e-type=\"section\">\n\t\t\t\t\t\t<div class=\"elementor-container elementor-column-gap-default\">\n\t\t\t\t\t<div class=\"elementor-column elementor-col-100 elementor-top-column elementor-element elementor-element-7db474d\" data-id=\"7db474d\" data-element_type=\"column\" data-e-type=\"column\">\n\t\t\t<div class=\"elementor-widget-wrap elementor-element-populated\">\n\t\t\t\t\t\t<div class=\"elementor-element elementor-element-7d3ee497 elementor-widget elementor-widget-text-editor\" data-id=\"7d3ee497\" data-element_type=\"widget\" data-e-type=\"widget\" data-widget_type=\"text-editor.default\">\n\t\t\t\t<div class=\"elementor-widget-container\">\n\t\t\t\t\t\t\t\t\t<h2>Si\u0142ownik Hamulca MAN O\u015b Wleczona<\/h2>\n<hr>\n<h3><font color=\"#000000\">Oferujemy Pa\u0144stwu zregenerowany Si\u0142ownik Hamulca MAN O\u015b Wleczona&nbsp;najwy\u017cszej jako\u015bci.&nbsp;<\/font><\/h3>\n<h3><span style=\"color: #000000;\">Naszym klientom gwarantujemy 100% satysfakcji<\/span><\/h3>\t\t\t\t\t\t\t\t<\/div>\n\t\t\t\t<\/div>\n\t\t\t\t\t<\/div>\n\t\t<\/div>\n\t\t\t\t\t<\/div>\n\t\t<\/section>\n\t\t\t\t<\/div>\n\t\t","protected":false},"excerpt":{"rendered":"<h3>W ofercie sprzeda\u017cy posiadamy\u00a0 Si\u0142ownik Hamulca MAN O\u015b Wleczona po regeneracji.<\/h3>\n","protected":false},"featured_media":4151,"template":"","meta":[],"product_brand":[],"product_cat":[189,191],"product_tag":[354,353,355,351,352],"class_list":{"0":"post-4148","1":"product","2":"type-product","3":"status-publish","4":"has-post-thumbnail","6":"product_cat-silowniki","7":"product_cat-hamulcowe","8":"product_tag-354","9":"product_tag-silownik-hamulca","10":"product_tag-silownik-hamulca-man","11":"product_tag-silownik-hamulca-man-os-wleczona","12":"product_tag-silownik-hamulca-man-os-wleczona-9253251187","14":"first","15":"instock","16":"featured","17":"taxable","18":"shipping-taxable","19":"purchasable","20":"product-type-simple"},"_links":{"self":[{"href":"https:\/\/zaciski-regtruck.pl\/fr\/wp-json\/wp\/v2\/product\/4148","targetHints":{"allow":["GET"]}}],"collection":[{"href":"https:\/\/zaciski-regtruck.pl\/fr\/wp-json\/wp\/v2\/product"}],"about":[{"href":"https:\/\/zaciski-regtruck.pl\/fr\/wp-json\/wp\/v2\/types\/product"}],"version-history":[{"count":8,"href":"https:\/\/zaciski-regtruck.pl\/fr\/wp-json\/wp\/v2\/product\/4148\/revisions"}],"predecessor-version":[{"id":4159,"href":"https:\/\/zaciski-regtruck.pl\/fr\/wp-json\/wp\/v2\/product\/4148\/revisions\/4159"}],"wp:featuredmedia":[{"embeddable":true,"href":"https:\/\/zaciski-regtruck.pl\/fr\/wp-json\/wp\/v2\/media\/4151"}],"wp:attachment":[{"href":"https:\/\/zaciski-regtruck.pl\/fr\/wp-json\/wp\/v2\/media?parent=4148"}],"wp:term":[{"taxonomy":"product_brand","embeddable":true,"href":"https:\/\/zaciski-regtruck.pl\/fr\/wp-json\/wp\/v2\/product_brand?post=4148"},{"taxonomy":"product_cat","embeddable":true,"href":"https:\/\/zaciski-regtruck.pl\/fr\/wp-json\/wp\/v2\/product_cat?post=4148"},{"taxonomy":"product_tag","embeddable":true,"href":"https:\/\/zaciski-regtruck.pl\/fr\/wp-json\/wp\/v2\/product_tag?post=4148"}],"curies":[{"name":"wp","href":"https:\/\/api.w.org\/{rel}","templated":true}]}}