{"id":4191,"date":"2023-03-31T07:16:15","date_gmt":"2023-03-31T05:16:15","guid":{"rendered":"https:\/\/zaciski-regtruck.pl\/?post_type=product&#038;p=4191"},"modified":"2024-03-17T06:35:08","modified_gmt":"2024-03-17T05:35:08","slug":"sprezarka-klimatyzacji-man-1899005434-8117","status":"publish","type":"product","link":"https:\/\/zaciski-regtruck.pl\/fr\/produkt\/sprezarka-klimatyzacji-man-1899005434-8117\/","title":{"rendered":"Spr\u0119\u017carka Klimatyzacji MAN 1899005434, 8117"},"content":{"rendered":"\t\t<div data-elementor-type=\"product-post\" data-elementor-id=\"4191\" class=\"elementor elementor-4191\" data-elementor-post-type=\"product\">\n\t\t\t\t\t\t<section data-particle_enable=\"false\" data-particle-mobile-disabled=\"false\" class=\"elementor-section elementor-top-section elementor-element elementor-element-35c913d9 elementor-section-boxed elementor-section-height-default elementor-section-height-default\" data-id=\"35c913d9\" data-element_type=\"section\" data-e-type=\"section\">\n\t\t\t\t\t\t<div class=\"elementor-container elementor-column-gap-default\">\n\t\t\t\t\t<div class=\"elementor-column elementor-col-100 elementor-top-column elementor-element elementor-element-7db474d\" data-id=\"7db474d\" data-element_type=\"column\" data-e-type=\"column\">\n\t\t\t<div class=\"elementor-widget-wrap elementor-element-populated\">\n\t\t\t\t\t\t<div class=\"elementor-element elementor-element-7d3ee497 elementor-widget elementor-widget-text-editor\" data-id=\"7d3ee497\" data-element_type=\"widget\" data-e-type=\"widget\" data-widget_type=\"text-editor.default\">\n\t\t\t\t<div class=\"elementor-widget-container\">\n\t\t\t\t\t\t\t\t\t<h2>Spr\u0119\u017carka Klimatyzacji MAN 1899005434<\/h2>\n\n<hr \/>\n\n<h3><span style=\"color: #000000;\">Oferujemy Pa\u0144stwu zregenerowana Spr\u0119\u017carke Klimatyzacji MAN najwy\u017cszej jako\u015bci.\u00a0<\/span><\/h3>\n<h3><span style=\"color: #000000;\">Naszym klientom gwarantujemy 100% satysfakcji<\/span><\/h3>\t\t\t\t\t\t\t\t<\/div>\n\t\t\t\t<\/div>\n\t\t\t\t\t<\/div>\n\t\t<\/div>\n\t\t\t\t\t<\/div>\n\t\t<\/section>\n\t\t\t\t<\/div>\n\t\t","protected":false},"excerpt":{"rendered":"<h3>W ofercie sprzeda\u017cy posiadamy\u00a0 Spr\u0119\u017cark\u0119 Klimatyzacji MAN po regeneracji.<\/h3>\n","protected":false},"featured_media":4194,"template":"","meta":[],"product_brand":[],"product_cat":[195,45],"product_tag":[373,375,377,376,374],"class_list":{"0":"post-4191","1":"product","2":"type-product","3":"status-publish","4":"has-post-thumbnail","6":"product_cat-man-sprezarki-powietrza","7":"product_cat-sprezarki-powietrza","8":"product_tag-373","9":"product_tag-375","10":"product_tag-sprezarka-klimatyzacji","11":"product_tag-sprezarka-klimatyzacji-man","12":"product_tag-sprezarka-klimatyzacji-man-1899005434","14":"first","15":"instock","16":"featured","17":"taxable","18":"shipping-taxable","19":"purchasable","20":"product-type-simple"},"_links":{"self":[{"href":"https:\/\/zaciski-regtruck.pl\/fr\/wp-json\/wp\/v2\/product\/4191","targetHints":{"allow":["GET"]}}],"collection":[{"href":"https:\/\/zaciski-regtruck.pl\/fr\/wp-json\/wp\/v2\/product"}],"about":[{"href":"https:\/\/zaciski-regtruck.pl\/fr\/wp-json\/wp\/v2\/types\/product"}],"version-history":[{"count":4,"href":"https:\/\/zaciski-regtruck.pl\/fr\/wp-json\/wp\/v2\/product\/4191\/revisions"}],"predecessor-version":[{"id":4198,"href":"https:\/\/zaciski-regtruck.pl\/fr\/wp-json\/wp\/v2\/product\/4191\/revisions\/4198"}],"wp:featuredmedia":[{"embeddable":true,"href":"https:\/\/zaciski-regtruck.pl\/fr\/wp-json\/wp\/v2\/media\/4194"}],"wp:attachment":[{"href":"https:\/\/zaciski-regtruck.pl\/fr\/wp-json\/wp\/v2\/media?parent=4191"}],"wp:term":[{"taxonomy":"product_brand","embeddable":true,"href":"https:\/\/zaciski-regtruck.pl\/fr\/wp-json\/wp\/v2\/product_brand?post=4191"},{"taxonomy":"product_cat","embeddable":true,"href":"https:\/\/zaciski-regtruck.pl\/fr\/wp-json\/wp\/v2\/product_cat?post=4191"},{"taxonomy":"product_tag","embeddable":true,"href":"https:\/\/zaciski-regtruck.pl\/fr\/wp-json\/wp\/v2\/product_tag?post=4191"}],"curies":[{"name":"wp","href":"https:\/\/api.w.org\/{rel}","templated":true}]}}