{"id":4320,"date":"2023-04-20T13:11:19","date_gmt":"2023-04-20T11:11:19","guid":{"rendered":"https:\/\/zaciski-regtruck.pl\/?post_type=product&#038;p=4320"},"modified":"2023-04-20T13:37:29","modified_gmt":"2023-04-20T11:37:29","slug":"zacisk-hamulcowy-wabco-saf-225-lewy-6402250250-6402250220","status":"publish","type":"product","link":"https:\/\/zaciski-regtruck.pl\/fr\/produkt\/zacisk-hamulcowy-wabco-saf-225-lewy-6402250250-6402250220\/","title":{"rendered":"Zacisk hamulcowy WABCO SAF 22,5\u00a0\u00bb LEWY 6402250250, 6402250220"},"content":{"rendered":"\t\t<div data-elementor-type=\"product-post\" data-elementor-id=\"4320\" class=\"elementor elementor-4320\" data-elementor-post-type=\"product\">\n\t\t\t\t\t\t<section data-particle_enable=\"false\" data-particle-mobile-disabled=\"false\" class=\"elementor-section elementor-top-section elementor-element elementor-element-35c913d9 elementor-section-boxed elementor-section-height-default elementor-section-height-default\" data-id=\"35c913d9\" data-element_type=\"section\" data-e-type=\"section\">\n\t\t\t\t\t\t<div class=\"elementor-container elementor-column-gap-default\">\n\t\t\t\t\t<div class=\"elementor-column elementor-col-100 elementor-top-column elementor-element elementor-element-7db474d\" data-id=\"7db474d\" data-element_type=\"column\" data-e-type=\"column\">\n\t\t\t<div class=\"elementor-widget-wrap elementor-element-populated\">\n\t\t\t\t\t\t<div class=\"elementor-element elementor-element-7d3ee497 elementor-widget elementor-widget-text-editor\" data-id=\"7d3ee497\" data-element_type=\"widget\" data-e-type=\"widget\" data-widget_type=\"text-editor.default\">\n\t\t\t\t<div class=\"elementor-widget-container\">\n\t\t\t\t\t\t\t\t\t<h2>Zacisk hamulcowy&nbsp;<\/h2>\n<h2>RT-BC-001L ZACISK HAM. WABCO SAF 22,5\u00a0\u00bb LEWY&nbsp;<\/h2>\n<h2>Oferujemy Pa\u0144stwu zacisk hamulcowy najwy\u017cszej jako\u015bci.&nbsp;<\/h2>\n<h3><span style=\"color: #000000;\">Naszym klientom gwarantujemy 100% satysfakcji<\/span><\/h3>\n<div>\n<div>\n<div>\n<ul>\n<li><span style=\"color: #000000;\">\u0141o\u017cysko poprzeczne zamkni\u0119ty<\/span><\/li>\n<li><span style=\"color: #000000;\">Nadaj\u0105cy si\u0119 do EBS tak<\/span><\/li>\n<li><span style=\"color: #000000;\">Wersja hamulc\u00f3w hamulce tarczowe osiowe<\/span><\/li>\n<li><span style=\"color: #000000;\">Wska\u017anik zu\u017cycia indukcyjny tak<\/span><\/li>\n<li><span style=\"color: #000000;\">Uk\u0142ad hamulcowy pneumatyczny<\/span><\/li>\n<li><span style=\"color: #000000;\">Mechanizm cofania adapter wymienny tak<\/span><\/li>\n<li><span style=\"color: #000000;\">Zestaw naprawczy do \u0142o\u017cyskowania tak<\/span><\/li>\n<li><span style=\"color: #000000;\">Ok\u0142adzina nie<\/span><\/li>\n<li><span style=\"color: #000000;\">Strona lewa<\/span><\/li>\n<\/ul>\n<\/div>\n<\/div>\n<\/div>\t\t\t\t\t\t\t\t<\/div>\n\t\t\t\t<\/div>\n\t\t\t\t\t<\/div>\n\t\t<\/div>\n\t\t\t\t\t<\/div>\n\t\t<\/section>\n\t\t\t\t<\/div>\n\t\t","protected":false},"excerpt":{"rendered":"<h3>W ofercie sprzeda\u017cy posiadamy<br \/>\nzacisk hamulcowy SAF SAF 22,5\u00a0\u00bb LEWY 6402250250 po regeneracji.<\/h3>\n","protected":false},"featured_media":4325,"template":"","meta":[],"product_brand":[],"product_cat":[133,131],"product_tag":[467,466,469,468,463,461,460,462,435,465,459,464,458,470,471,437,438,473,474,472],"class_list":{"0":"post-4320","1":"product","2":"type-product","3":"status-publish","4":"has-post-thumbnail","6":"product_cat-wabco-saf","7":"product_cat-saf","8":"product_tag-467","9":"product_tag-466","10":"product_tag-469","11":"product_tag-468","12":"product_tag-463","13":"product_tag-461","14":"product_tag-460","15":"product_tag-462","16":"product_tag-5-lewy","17":"product_tag-465","18":"product_tag-459","19":"product_tag-640225025-i-6402250400","20":"product_tag-458","21":"product_tag-470","22":"product_tag-471","23":"product_tag-regeneracja-zaciskow","24":"product_tag-regeneracja-zaciskow-hamulcowych","25":"product_tag-saf-22","26":"product_tag-wabco-saf-22","27":"product_tag-zacisk-hamulcowy-wabco-saf-22-5-lewy-6402250250","29":"first","30":"instock","31":"featured","32":"taxable","33":"shipping-taxable","34":"purchasable","35":"product-type-variable","36":"has-default-attributes"},"_links":{"self":[{"href":"https:\/\/zaciski-regtruck.pl\/fr\/wp-json\/wp\/v2\/product\/4320","targetHints":{"allow":["GET"]}}],"collection":[{"href":"https:\/\/zaciski-regtruck.pl\/fr\/wp-json\/wp\/v2\/product"}],"about":[{"href":"https:\/\/zaciski-regtruck.pl\/fr\/wp-json\/wp\/v2\/types\/product"}],"version-history":[{"count":8,"href":"https:\/\/zaciski-regtruck.pl\/fr\/wp-json\/wp\/v2\/product\/4320\/revisions"}],"predecessor-version":[{"id":4344,"href":"https:\/\/zaciski-regtruck.pl\/fr\/wp-json\/wp\/v2\/product\/4320\/revisions\/4344"}],"wp:featuredmedia":[{"embeddable":true,"href":"https:\/\/zaciski-regtruck.pl\/fr\/wp-json\/wp\/v2\/media\/4325"}],"wp:attachment":[{"href":"https:\/\/zaciski-regtruck.pl\/fr\/wp-json\/wp\/v2\/media?parent=4320"}],"wp:term":[{"taxonomy":"product_brand","embeddable":true,"href":"https:\/\/zaciski-regtruck.pl\/fr\/wp-json\/wp\/v2\/product_brand?post=4320"},{"taxonomy":"product_cat","embeddable":true,"href":"https:\/\/zaciski-regtruck.pl\/fr\/wp-json\/wp\/v2\/product_cat?post=4320"},{"taxonomy":"product_tag","embeddable":true,"href":"https:\/\/zaciski-regtruck.pl\/fr\/wp-json\/wp\/v2\/product_tag?post=4320"}],"curies":[{"name":"wp","href":"https:\/\/api.w.org\/{rel}","templated":true}]}}