{"id":4346,"date":"2023-04-20T14:14:54","date_gmt":"2023-04-20T12:14:54","guid":{"rendered":"https:\/\/zaciski-regtruck.pl\/?post_type=product&#038;p=4346"},"modified":"2024-04-24T13:54:05","modified_gmt":"2024-04-24T11:54:05","slug":"zacisk-hamulcowy-haldex-saf-lewy-sbs2220-3080008200-r2-04-07-069","status":"publish","type":"product","link":"https:\/\/zaciski-regtruck.pl\/fr\/produkt\/zacisk-hamulcowy-haldex-saf-lewy-sbs2220-3080008200-r2-04-07-069\/","title":{"rendered":"Zacisk hamulcowy HALDEX SAF LEWY SBS2220 &#8211; 3080008200, R2.04.07.069"},"content":{"rendered":"\t\t<div data-elementor-type=\"product-post\" data-elementor-id=\"4346\" class=\"elementor elementor-4346\" data-elementor-post-type=\"product\">\n\t\t\t\t\t\t<section data-particle_enable=\"false\" data-particle-mobile-disabled=\"false\" class=\"elementor-section elementor-top-section elementor-element elementor-element-35c913d9 elementor-section-boxed elementor-section-height-default elementor-section-height-default\" data-id=\"35c913d9\" data-element_type=\"section\" data-e-type=\"section\">\n\t\t\t\t\t\t<div class=\"elementor-container elementor-column-gap-default\">\n\t\t\t\t\t<div class=\"elementor-column elementor-col-100 elementor-top-column elementor-element elementor-element-7db474d\" data-id=\"7db474d\" data-element_type=\"column\" data-e-type=\"column\">\n\t\t\t<div class=\"elementor-widget-wrap elementor-element-populated\">\n\t\t\t\t\t\t<div class=\"elementor-element elementor-element-7d3ee497 elementor-widget elementor-widget-text-editor\" data-id=\"7d3ee497\" data-element_type=\"widget\" data-e-type=\"widget\" data-widget_type=\"text-editor.default\">\n\t\t\t\t<div class=\"elementor-widget-container\">\n\t\t\t\t\t\t\t\t\t<h2>Zacisk hamulcowy&nbsp;<\/h2>\n<h2>RT-BC-003L ZACISK HAM. HALDEX SAF LEWY SBS2220&nbsp;<\/h2>\n<h2>Oferujemy Pa\u0144stwu zacisk hamulcowy najwy\u017cszej jako\u015bci.&nbsp;<\/h2>\n<h3><span style=\"color: #000000;\">Naszym klientom gwarantujemy 100% satysfakcji<\/span><\/h3>\n<div>\n<div>\n<div>\n<ul>\n<li><span style=\"color: #000000;\">\u0141o\u017cysko poprzeczne zamkni\u0119ty<\/span><\/li>\n<li><span style=\"color: #000000;\">Nadaj\u0105cy si\u0119 do EBS tak<\/span><\/li>\n<li><span style=\"color: #000000;\">Wersja hamulc\u00f3w hamulce tarczowe osiowe<\/span><\/li>\n<li><span style=\"color: #000000;\">Wska\u017anik zu\u017cycia indukcyjny tak<\/span><\/li>\n<li><span style=\"color: #000000;\">Uk\u0142ad hamulcowy pneumatyczny<\/span><\/li>\n<li><span style=\"color: #000000;\">Mechanizm cofania adapter wymienny tak<\/span><\/li>\n<li><span style=\"color: #000000;\">Zestaw naprawczy do \u0142o\u017cyskowania tak<\/span><\/li>\n<li><span style=\"color: #000000;\">Ok\u0142adzina nie<\/span><\/li>\n<li><span style=\"color: #000000;\">Strona prawa<\/span><\/li>\n<\/ul>\n<\/div>\n<\/div>\n<\/div>\t\t\t\t\t\t\t\t<\/div>\n\t\t\t\t<\/div>\n\t\t\t\t\t<\/div>\n\t\t<\/div>\n\t\t\t\t\t<\/div>\n\t\t<\/section>\n\t\t\t\t<\/div>\n\t\t","protected":false},"excerpt":{"rendered":"<h3>W ofercie sprzeda\u017cy posiadamy<br \/>\nzacisk hamulcowy SAF LEWY SBS2220 &#8211; 3080008200 po regeneracji.<\/h3>\n","protected":false},"featured_media":4350,"template":"","meta":[],"product_brand":[],"product_cat":[131,134],"product_tag":[503,506,510,509,508,507,511,505,512,502,504,501,437,438,513,499,500],"class_list":{"0":"post-4346","1":"product","2":"type-product","3":"status-publish","4":"has-post-thumbnail","6":"product_cat-saf","7":"product_cat-haldex-saf","8":"product_tag-503","9":"product_tag-506","10":"product_tag-510","11":"product_tag-509","12":"product_tag-508","13":"product_tag-507","14":"product_tag-511","15":"product_tag-505","16":"product_tag-95621c","17":"product_tag-haldex-saf-lewy","18":"product_tag-r2-04-06-018","19":"product_tag-r2-04-07-069","20":"product_tag-regeneracja-zaciskow","21":"product_tag-regeneracja-zaciskow-hamulcowych","22":"product_tag-rt-bc-003l","23":"product_tag-saf-lewy-sbs2220-3080008200","24":"product_tag-zacisk-hamulcowy-haldex-saf-lewy-sbs2220-3080008200","26":"first","27":"instock","28":"featured","29":"taxable","30":"shipping-taxable","31":"purchasable","32":"product-type-variable","33":"has-default-attributes"},"_links":{"self":[{"href":"https:\/\/zaciski-regtruck.pl\/fr\/wp-json\/wp\/v2\/product\/4346","targetHints":{"allow":["GET"]}}],"collection":[{"href":"https:\/\/zaciski-regtruck.pl\/fr\/wp-json\/wp\/v2\/product"}],"about":[{"href":"https:\/\/zaciski-regtruck.pl\/fr\/wp-json\/wp\/v2\/types\/product"}],"version-history":[{"count":8,"href":"https:\/\/zaciski-regtruck.pl\/fr\/wp-json\/wp\/v2\/product\/4346\/revisions"}],"predecessor-version":[{"id":4359,"href":"https:\/\/zaciski-regtruck.pl\/fr\/wp-json\/wp\/v2\/product\/4346\/revisions\/4359"}],"wp:featuredmedia":[{"embeddable":true,"href":"https:\/\/zaciski-regtruck.pl\/fr\/wp-json\/wp\/v2\/media\/4350"}],"wp:attachment":[{"href":"https:\/\/zaciski-regtruck.pl\/fr\/wp-json\/wp\/v2\/media?parent=4346"}],"wp:term":[{"taxonomy":"product_brand","embeddable":true,"href":"https:\/\/zaciski-regtruck.pl\/fr\/wp-json\/wp\/v2\/product_brand?post=4346"},{"taxonomy":"product_cat","embeddable":true,"href":"https:\/\/zaciski-regtruck.pl\/fr\/wp-json\/wp\/v2\/product_cat?post=4346"},{"taxonomy":"product_tag","embeddable":true,"href":"https:\/\/zaciski-regtruck.pl\/fr\/wp-json\/wp\/v2\/product_tag?post=4346"}],"curies":[{"name":"wp","href":"https:\/\/api.w.org\/{rel}","templated":true}]}}