{"id":4360,"date":"2023-04-20T14:40:20","date_gmt":"2023-04-20T12:40:20","guid":{"rendered":"https:\/\/zaciski-regtruck.pl\/?post_type=product&#038;p=4360"},"modified":"2024-04-24T13:53:28","modified_gmt":"2024-04-24T11:53:28","slug":"zacisk-hamulcowy-haldex-saf-prawy-sbs2220-3080008100-95620c","status":"publish","type":"product","link":"https:\/\/zaciski-regtruck.pl\/fr\/produkt\/zacisk-hamulcowy-haldex-saf-prawy-sbs2220-3080008100-95620c\/","title":{"rendered":"Zacisk hamulcowy HALDEX SAF PRAWY SBS2220 &#8211; 3080008100, 95620C"},"content":{"rendered":"\t\t<div data-elementor-type=\"product-post\" data-elementor-id=\"4360\" class=\"elementor elementor-4360\" data-elementor-post-type=\"product\">\n\t\t\t\t\t\t<section data-particle_enable=\"false\" data-particle-mobile-disabled=\"false\" class=\"elementor-section elementor-top-section elementor-element elementor-element-35c913d9 elementor-section-boxed elementor-section-height-default elementor-section-height-default\" data-id=\"35c913d9\" data-element_type=\"section\" data-e-type=\"section\">\n\t\t\t\t\t\t<div class=\"elementor-container elementor-column-gap-default\">\n\t\t\t\t\t<div class=\"elementor-column elementor-col-100 elementor-top-column elementor-element elementor-element-7db474d\" data-id=\"7db474d\" data-element_type=\"column\" data-e-type=\"column\">\n\t\t\t<div class=\"elementor-widget-wrap elementor-element-populated\">\n\t\t\t\t\t\t<div class=\"elementor-element elementor-element-7d3ee497 elementor-widget elementor-widget-text-editor\" data-id=\"7d3ee497\" data-element_type=\"widget\" data-e-type=\"widget\" data-widget_type=\"text-editor.default\">\n\t\t\t\t<div class=\"elementor-widget-container\">\n\t\t\t\t\t\t\t\t\t<h2>Zacisk hamulcowy&nbsp;<\/h2>\n<h2>RT-BC-003R ZACISK ZACISK HAM. HALDEX SAF&nbsp; PRAWY SBS2220 SBS2220&nbsp;<\/h2>\n<h2>Oferujemy Pa\u0144stwu zacisk hamulcowy najwy\u017cszej jako\u015bci.&nbsp;<\/h2>\n<h3><span style=\"color: #000000;\">Naszym klientom gwarantujemy 100% satysfakcji<\/span><\/h3>\n<div>\n<div>\n<div>\n<ul>\n<li><span style=\"color: #000000;\">\u0141o\u017cysko poprzeczne zamkni\u0119ty<\/span><\/li>\n<li><span style=\"color: #000000;\">Nadaj\u0105cy si\u0119 do EBS tak<\/span><\/li>\n<li><span style=\"color: #000000;\">Wersja hamulc\u00f3w hamulce tarczowe osiowe<\/span><\/li>\n<li><span style=\"color: #000000;\">Wska\u017anik zu\u017cycia indukcyjny tak<\/span><\/li>\n<li><span style=\"color: #000000;\">Uk\u0142ad hamulcowy pneumatyczny<\/span><\/li>\n<li><span style=\"color: #000000;\">Mechanizm cofania adapter wymienny tak<\/span><\/li>\n<li><span style=\"color: #000000;\">Zestaw naprawczy do \u0142o\u017cyskowania tak<\/span><\/li>\n<li><span style=\"color: #000000;\">Ok\u0142adzina nie<\/span><\/li>\n<li><span style=\"color: #000000;\">Strona prawa<\/span><\/li>\n<\/ul>\n<\/div>\n<\/div>\n<\/div>\t\t\t\t\t\t\t\t<\/div>\n\t\t\t\t<\/div>\n\t\t\t\t\t<\/div>\n\t\t<\/div>\n\t\t\t\t\t<\/div>\n\t\t<\/section>\n\t\t\t\t<\/div>\n\t\t","protected":false},"excerpt":{"rendered":"<h3>W ofercie sprzeda\u017cy posiadamy<br \/>\nzacisk hamulcowy PRAWY SBS2220 &#8211; 3080008100 po regeneracji.<\/h3>\n","protected":false},"featured_media":4364,"template":"","meta":[],"product_brand":[],"product_cat":[131,134],"product_tag":[519,521,520,522,516,517,437,438,513,518,515],"class_list":{"0":"post-4360","1":"product","2":"type-product","3":"status-publish","4":"has-post-thumbnail","6":"product_cat-saf","7":"product_cat-haldex-saf","8":"product_tag-519","9":"product_tag-521","10":"product_tag-520","11":"product_tag-522","12":"product_tag-95620c","13":"product_tag-haldex-saf-prawy","14":"product_tag-regeneracja-zaciskow","15":"product_tag-regeneracja-zaciskow-hamulcowych","16":"product_tag-rt-bc-003l","17":"product_tag-zacisk-hamulcowy-haldex-saf-prawy","18":"product_tag-zacisk-hamulcowy-haldex-saf-prawy-sbs2220-3080008100","20":"first","21":"instock","22":"featured","23":"taxable","24":"shipping-taxable","25":"purchasable","26":"product-type-variable","27":"has-default-attributes"},"_links":{"self":[{"href":"https:\/\/zaciski-regtruck.pl\/fr\/wp-json\/wp\/v2\/product\/4360","targetHints":{"allow":["GET"]}}],"collection":[{"href":"https:\/\/zaciski-regtruck.pl\/fr\/wp-json\/wp\/v2\/product"}],"about":[{"href":"https:\/\/zaciski-regtruck.pl\/fr\/wp-json\/wp\/v2\/types\/product"}],"version-history":[{"count":5,"href":"https:\/\/zaciski-regtruck.pl\/fr\/wp-json\/wp\/v2\/product\/4360\/revisions"}],"predecessor-version":[{"id":4370,"href":"https:\/\/zaciski-regtruck.pl\/fr\/wp-json\/wp\/v2\/product\/4360\/revisions\/4370"}],"wp:featuredmedia":[{"embeddable":true,"href":"https:\/\/zaciski-regtruck.pl\/fr\/wp-json\/wp\/v2\/media\/4364"}],"wp:attachment":[{"href":"https:\/\/zaciski-regtruck.pl\/fr\/wp-json\/wp\/v2\/media?parent=4360"}],"wp:term":[{"taxonomy":"product_brand","embeddable":true,"href":"https:\/\/zaciski-regtruck.pl\/fr\/wp-json\/wp\/v2\/product_brand?post=4360"},{"taxonomy":"product_cat","embeddable":true,"href":"https:\/\/zaciski-regtruck.pl\/fr\/wp-json\/wp\/v2\/product_cat?post=4360"},{"taxonomy":"product_tag","embeddable":true,"href":"https:\/\/zaciski-regtruck.pl\/fr\/wp-json\/wp\/v2\/product_tag?post=4360"}],"curies":[{"name":"wp","href":"https:\/\/api.w.org\/{rel}","templated":true}]}}