{"id":4450,"date":"2023-04-25T12:11:34","date_gmt":"2023-04-25T10:11:34","guid":{"rendered":"https:\/\/zaciski-regtruck.pl\/?post_type=product&#038;p=4450"},"modified":"2024-03-17T01:44:37","modified_gmt":"2024-03-17T00:44:37","slug":"zacisk-hamulcowy-knorr-daf-cf-225-lewy-przod-k003805-1627245r","status":"publish","type":"product","link":"https:\/\/zaciski-regtruck.pl\/fr\/produkt\/zacisk-hamulcowy-knorr-daf-cf-225-lewy-przod-k003805-1627245r\/","title":{"rendered":"Zacisk hamulcowy KNORR DAF CF 22,5\u00a0\u00bb LEWY PRZ\u00d3D K003805, 1627245R"},"content":{"rendered":"\t\t<div data-elementor-type=\"product-post\" data-elementor-id=\"4450\" class=\"elementor elementor-4450\" data-elementor-post-type=\"product\">\n\t\t\t\t\t\t<section data-particle_enable=\"false\" data-particle-mobile-disabled=\"false\" class=\"elementor-section elementor-top-section elementor-element elementor-element-35c913d9 elementor-section-boxed elementor-section-height-default elementor-section-height-default\" data-id=\"35c913d9\" data-element_type=\"section\" data-e-type=\"section\">\n\t\t\t\t\t\t<div class=\"elementor-container elementor-column-gap-default\">\n\t\t\t\t\t<div class=\"elementor-column elementor-col-100 elementor-top-column elementor-element elementor-element-7db474d\" data-id=\"7db474d\" data-element_type=\"column\" data-e-type=\"column\">\n\t\t\t<div class=\"elementor-widget-wrap elementor-element-populated\">\n\t\t\t\t\t\t<div class=\"elementor-element elementor-element-7d3ee497 elementor-widget elementor-widget-text-editor\" data-id=\"7d3ee497\" data-element_type=\"widget\" data-e-type=\"widget\" data-widget_type=\"text-editor.default\">\n\t\t\t\t<div class=\"elementor-widget-container\">\n\t\t\t\t\t\t\t\t\t<h2>Zacisk hamulcowy\u00a0<\/h2><h2>RT-BC-100L ZACISK HAM. KNORR DAF CF 22,5\u00a0\u00bb LEWY PRZ\u00d3D<\/h2><h2>Oferujemy Pa\u0144stwu zacisk hamulcowy najwy\u017cszej jako\u015bci.\u00a0<\/h2><h3><span style=\"color: #000000;\">Naszym klientom gwarantujemy 100% satysfakcji<\/span><\/h3><div><div><div><ul><li><span style=\"color: #000000;\">\u0141o\u017cysko poprzeczne zamkni\u0119ty<\/span><\/li><li><span style=\"color: #000000;\">Nadaj\u0105cy si\u0119 do EBS tak<\/span><\/li><li><span style=\"color: #000000;\">Wersja hamulc\u00f3w hamulce tarczowe osiowe<\/span><\/li><li><span style=\"color: #000000;\">Wska\u017anik zu\u017cycia indukcyjny tak<\/span><\/li><li><span style=\"color: #000000;\">Uk\u0142ad hamulcowy pneumatyczny<\/span><\/li><li><span style=\"color: #000000;\">Mechanizm cofania adapter wymienny tak<\/span><\/li><li><span style=\"color: #000000;\">Zestaw naprawczy do \u0142o\u017cyskowania tak<\/span><\/li><li><span style=\"color: #000000;\">Ok\u0142adzina nie<\/span><\/li><li><span style=\"color: #000000;\">Strona lewa<\/span><\/li><\/ul><\/div><\/div><\/div>\t\t\t\t\t\t\t\t<\/div>\n\t\t\t\t<\/div>\n\t\t\t\t\t<\/div>\n\t\t<\/div>\n\t\t\t\t\t<\/div>\n\t\t<\/section>\n\t\t\t\t<\/div>\n\t\t","protected":false},"excerpt":{"rendered":"<h3>W ofercie sprzeda\u017cy posiadamy<br \/>\nZacisk hamulcowy KNORR DAF CF 22,5\u00a0\u00bb LEWY PRZ\u00d3D po regeneracji.<\/h3>\n","protected":false},"featured_media":4462,"template":"","meta":[],"product_brand":[],"product_cat":[100,99,21],"product_tag":[593,592,591,600,589,602,599,598,597,588,437,438,594,596,595,590,205,601],"class_list":{"0":"post-4450","1":"product","2":"type-product","3":"status-publish","4":"has-post-thumbnail","6":"product_cat-knorr-bremse-daf","7":"product_cat-daf","8":"product_cat-zaciski-hamulcowe","9":"product_tag-593","10":"product_tag-592","11":"product_tag-591","12":"product_tag-1627241-z-czujnikiem","13":"product_tag-1627245r","14":"product_tag-5-lewy-przod-k003805","15":"product_tag-k000003","16":"product_tag-k000387","17":"product_tag-k001337","18":"product_tag-k003805","19":"product_tag-regeneracja-zaciskow","20":"product_tag-regeneracja-zaciskow-hamulcowych","21":"product_tag-sb7890","22":"product_tag-sn7138","23":"product_tag-sn7204","24":"product_tag-sn7204rc","25":"product_tag-zacisk-hamulcowy","26":"product_tag-zacisk-hamulcowy-knorr-daf-cf-22","28":"first","29":"instock","30":"featured","31":"taxable","32":"shipping-taxable","33":"purchasable","34":"product-type-variable","35":"has-default-attributes"},"_links":{"self":[{"href":"https:\/\/zaciski-regtruck.pl\/fr\/wp-json\/wp\/v2\/product\/4450","targetHints":{"allow":["GET"]}}],"collection":[{"href":"https:\/\/zaciski-regtruck.pl\/fr\/wp-json\/wp\/v2\/product"}],"about":[{"href":"https:\/\/zaciski-regtruck.pl\/fr\/wp-json\/wp\/v2\/types\/product"}],"version-history":[{"count":14,"href":"https:\/\/zaciski-regtruck.pl\/fr\/wp-json\/wp\/v2\/product\/4450\/revisions"}],"predecessor-version":[{"id":4505,"href":"https:\/\/zaciski-regtruck.pl\/fr\/wp-json\/wp\/v2\/product\/4450\/revisions\/4505"}],"wp:featuredmedia":[{"embeddable":true,"href":"https:\/\/zaciski-regtruck.pl\/fr\/wp-json\/wp\/v2\/media\/4462"}],"wp:attachment":[{"href":"https:\/\/zaciski-regtruck.pl\/fr\/wp-json\/wp\/v2\/media?parent=4450"}],"wp:term":[{"taxonomy":"product_brand","embeddable":true,"href":"https:\/\/zaciski-regtruck.pl\/fr\/wp-json\/wp\/v2\/product_brand?post=4450"},{"taxonomy":"product_cat","embeddable":true,"href":"https:\/\/zaciski-regtruck.pl\/fr\/wp-json\/wp\/v2\/product_cat?post=4450"},{"taxonomy":"product_tag","embeddable":true,"href":"https:\/\/zaciski-regtruck.pl\/fr\/wp-json\/wp\/v2\/product_tag?post=4450"}],"curies":[{"name":"wp","href":"https:\/\/api.w.org\/{rel}","templated":true}]}}