{"id":4527,"date":"2023-04-25T13:12:38","date_gmt":"2023-04-25T11:12:38","guid":{"rendered":"https:\/\/zaciski-regtruck.pl\/?post_type=product&#038;p=4527"},"modified":"2023-04-25T13:24:42","modified_gmt":"2023-04-25T11:24:42","slug":"zacisk-hamulcowy-knorr-daf-xf106-225-lewy-przod-prawy-tyl-k003807-1658011r","status":"publish","type":"product","link":"https:\/\/zaciski-regtruck.pl\/fr\/produkt\/zacisk-hamulcowy-knorr-daf-xf106-225-lewy-przod-prawy-tyl-k003807-1658011r\/","title":{"rendered":"Zacisk hamulcowy KNORR DAF XF106 22,5&prime; LEWY PRZ\u00d3D\/ PRAWY TY\u0141 K003807, 1658011R"},"content":{"rendered":"\t\t<div data-elementor-type=\"product-post\" data-elementor-id=\"4527\" class=\"elementor elementor-4527\" data-elementor-post-type=\"product\">\n\t\t\t\t\t\t<section data-particle_enable=\"false\" data-particle-mobile-disabled=\"false\" class=\"elementor-section elementor-top-section elementor-element elementor-element-35c913d9 elementor-section-boxed elementor-section-height-default elementor-section-height-default\" data-id=\"35c913d9\" data-element_type=\"section\" data-e-type=\"section\">\n\t\t\t\t\t\t<div class=\"elementor-container elementor-column-gap-default\">\n\t\t\t\t\t<div class=\"elementor-column elementor-col-100 elementor-top-column elementor-element elementor-element-7db474d\" data-id=\"7db474d\" data-element_type=\"column\" data-e-type=\"column\">\n\t\t\t<div class=\"elementor-widget-wrap elementor-element-populated\">\n\t\t\t\t\t\t<div class=\"elementor-element elementor-element-7d3ee497 elementor-widget elementor-widget-text-editor\" data-id=\"7d3ee497\" data-element_type=\"widget\" data-e-type=\"widget\" data-widget_type=\"text-editor.default\">\n\t\t\t\t<div class=\"elementor-widget-container\">\n\t\t\t\t\t\t\t\t\t<h2>Zacisk hamulcowy\u00a0<\/h2><h2>RT-BC-602L ZACISK HAM. KNORR DAF XF106 22,5&prime; LEWY PRZ\u00d3D\/ PRAWY TY\u0141<\/h2><h2>Oferujemy Pa\u0144stwu zacisk hamulcowy najwy\u017cszej jako\u015bci.\u00a0<\/h2><h3><span style=\"color: #000000;\">Naszym klientom gwarantujemy 100% satysfakcji<\/span><\/h3><div><div><div><ul><li><span style=\"color: #000000;\">\u0141o\u017cysko poprzeczne zamkni\u0119ty<\/span><\/li><li><span style=\"color: #000000;\">Nadaj\u0105cy si\u0119 do EBS tak<\/span><\/li><li><span style=\"color: #000000;\">Wersja hamulc\u00f3w hamulce tarczowe osiowe<\/span><\/li><li><span style=\"color: #000000;\">Wska\u017anik zu\u017cycia indukcyjny tak<\/span><\/li><li><span style=\"color: #000000;\">Uk\u0142ad hamulcowy pneumatyczny<\/span><\/li><li><span style=\"color: #000000;\">Mechanizm cofania adapter wymienny tak<\/span><\/li><li><span style=\"color: #000000;\">Zestaw naprawczy do \u0142o\u017cyskowania tak<\/span><\/li><li><span style=\"color: #000000;\">Ok\u0142adzina nie<\/span><\/li><li><span style=\"color: #000000;\">Strona prawa i lewa<\/span><\/li><\/ul><\/div><\/div><\/div>\t\t\t\t\t\t\t\t<\/div>\n\t\t\t\t<\/div>\n\t\t\t\t\t<\/div>\n\t\t<\/div>\n\t\t\t\t\t<\/div>\n\t\t<\/section>\n\t\t\t\t<\/div>\n\t\t","protected":false},"excerpt":{"rendered":"<h3>W ofercie sprzeda\u017cy posiadamy<br \/>\nZacisk hamulcowy KNORR DAF XF106 22,5&prime; LEWY PRZ\u00d3D\/ PRAWY TY\u0141 po regeneracji.<\/h3>\n","protected":false},"featured_media":4530,"template":"","meta":[],"product_brand":[],"product_cat":[100,99,21],"product_tag":[215,214,640,641,639,218,219,217,437,438,643,216,213,205,642,638],"class_list":{"0":"post-4527","1":"product","2":"type-product","3":"status-publish","4":"has-post-thumbnail","6":"product_cat-knorr-bremse-daf","7":"product_cat-daf","8":"product_cat-zaciski-hamulcowe","9":"product_tag-215","10":"product_tag-214","11":"product_tag-1658011r","12":"product_tag-1857921r-bez-czujnika","13":"product_tag-5-lewy-przod-prawy-tyl-k003807","14":"product_tag-k002445","15":"product_tag-k003807","16":"product_tag-k006431","17":"product_tag-regeneracja-zaciskow","18":"product_tag-regeneracja-zaciskow-hamulcowych","19":"product_tag-rt-bc-602l","20":"product_tag-sn7177","21":"product_tag-sn7205rc","22":"product_tag-zacisk-hamulcowy","23":"product_tag-zacisk-hamulcowy-knorr-daf-xf106","24":"product_tag-zacisk-hamulcowy-knorr-daf-xf106-22","26":"first","27":"instock","28":"featured","29":"taxable","30":"shipping-taxable","31":"purchasable","32":"product-type-variable","33":"has-default-attributes"},"_links":{"self":[{"href":"https:\/\/zaciski-regtruck.pl\/fr\/wp-json\/wp\/v2\/product\/4527","targetHints":{"allow":["GET"]}}],"collection":[{"href":"https:\/\/zaciski-regtruck.pl\/fr\/wp-json\/wp\/v2\/product"}],"about":[{"href":"https:\/\/zaciski-regtruck.pl\/fr\/wp-json\/wp\/v2\/types\/product"}],"version-history":[{"count":5,"href":"https:\/\/zaciski-regtruck.pl\/fr\/wp-json\/wp\/v2\/product\/4527\/revisions"}],"predecessor-version":[{"id":4537,"href":"https:\/\/zaciski-regtruck.pl\/fr\/wp-json\/wp\/v2\/product\/4527\/revisions\/4537"}],"wp:featuredmedia":[{"embeddable":true,"href":"https:\/\/zaciski-regtruck.pl\/fr\/wp-json\/wp\/v2\/media\/4530"}],"wp:attachment":[{"href":"https:\/\/zaciski-regtruck.pl\/fr\/wp-json\/wp\/v2\/media?parent=4527"}],"wp:term":[{"taxonomy":"product_brand","embeddable":true,"href":"https:\/\/zaciski-regtruck.pl\/fr\/wp-json\/wp\/v2\/product_brand?post=4527"},{"taxonomy":"product_cat","embeddable":true,"href":"https:\/\/zaciski-regtruck.pl\/fr\/wp-json\/wp\/v2\/product_cat?post=4527"},{"taxonomy":"product_tag","embeddable":true,"href":"https:\/\/zaciski-regtruck.pl\/fr\/wp-json\/wp\/v2\/product_tag?post=4527"}],"curies":[{"name":"wp","href":"https:\/\/api.w.org\/{rel}","templated":true}]}}