{"id":4538,"date":"2023-04-25T13:18:18","date_gmt":"2023-04-25T11:18:18","guid":{"rendered":"https:\/\/zaciski-regtruck.pl\/?post_type=product&#038;p=4538"},"modified":"2023-04-25T13:23:59","modified_gmt":"2023-04-25T11:23:59","slug":"zacisk-hamulcowy-knorr-daf-xf106-225-prawy-przod-lewy-tyl-k003808-1658010r","status":"publish","type":"product","link":"https:\/\/zaciski-regtruck.pl\/fr\/produkt\/zacisk-hamulcowy-knorr-daf-xf106-225-prawy-przod-lewy-tyl-k003808-1658010r\/","title":{"rendered":"Zacisk hamulcowy KNORR DAF XF106 22,5&prime; PRAWY PRZ\u00d3D\/ LEWY TY\u0141 K003808, 1658010R"},"content":{"rendered":"\t\t<div data-elementor-type=\"product-post\" data-elementor-id=\"4538\" class=\"elementor elementor-4538\" data-elementor-post-type=\"product\">\n\t\t\t\t\t\t<section data-particle_enable=\"false\" data-particle-mobile-disabled=\"false\" class=\"elementor-section elementor-top-section elementor-element elementor-element-35c913d9 elementor-section-boxed elementor-section-height-default elementor-section-height-default\" data-id=\"35c913d9\" data-element_type=\"section\" data-e-type=\"section\">\n\t\t\t\t\t\t<div class=\"elementor-container elementor-column-gap-default\">\n\t\t\t\t\t<div class=\"elementor-column elementor-col-100 elementor-top-column elementor-element elementor-element-7db474d\" data-id=\"7db474d\" data-element_type=\"column\" data-e-type=\"column\">\n\t\t\t<div class=\"elementor-widget-wrap elementor-element-populated\">\n\t\t\t\t\t\t<div class=\"elementor-element elementor-element-7d3ee497 elementor-widget elementor-widget-text-editor\" data-id=\"7d3ee497\" data-element_type=\"widget\" data-e-type=\"widget\" data-widget_type=\"text-editor.default\">\n\t\t\t\t<div class=\"elementor-widget-container\">\n\t\t\t\t\t\t\t\t\t<h2>Zacisk hamulcowy\u00a0<\/h2><h2>RT-BC-602R ZACISK HAM. KNORR DAF XF106 22,5&prime; PRAWY PRZ\u00d3D\/ LEWY TY\u0141<\/h2><h2>Oferujemy Pa\u0144stwu zacisk hamulcowy najwy\u017cszej jako\u015bci.\u00a0<\/h2><h3><span style=\"color: #000000;\">Naszym klientom gwarantujemy 100% satysfakcji<\/span><\/h3><div><div><div><ul><li><span style=\"color: #000000;\">\u0141o\u017cysko poprzeczne zamkni\u0119ty<\/span><\/li><li><span style=\"color: #000000;\">Nadaj\u0105cy si\u0119 do EBS tak<\/span><\/li><li><span style=\"color: #000000;\">Wersja hamulc\u00f3w hamulce tarczowe osiowe<\/span><\/li><li><span style=\"color: #000000;\">Wska\u017anik zu\u017cycia indukcyjny tak<\/span><\/li><li><span style=\"color: #000000;\">Uk\u0142ad hamulcowy pneumatyczny<\/span><\/li><li><span style=\"color: #000000;\">Mechanizm cofania adapter wymienny tak<\/span><\/li><li><span style=\"color: #000000;\">Zestaw naprawczy do \u0142o\u017cyskowania tak<\/span><\/li><li><span style=\"color: #000000;\">Ok\u0142adzina nie<\/span><\/li><li><span style=\"color: #000000;\">Strona prawa i lewa<\/span><\/li><\/ul><\/div><\/div><\/div>\t\t\t\t\t\t\t\t<\/div>\n\t\t\t\t<\/div>\n\t\t\t\t\t<\/div>\n\t\t<\/div>\n\t\t\t\t\t<\/div>\n\t\t<\/section>\n\t\t\t\t<\/div>\n\t\t","protected":false},"excerpt":{"rendered":"<h3>W ofercie sprzeda\u017cy posiadamy<br \/>\nZacisk hamulcowy KNORR DAF XF106 22,5&prime; PRAWY PRZ\u00d3D\/ LEWY TY\u0141 po regeneracji.<\/h3>\n","protected":false},"featured_media":4545,"template":"","meta":[],"product_brand":[],"product_cat":[100,99,21],"product_tag":[649,648,646,653,655,654,652,645,651,437,438,650,647,205,638],"class_list":{"0":"post-4538","1":"product","2":"type-product","3":"status-publish","4":"has-post-thumbnail","6":"product_cat-knorr-bremse-daf","7":"product_cat-daf","8":"product_cat-zaciski-hamulcowe","9":"product_tag-649","10":"product_tag-648","11":"product_tag-1658010r","12":"product_tag-1857920r-bez-czujnika","13":"product_tag-5-prawy-przod-lewy-tyl","14":"product_tag-5-prawy-przod-lewy-tyl-k003808","15":"product_tag-k002444","16":"product_tag-k003808","17":"product_tag-k006430","18":"product_tag-regeneracja-zaciskow","19":"product_tag-regeneracja-zaciskow-hamulcowych","20":"product_tag-sn7167","21":"product_tag-sn7215rc","22":"product_tag-zacisk-hamulcowy","23":"product_tag-zacisk-hamulcowy-knorr-daf-xf106-22","25":"first","26":"instock","27":"featured","28":"taxable","29":"shipping-taxable","30":"purchasable","31":"product-type-variable","32":"has-default-attributes"},"_links":{"self":[{"href":"https:\/\/zaciski-regtruck.pl\/fr\/wp-json\/wp\/v2\/product\/4538","targetHints":{"allow":["GET"]}}],"collection":[{"href":"https:\/\/zaciski-regtruck.pl\/fr\/wp-json\/wp\/v2\/product"}],"about":[{"href":"https:\/\/zaciski-regtruck.pl\/fr\/wp-json\/wp\/v2\/types\/product"}],"version-history":[{"count":5,"href":"https:\/\/zaciski-regtruck.pl\/fr\/wp-json\/wp\/v2\/product\/4538\/revisions"}],"predecessor-version":[{"id":4548,"href":"https:\/\/zaciski-regtruck.pl\/fr\/wp-json\/wp\/v2\/product\/4538\/revisions\/4548"}],"wp:featuredmedia":[{"embeddable":true,"href":"https:\/\/zaciski-regtruck.pl\/fr\/wp-json\/wp\/v2\/media\/4545"}],"wp:attachment":[{"href":"https:\/\/zaciski-regtruck.pl\/fr\/wp-json\/wp\/v2\/media?parent=4538"}],"wp:term":[{"taxonomy":"product_brand","embeddable":true,"href":"https:\/\/zaciski-regtruck.pl\/fr\/wp-json\/wp\/v2\/product_brand?post=4538"},{"taxonomy":"product_cat","embeddable":true,"href":"https:\/\/zaciski-regtruck.pl\/fr\/wp-json\/wp\/v2\/product_cat?post=4538"},{"taxonomy":"product_tag","embeddable":true,"href":"https:\/\/zaciski-regtruck.pl\/fr\/wp-json\/wp\/v2\/product_tag?post=4538"}],"curies":[{"name":"wp","href":"https:\/\/api.w.org\/{rel}","templated":true}]}}