{"id":4550,"date":"2023-05-04T09:13:36","date_gmt":"2023-05-04T07:13:36","guid":{"rendered":"https:\/\/zaciski-regtruck.pl\/?post_type=product&#038;p=4550"},"modified":"2024-03-17T11:20:50","modified_gmt":"2024-03-17T10:20:50","slug":"zacisk-hamulcowy-volvo-fh12-00-lewy-tyl-lrg596-20401810","status":"publish","type":"product","link":"https:\/\/zaciski-regtruck.pl\/fr\/produkt\/zacisk-hamulcowy-volvo-fh12-00-lewy-tyl-lrg596-20401810\/","title":{"rendered":"Zacisk hamulcowy VOLVO FH12 00 &#8211; LEWY TY\u0141 LRG596, 20401810"},"content":{"rendered":"\t\t<div data-elementor-type=\"product-post\" data-elementor-id=\"4550\" class=\"elementor elementor-4550\" data-elementor-post-type=\"product\">\n\t\t\t\t\t\t<section data-particle_enable=\"false\" data-particle-mobile-disabled=\"false\" class=\"elementor-section elementor-top-section elementor-element elementor-element-35c913d9 elementor-section-boxed elementor-section-height-default elementor-section-height-default\" data-id=\"35c913d9\" data-element_type=\"section\" data-e-type=\"section\">\n\t\t\t\t\t\t<div class=\"elementor-container elementor-column-gap-default\">\n\t\t\t\t\t<div class=\"elementor-column elementor-col-100 elementor-top-column elementor-element elementor-element-7db474d\" data-id=\"7db474d\" data-element_type=\"column\" data-e-type=\"column\">\n\t\t\t<div class=\"elementor-widget-wrap elementor-element-populated\">\n\t\t\t\t\t\t<div class=\"elementor-element elementor-element-7d3ee497 elementor-widget elementor-widget-text-editor\" data-id=\"7d3ee497\" data-element_type=\"widget\" data-e-type=\"widget\" data-widget_type=\"text-editor.default\">\n\t\t\t\t<div class=\"elementor-widget-container\">\n\t\t\t\t\t\t\t\t\t<h2>Zacisk hamulcowy<\/h2>\n<h2>RT-BC-009L Zacisk hamulcowy VOLVO FH12 00 \u2013 LEWY TYL LRG596<\/h2>\n<h2>Oferujemy Pa\u0144stwu zacisk hamulcowy najwy\u017cszej jako\u015bci.<\/h2>\n<h3><span style=\"color: #000000;\">Naszym klientom gwarantujemy 100% satysfakcji<\/span><\/h3>\n<div>\n<div>\n<div>\n<ul>\n \t<li><span style=\"color: #000000;\">\u0141o\u017cysko poprzeczne zamkni\u0119ty<\/span><\/li>\n \t<li><span style=\"color: #000000;\">Nadaj\u0105cy si\u0119 do EBS tak<\/span><\/li>\n \t<li><span style=\"color: #000000;\">Wersja hamulc\u00f3w hamulce tarczowe osiowe<\/span><\/li>\n \t<li><span style=\"color: #000000;\">Wska\u017anik zu\u017cycia indukcyjny tak<\/span><\/li>\n \t<li><span style=\"color: #000000;\">Uk\u0142ad hamulcowy pneumatyczny<\/span><\/li>\n \t<li><span style=\"color: #000000;\">Mechanizm cofania adapter wymienny tak<\/span><\/li>\n \t<li><span style=\"color: #000000;\">Zestaw naprawczy do \u0142o\u017cyskowania tak<\/span><\/li>\n \t<li><span style=\"color: #000000;\">Ok\u0142adzina nie<\/span><\/li>\n \t<li><span style=\"color: #000000;\">Strona lewa<\/span><\/li>\n<\/ul>\n<\/div>\n<\/div>\n<\/div>\t\t\t\t\t\t\t\t<\/div>\n\t\t\t\t<\/div>\n\t\t\t\t\t<\/div>\n\t\t<\/div>\n\t\t\t\t\t<\/div>\n\t\t<\/section>\n\t\t\t\t<\/div>\n\t\t","protected":false},"excerpt":{"rendered":"<h3>W ofercie sprzeda\u017cy posiadamy<br \/>\nZacisk hamulcowy Zacisk hamulcowy VOLVO FH12 00 &#8211; LEWY TY\u0141 po regeneracji.<\/h3>\n","protected":false},"featured_media":4558,"template":"","meta":[],"product_brand":[],"product_cat":[146,145],"product_tag":[659,663,664,662,437,438,660,205,661,658],"class_list":{"0":"post-4550","1":"product","2":"type-product","3":"status-publish","4":"has-post-thumbnail","6":"product_cat-meritor-volvo","7":"product_cat-volvo","8":"product_tag-659","9":"product_tag-663","10":"product_tag-664","11":"product_tag-lrg596","12":"product_tag-regeneracja-zaciskow","13":"product_tag-regeneracja-zaciskow-hamulcowych","14":"product_tag-rt-bc-009l","15":"product_tag-zacisk-hamulcowy","16":"product_tag-zacisk-hamulcowy-volvo-fh12-00-lewy-tyl","17":"product_tag-zacisk-hamulcowy-volvo-fh12-00-lewy-tyl-lrg596","19":"first","20":"instock","21":"featured","22":"taxable","23":"shipping-taxable","24":"purchasable","25":"product-type-variable","26":"has-default-attributes"},"_links":{"self":[{"href":"https:\/\/zaciski-regtruck.pl\/fr\/wp-json\/wp\/v2\/product\/4550","targetHints":{"allow":["GET"]}}],"collection":[{"href":"https:\/\/zaciski-regtruck.pl\/fr\/wp-json\/wp\/v2\/product"}],"about":[{"href":"https:\/\/zaciski-regtruck.pl\/fr\/wp-json\/wp\/v2\/types\/product"}],"version-history":[{"count":6,"href":"https:\/\/zaciski-regtruck.pl\/fr\/wp-json\/wp\/v2\/product\/4550\/revisions"}],"predecessor-version":[{"id":4561,"href":"https:\/\/zaciski-regtruck.pl\/fr\/wp-json\/wp\/v2\/product\/4550\/revisions\/4561"}],"wp:featuredmedia":[{"embeddable":true,"href":"https:\/\/zaciski-regtruck.pl\/fr\/wp-json\/wp\/v2\/media\/4558"}],"wp:attachment":[{"href":"https:\/\/zaciski-regtruck.pl\/fr\/wp-json\/wp\/v2\/media?parent=4550"}],"wp:term":[{"taxonomy":"product_brand","embeddable":true,"href":"https:\/\/zaciski-regtruck.pl\/fr\/wp-json\/wp\/v2\/product_brand?post=4550"},{"taxonomy":"product_cat","embeddable":true,"href":"https:\/\/zaciski-regtruck.pl\/fr\/wp-json\/wp\/v2\/product_cat?post=4550"},{"taxonomy":"product_tag","embeddable":true,"href":"https:\/\/zaciski-regtruck.pl\/fr\/wp-json\/wp\/v2\/product_tag?post=4550"}],"curies":[{"name":"wp","href":"https:\/\/api.w.org\/{rel}","templated":true}]}}