{"id":4562,"date":"2023-05-04T09:48:41","date_gmt":"2023-05-04T07:48:41","guid":{"rendered":"https:\/\/zaciski-regtruck.pl\/?post_type=product&#038;p=4562"},"modified":"2023-05-04T10:07:40","modified_gmt":"2023-05-04T08:07:40","slug":"zacisk-hamulcowy-knorr-scania-r-n-t-225-lewy-sn7213-k003804","status":"publish","type":"product","link":"https:\/\/zaciski-regtruck.pl\/fr\/produkt\/zacisk-hamulcowy-knorr-scania-r-n-t-225-lewy-sn7213-k003804\/","title":{"rendered":"Zacisk hamulcowy KNORR SCANIA R N\/T 22,5\u00a0\u00bb LEWY SN7213, K003804"},"content":{"rendered":"\t\t<div data-elementor-type=\"product-post\" data-elementor-id=\"4562\" class=\"elementor elementor-4562\" data-elementor-post-type=\"product\">\n\t\t\t\t\t\t<section data-particle_enable=\"false\" data-particle-mobile-disabled=\"false\" class=\"elementor-section elementor-top-section elementor-element elementor-element-35c913d9 elementor-section-boxed elementor-section-height-default elementor-section-height-default\" data-id=\"35c913d9\" data-element_type=\"section\" data-e-type=\"section\">\n\t\t\t\t\t\t<div class=\"elementor-container elementor-column-gap-default\">\n\t\t\t\t\t<div class=\"elementor-column elementor-col-100 elementor-top-column elementor-element elementor-element-7db474d\" data-id=\"7db474d\" data-element_type=\"column\" data-e-type=\"column\">\n\t\t\t<div class=\"elementor-widget-wrap elementor-element-populated\">\n\t\t\t\t\t\t<div class=\"elementor-element elementor-element-7d3ee497 elementor-widget elementor-widget-text-editor\" data-id=\"7d3ee497\" data-element_type=\"widget\" data-e-type=\"widget\" data-widget_type=\"text-editor.default\">\n\t\t\t\t<div class=\"elementor-widget-container\">\n\t\t\t\t\t\t\t\t\t<h2>Zacisk hamulcowy<\/h2>\n<h2>RT-BC-600L Zacisk hamulcowy KNORR SCANIA R N\/T 22,5\u201d LEWY SN7213<\/h2>\n<h2>Oferujemy Pa\u0144stwu zacisk hamulcowy najwy\u017cszej jako\u015bci.<\/h2>\n<h3><span style=\"color: #000000;\">Naszym klientom gwarantujemy 100% satysfakcji<\/span><\/h3>\n<div>\n<div>\n<div>\n<ul>\n \t<li><span style=\"color: #000000;\">\u0141o\u017cysko poprzeczne zamkni\u0119ty<\/span><\/li>\n \t<li><span style=\"color: #000000;\">Nadaj\u0105cy si\u0119 do EBS tak<\/span><\/li>\n \t<li><span style=\"color: #000000;\">Wersja hamulc\u00f3w hamulce tarczowe osiowe<\/span><\/li>\n \t<li><span style=\"color: #000000;\">Wska\u017anik zu\u017cycia indukcyjny tak<\/span><\/li>\n \t<li><span style=\"color: #000000;\">Uk\u0142ad hamulcowy pneumatyczny<\/span><\/li>\n \t<li><span style=\"color: #000000;\">Mechanizm cofania adapter wymienny tak<\/span><\/li>\n \t<li><span style=\"color: #000000;\">Zestaw naprawczy do \u0142o\u017cyskowania tak<\/span><\/li>\n \t<li><span style=\"color: #000000;\">Ok\u0142adzina nie<\/span><\/li>\n \t<li><span style=\"color: #000000;\">Strona lewa<\/span><\/li>\n<\/ul>\n<\/div>\n<\/div>\n<\/div>\t\t\t\t\t\t\t\t<\/div>\n\t\t\t\t<\/div>\n\t\t\t\t\t<\/div>\n\t\t<\/div>\n\t\t\t\t\t<\/div>\n\t\t<\/section>\n\t\t\t\t<\/div>\n\t\t","protected":false},"excerpt":{"rendered":"<h3>W ofercie sprzeda\u017cy posiadamy<br \/>\nZacisk hamulcowy Zacisk hamulcowy KNORR SCANIA R N\/T 22,5\u00a0\u00bb LEWY po regeneracji.<\/h3>\n","protected":false},"featured_media":4571,"template":"","meta":[],"product_brand":[],"product_cat":[136],"product_tag":[668,667,543,671,542,437,438,670,205,666,669],"class_list":{"0":"post-4562","1":"product","2":"type-product","3":"status-publish","4":"has-post-thumbnail","6":"product_cat-scania","7":"product_tag-668","8":"product_tag-5-lewy-sn7213","9":"product_tag-543","10":"product_tag-501007160-z-czujnikiem","11":"product_tag-k003804","12":"product_tag-regeneracja-zaciskow","13":"product_tag-regeneracja-zaciskow-hamulcowych","14":"product_tag-sn7213","15":"product_tag-zacisk-hamulcowy","16":"product_tag-zacisk-hamulcowy-knorr-scania-r-n-t-22","17":"product_tag-zacisk-hamulcowy-knorr-scania-r-n-t-22-5-lewy-sn7213","19":"first","20":"instock","21":"featured","22":"taxable","23":"shipping-taxable","24":"purchasable","25":"product-type-variable","26":"has-default-attributes"},"_links":{"self":[{"href":"https:\/\/zaciski-regtruck.pl\/fr\/wp-json\/wp\/v2\/product\/4562","targetHints":{"allow":["GET"]}}],"collection":[{"href":"https:\/\/zaciski-regtruck.pl\/fr\/wp-json\/wp\/v2\/product"}],"about":[{"href":"https:\/\/zaciski-regtruck.pl\/fr\/wp-json\/wp\/v2\/types\/product"}],"version-history":[{"count":4,"href":"https:\/\/zaciski-regtruck.pl\/fr\/wp-json\/wp\/v2\/product\/4562\/revisions"}],"predecessor-version":[{"id":4568,"href":"https:\/\/zaciski-regtruck.pl\/fr\/wp-json\/wp\/v2\/product\/4562\/revisions\/4568"}],"wp:featuredmedia":[{"embeddable":true,"href":"https:\/\/zaciski-regtruck.pl\/fr\/wp-json\/wp\/v2\/media\/4571"}],"wp:attachment":[{"href":"https:\/\/zaciski-regtruck.pl\/fr\/wp-json\/wp\/v2\/media?parent=4562"}],"wp:term":[{"taxonomy":"product_brand","embeddable":true,"href":"https:\/\/zaciski-regtruck.pl\/fr\/wp-json\/wp\/v2\/product_brand?post=4562"},{"taxonomy":"product_cat","embeddable":true,"href":"https:\/\/zaciski-regtruck.pl\/fr\/wp-json\/wp\/v2\/product_cat?post=4562"},{"taxonomy":"product_tag","embeddable":true,"href":"https:\/\/zaciski-regtruck.pl\/fr\/wp-json\/wp\/v2\/product_tag?post=4562"}],"curies":[{"name":"wp","href":"https:\/\/api.w.org\/{rel}","templated":true}]}}