{"id":4583,"date":"2023-05-04T10:17:33","date_gmt":"2023-05-04T08:17:33","guid":{"rendered":"https:\/\/zaciski-regtruck.pl\/?post_type=product&#038;p=4583"},"modified":"2024-03-25T01:09:34","modified_gmt":"2024-03-25T00:09:34","slug":"zacisk-hamulcowy-knorr-scania-4-225-lewy-sb7746-k003782","status":"publish","type":"product","link":"https:\/\/zaciski-regtruck.pl\/fr\/produkt\/zacisk-hamulcowy-knorr-scania-4-225-lewy-sb7746-k003782\/","title":{"rendered":"Zacisk hamulcowy KNORR SCANIA 4 22,5&prime; LEWY SB7746,  K003782"},"content":{"rendered":"\t\t<div data-elementor-type=\"product-post\" data-elementor-id=\"4583\" class=\"elementor elementor-4583\" data-elementor-post-type=\"product\">\n\t\t\t\t\t\t<section data-particle_enable=\"false\" data-particle-mobile-disabled=\"false\" class=\"elementor-section elementor-top-section elementor-element elementor-element-35c913d9 elementor-section-boxed elementor-section-height-default elementor-section-height-default\" data-id=\"35c913d9\" data-element_type=\"section\" data-e-type=\"section\">\n\t\t\t\t\t\t<div class=\"elementor-container elementor-column-gap-default\">\n\t\t\t\t\t<div class=\"elementor-column elementor-col-100 elementor-top-column elementor-element elementor-element-7db474d\" data-id=\"7db474d\" data-element_type=\"column\" data-e-type=\"column\">\n\t\t\t<div class=\"elementor-widget-wrap elementor-element-populated\">\n\t\t\t\t\t\t<div class=\"elementor-element elementor-element-7d3ee497 elementor-widget elementor-widget-text-editor\" data-id=\"7d3ee497\" data-element_type=\"widget\" data-e-type=\"widget\" data-widget_type=\"text-editor.default\">\n\t\t\t\t<div class=\"elementor-widget-container\">\n\t\t\t\t\t\t\t\t\t<h2>Zacisk hamulcowy<\/h2>\n<h2>RT-BC-601L Zacisk hamulcowy KNORR SCANIA 4 22,5\u2032 LEWY SB7746<\/h2>\n<h2>Oferujemy Pa\u0144stwu zacisk hamulcowy najwy\u017cszej jako\u015bci.<\/h2>\n<h3><span style=\"color: #000000;\">Naszym klientom gwarantujemy 100% satysfakcji<\/span><\/h3>\n<div>\n<div>\n<div>\n<ul>\n<li><span style=\"color: #000000;\">\u0141o\u017cysko poprzeczne zamkni\u0119ty<\/span><\/li>\n<li><span style=\"color: #000000;\">Nadaj\u0105cy si\u0119 do EBS tak<\/span><\/li>\n<li><span style=\"color: #000000;\">Wersja hamulc\u00f3w hamulce tarczowe osiowe<\/span><\/li>\n<li><span style=\"color: #000000;\">Wska\u017anik zu\u017cycia indukcyjny tak<\/span><\/li>\n<li><span style=\"color: #000000;\">Uk\u0142ad hamulcowy pneumatyczny<\/span><\/li>\n<li><span style=\"color: #000000;\">Mechanizm cofania adapter wymienny tak<\/span><\/li>\n<li><span style=\"color: #000000;\">Zestaw naprawczy do \u0142o\u017cyskowania tak<\/span><\/li>\n<li><span style=\"color: #000000;\">Ok\u0142adzina nie<\/span><\/li>\n<li><span style=\"color: #000000;\">Strona lewa<\/span><\/li>\n<\/ul>\n<\/div>\n<\/div>\n<\/div>\t\t\t\t\t\t\t\t<\/div>\n\t\t\t\t<\/div>\n\t\t\t\t\t<\/div>\n\t\t<\/div>\n\t\t\t\t\t<\/div>\n\t\t<\/section>\n\t\t\t\t<\/div>\n\t\t","protected":false},"excerpt":{"rendered":"<h3>W ofercie sprzeda\u017cy posiadamy<br \/>\nZacisk hamulcowy Zacisk hamulcowy KNORR SCANIA 4 22,5&prime; LEWY po regeneracji.<\/h3>\n","protected":false},"featured_media":4588,"template":"","meta":[],"product_brand":[],"product_cat":[136],"product_tag":[682,684,681,680,437,438,679,205,683,685],"class_list":{"0":"post-4583","1":"product","2":"type-product","3":"status-publish","4":"has-post-thumbnail","6":"product_cat-scania","7":"product_tag-682","8":"product_tag-5-lewy-sb7746","9":"product_tag-681","10":"product_tag-k003782","11":"product_tag-regeneracja-zaciskow","12":"product_tag-regeneracja-zaciskow-hamulcowych","13":"product_tag-sb7746","14":"product_tag-zacisk-hamulcowy","15":"product_tag-zacisk-hamulcowy-knorr-scania-4-22","16":"product_tag-zacisk-hamulcowy-knorr-scania-4-22-5-lewy-sb7746","18":"first","19":"instock","20":"featured","21":"taxable","22":"shipping-taxable","23":"purchasable","24":"product-type-variable","25":"has-default-attributes"},"_links":{"self":[{"href":"https:\/\/zaciski-regtruck.pl\/fr\/wp-json\/wp\/v2\/product\/4583","targetHints":{"allow":["GET"]}}],"collection":[{"href":"https:\/\/zaciski-regtruck.pl\/fr\/wp-json\/wp\/v2\/product"}],"about":[{"href":"https:\/\/zaciski-regtruck.pl\/fr\/wp-json\/wp\/v2\/types\/product"}],"version-history":[{"count":4,"href":"https:\/\/zaciski-regtruck.pl\/fr\/wp-json\/wp\/v2\/product\/4583\/revisions"}],"predecessor-version":[{"id":4592,"href":"https:\/\/zaciski-regtruck.pl\/fr\/wp-json\/wp\/v2\/product\/4583\/revisions\/4592"}],"wp:featuredmedia":[{"embeddable":true,"href":"https:\/\/zaciski-regtruck.pl\/fr\/wp-json\/wp\/v2\/media\/4588"}],"wp:attachment":[{"href":"https:\/\/zaciski-regtruck.pl\/fr\/wp-json\/wp\/v2\/media?parent=4583"}],"wp:term":[{"taxonomy":"product_brand","embeddable":true,"href":"https:\/\/zaciski-regtruck.pl\/fr\/wp-json\/wp\/v2\/product_brand?post=4583"},{"taxonomy":"product_cat","embeddable":true,"href":"https:\/\/zaciski-regtruck.pl\/fr\/wp-json\/wp\/v2\/product_cat?post=4583"},{"taxonomy":"product_tag","embeddable":true,"href":"https:\/\/zaciski-regtruck.pl\/fr\/wp-json\/wp\/v2\/product_tag?post=4583"}],"curies":[{"name":"wp","href":"https:\/\/api.w.org\/{rel}","templated":true}]}}