{"id":4735,"date":"2023-05-23T12:14:58","date_gmt":"2023-05-23T10:14:58","guid":{"rendered":"https:\/\/zaciski-regtruck.pl\/?post_type=product&#038;p=4735"},"modified":"2024-03-17T03:16:49","modified_gmt":"2024-03-17T02:16:49","slug":"zacisk-hamulcowy-st7-prawy","status":"publish","type":"product","link":"https:\/\/zaciski-regtruck.pl\/fr\/produkt\/zacisk-hamulcowy-st7-prawy\/","title":{"rendered":"Zacisk hamulcowy ST7 PRAWY &#8211; SAF Z PRAWEJ D\u0141UGA"},"content":{"rendered":"\t\t<div data-elementor-type=\"product-post\" data-elementor-id=\"4735\" class=\"elementor elementor-4735\" data-elementor-post-type=\"product\">\n\t\t\t\t\t\t<section data-particle_enable=\"false\" data-particle-mobile-disabled=\"false\" class=\"elementor-section elementor-top-section elementor-element elementor-element-35c913d9 elementor-section-boxed elementor-section-height-default elementor-section-height-default\" data-id=\"35c913d9\" data-element_type=\"section\" data-e-type=\"section\">\n\t\t\t\t\t\t<div class=\"elementor-container elementor-column-gap-default\">\n\t\t\t\t\t<div class=\"elementor-column elementor-col-100 elementor-top-column elementor-element elementor-element-7db474d\" data-id=\"7db474d\" data-element_type=\"column\" data-e-type=\"column\">\n\t\t\t<div class=\"elementor-widget-wrap elementor-element-populated\">\n\t\t\t\t\t\t<div class=\"elementor-element elementor-element-7d3ee497 elementor-widget elementor-widget-text-editor\" data-id=\"7d3ee497\" data-element_type=\"widget\" data-e-type=\"widget\" data-widget_type=\"text-editor.default\">\n\t\t\t\t<div class=\"elementor-widget-container\">\n\t\t\t\t\t\t\t\t\t<h2>Zacisk hamulcowy<\/h2><h2>RT-BC-707R\u00a0Zacisk hamulcowy ST7 PRAWY &#8211;<\/h2><h2>Oferujemy Pa\u0144stwu zacisk hamulcowy najwy\u017cszej jako\u015bci.<\/h2><h3><span style=\"color: #000000;\">Naszym klientom gwarantujemy 100% satysfakcji<\/span><\/h3><div><div><div><ul><li><span style=\"color: #000000;\">\u0141o\u017cysko poprzeczne zamkni\u0119ty<\/span><\/li><li><span style=\"color: #000000;\">Nadaj\u0105cy si\u0119 do EBS tak<\/span><\/li><li><span style=\"color: #000000;\">Wersja hamulc\u00f3w hamulce tarczowe osiowe<\/span><\/li><li><span style=\"color: #000000;\">Wska\u017anik zu\u017cycia indukcyjny tak<\/span><\/li><li><span style=\"color: #000000;\">Uk\u0142ad hamulcowy pneumatyczny<\/span><\/li><li><span style=\"color: #000000;\">Mechanizm cofania adapter wymienny tak<\/span><\/li><li><span style=\"color: #000000;\">Zestaw naprawczy do \u0142o\u017cyskowania tak<\/span><\/li><li><span style=\"color: #000000;\">Ok\u0142adzina nie<\/span><\/li><li><span style=\"color: #000000;\">Strona prawa<\/span><\/li><\/ul><\/div><\/div><\/div>\t\t\t\t\t\t\t\t<\/div>\n\t\t\t\t<\/div>\n\t\t\t\t\t<\/div>\n\t\t<\/div>\n\t\t\t\t\t<\/div>\n\t\t<\/section>\n\t\t\t\t<\/div>\n\t\t","protected":false},"excerpt":{"rendered":"<h3>W ofercie sprzeda\u017cy posiadamy<br \/>\nZacisk hamulcowy VOLVO FH PRAWY PRZOD ELSA225 po regeneracji.<\/h3>\n","protected":false},"featured_media":4738,"template":"","meta":[],"product_brand":[],"product_cat":[131,134,132,135,133],"product_tag":[437,438,205,764,765],"class_list":{"0":"post-4735","1":"product","2":"type-product","3":"status-publish","4":"has-post-thumbnail","6":"product_cat-saf","7":"product_cat-haldex-saf","8":"product_cat-knorr-bremse-saf","9":"product_cat-saf-saf","10":"product_cat-wabco-saf","11":"product_tag-regeneracja-zaciskow","12":"product_tag-regeneracja-zaciskow-hamulcowych","13":"product_tag-zacisk-hamulcowy","14":"product_tag-zacisk-hamulcowy-st7-prawy","15":"product_tag-zacisk-hamulcowy-st7-prawy-saf-z-prawej-dluga","17":"first","18":"instock","19":"featured","20":"taxable","21":"shipping-taxable","22":"purchasable","23":"product-type-variable","24":"has-default-attributes"},"_links":{"self":[{"href":"https:\/\/zaciski-regtruck.pl\/fr\/wp-json\/wp\/v2\/product\/4735","targetHints":{"allow":["GET"]}}],"collection":[{"href":"https:\/\/zaciski-regtruck.pl\/fr\/wp-json\/wp\/v2\/product"}],"about":[{"href":"https:\/\/zaciski-regtruck.pl\/fr\/wp-json\/wp\/v2\/types\/product"}],"version-history":[{"count":5,"href":"https:\/\/zaciski-regtruck.pl\/fr\/wp-json\/wp\/v2\/product\/4735\/revisions"}],"predecessor-version":[{"id":4745,"href":"https:\/\/zaciski-regtruck.pl\/fr\/wp-json\/wp\/v2\/product\/4735\/revisions\/4745"}],"wp:featuredmedia":[{"embeddable":true,"href":"https:\/\/zaciski-regtruck.pl\/fr\/wp-json\/wp\/v2\/media\/4738"}],"wp:attachment":[{"href":"https:\/\/zaciski-regtruck.pl\/fr\/wp-json\/wp\/v2\/media?parent=4735"}],"wp:term":[{"taxonomy":"product_brand","embeddable":true,"href":"https:\/\/zaciski-regtruck.pl\/fr\/wp-json\/wp\/v2\/product_brand?post=4735"},{"taxonomy":"product_cat","embeddable":true,"href":"https:\/\/zaciski-regtruck.pl\/fr\/wp-json\/wp\/v2\/product_cat?post=4735"},{"taxonomy":"product_tag","embeddable":true,"href":"https:\/\/zaciski-regtruck.pl\/fr\/wp-json\/wp\/v2\/product_tag?post=4735"}],"curies":[{"name":"wp","href":"https:\/\/api.w.org\/{rel}","templated":true}]}}