{"id":5835,"date":"2023-07-20T19:20:01","date_gmt":"2023-07-20T17:20:01","guid":{"rendered":"https:\/\/zaciski-regtruck.pl\/?post_type=product&#038;p=5835"},"modified":"2025-06-02T14:49:12","modified_gmt":"2025-06-02T12:49:12","slug":"zawor-vtg-nastawnik-sterownik-vtg-daf-xf-106-euro-6-2201112-2140163","status":"publish","type":"product","link":"https:\/\/zaciski-regtruck.pl\/fr\/produkt\/zawor-vtg-nastawnik-sterownik-vtg-daf-xf-106-euro-6-2201112-2140163\/","title":{"rendered":"Zaw\u00f3r VTG nastawnik sterownik VTG Daf XF 106\u00a0euro\u00a06 2201112, 2140163"},"content":{"rendered":"\t\t<div data-elementor-type=\"product-post\" data-elementor-id=\"5835\" class=\"elementor elementor-5835\" data-elementor-post-type=\"product\">\n\t\t\t\t\t\t<section data-particle_enable=\"false\" data-particle-mobile-disabled=\"false\" class=\"elementor-section elementor-top-section elementor-element elementor-element-35c913d9 elementor-section-boxed elementor-section-height-default elementor-section-height-default\" data-id=\"35c913d9\" data-element_type=\"section\" data-e-type=\"section\">\n\t\t\t\t\t\t<div class=\"elementor-container elementor-column-gap-default\">\n\t\t\t\t\t<div class=\"elementor-column elementor-col-100 elementor-top-column elementor-element elementor-element-7db474d\" data-id=\"7db474d\" data-element_type=\"column\" data-e-type=\"column\">\n\t\t\t<div class=\"elementor-widget-wrap elementor-element-populated\">\n\t\t\t\t\t\t<div class=\"elementor-element elementor-element-7d3ee497 elementor-widget elementor-widget-text-editor\" data-id=\"7d3ee497\" data-element_type=\"widget\" data-e-type=\"widget\" data-widget_type=\"text-editor.default\">\n\t\t\t\t<div class=\"elementor-widget-container\">\n\t\t\t\t\t\t\t\t\t<h2 class=\"product_title entry-title elementor-heading-title elementor-size-default\" style=\"font-family: -apple-system, BlinkMacSystemFont, 'Segoe UI', Roboto, 'Helvetica Neue', Arial, 'Noto Sans', sans-serif, 'Apple Color Emoji', 'Segoe UI Emoji', 'Segoe UI Symbol', 'Noto Color Emoji'; color: #333333; display: var(--page-title-display);\">Zaw\u00f3r VTG<\/h2><h2>\u00a0nastawnik sterownik VTG Daf XF 106 euro 6 2201112, 2140163<\/h2><h2>Oferujemy Pa\u0144stwu nastawnik zaworu VTG najwy\u017cszej jako\u015bci.<\/h2><h3><span style=\"color: #000000;\">Naszym klientom gwarantujemy 100% satysfakcji<\/span><\/h3>\t\t\t\t\t\t\t\t<\/div>\n\t\t\t\t<\/div>\n\t\t\t\t\t<\/div>\n\t\t<\/div>\n\t\t\t\t\t<\/div>\n\t\t<\/section>\n\t\t\t\t<\/div>\n\t\t","protected":false},"excerpt":{"rendered":"<h3>W ofercie sprzeda\u017cy posiadamy<br \/>\nZaw\u00f3r VTG nastawnik sterownik VTG Daf XF 106\u00a0euro\u00a06 po regeneracji.<\/h3>\n","protected":false},"featured_media":12328,"template":"","meta":[],"product_brand":[],"product_cat":[1461,1462],"product_tag":[1469,1466,1468,1467,1474,1473,1471,1470,1476,1475,1465],"class_list":{"0":"post-5835","1":"product","2":"type-product","3":"status-publish","4":"has-post-thumbnail","6":"product_cat-zawory-vtg","7":"product_cat-daf-2","8":"product_tag-1469","9":"product_tag-1466","10":"product_tag-1468","11":"product_tag-daf-2201112","12":"product_tag-regeneracja-sterownikow-vtg","13":"product_tag-regeneracja-vtg","14":"product_tag-vtg-daf","15":"product_tag-zawor-vtg-daf-106","16":"product_tag-zawor-vtg-daf-xf-106","17":"product_tag-zawor-vtg-nastawnik-sterownik-vtg-daf-xf-106","18":"product_tag-zawor-vtg-nastawnik-sterownik-vtg-daf-xf-106-euro-6-2201112","20":"first","21":"instock","22":"featured","23":"taxable","24":"shipping-taxable","25":"purchasable","26":"product-type-variable"},"_links":{"self":[{"href":"https:\/\/zaciski-regtruck.pl\/fr\/wp-json\/wp\/v2\/product\/5835","targetHints":{"allow":["GET"]}}],"collection":[{"href":"https:\/\/zaciski-regtruck.pl\/fr\/wp-json\/wp\/v2\/product"}],"about":[{"href":"https:\/\/zaciski-regtruck.pl\/fr\/wp-json\/wp\/v2\/types\/product"}],"version-history":[{"count":9,"href":"https:\/\/zaciski-regtruck.pl\/fr\/wp-json\/wp\/v2\/product\/5835\/revisions"}],"predecessor-version":[{"id":5848,"href":"https:\/\/zaciski-regtruck.pl\/fr\/wp-json\/wp\/v2\/product\/5835\/revisions\/5848"}],"wp:featuredmedia":[{"embeddable":true,"href":"https:\/\/zaciski-regtruck.pl\/fr\/wp-json\/wp\/v2\/media\/12328"}],"wp:attachment":[{"href":"https:\/\/zaciski-regtruck.pl\/fr\/wp-json\/wp\/v2\/media?parent=5835"}],"wp:term":[{"taxonomy":"product_brand","embeddable":true,"href":"https:\/\/zaciski-regtruck.pl\/fr\/wp-json\/wp\/v2\/product_brand?post=5835"},{"taxonomy":"product_cat","embeddable":true,"href":"https:\/\/zaciski-regtruck.pl\/fr\/wp-json\/wp\/v2\/product_cat?post=5835"},{"taxonomy":"product_tag","embeddable":true,"href":"https:\/\/zaciski-regtruck.pl\/fr\/wp-json\/wp\/v2\/product_tag?post=5835"}],"curies":[{"name":"wp","href":"https:\/\/api.w.org\/{rel}","templated":true}]}}