{"id":5867,"date":"2023-07-29T12:48:40","date_gmt":"2023-07-29T10:48:40","guid":{"rendered":"https:\/\/zaciski-regtruck.pl\/?post_type=product&#038;p=5867"},"modified":"2025-05-26T13:42:44","modified_gmt":"2025-05-26T11:42:44","slug":"sprezarka-powietrza-voith-lp490-mercedes-actros-axor-mp-4-4711304215-4711304015","status":"publish","type":"product","link":"https:\/\/zaciski-regtruck.pl\/fr\/produkt\/sprezarka-powietrza-voith-lp490-mercedes-actros-axor-mp-4-4711304215-4711304015\/","title":{"rendered":"Spr\u0119\u017carka powietrza Voith LP490 Mercedes Actros\/Axor\u00a0MP\u00a04 4711304215, 4711304015"},"content":{"rendered":"\t\t<div data-elementor-type=\"product-post\" data-elementor-id=\"5867\" class=\"elementor elementor-5867\" data-elementor-post-type=\"product\">\n\t\t\t\t\t\t<section data-particle_enable=\"false\" data-particle-mobile-disabled=\"false\" class=\"elementor-section elementor-top-section elementor-element elementor-element-35c913d9 elementor-section-boxed elementor-section-height-default elementor-section-height-default\" data-id=\"35c913d9\" data-element_type=\"section\" data-e-type=\"section\">\n\t\t\t\t\t\t<div class=\"elementor-container elementor-column-gap-default\">\n\t\t\t\t\t<div class=\"elementor-column elementor-col-100 elementor-top-column elementor-element elementor-element-7db474d\" data-id=\"7db474d\" data-element_type=\"column\" data-e-type=\"column\">\n\t\t\t<div class=\"elementor-widget-wrap elementor-element-populated\">\n\t\t\t\t\t\t<div class=\"elementor-element elementor-element-7d3ee497 elementor-widget elementor-widget-text-editor\" data-id=\"7d3ee497\" data-element_type=\"widget\" data-e-type=\"widget\" data-widget_type=\"text-editor.default\">\n\t\t\t\t<div class=\"elementor-widget-container\">\n\t\t\t\t\t\t\t\t\t<h2 style=\"font-family: -apple-system, BlinkMacSystemFont, 'Segoe UI', Roboto, 'Helvetica Neue', Arial, 'Noto Sans', sans-serif, 'Apple Color Emoji', 'Segoe UI Emoji', 'Segoe UI Symbol', 'Noto Color Emoji'; color: #333333; display: var(--page-title-display);\">Spr\u0119\u017carka powietrza&nbsp;<\/h2>\n<h2 style=\"font-family: -apple-system, BlinkMacSystemFont, 'Segoe UI', Roboto, 'Helvetica Neue', Arial, 'Noto Sans', sans-serif, 'Apple Color Emoji', 'Segoe UI Emoji', 'Segoe UI Symbol', 'Noto Color Emoji'; color: #333333; display: var(--page-title-display);\">Voith LP490 Mercedes Actros\/Axor MP 4 4711304215, 4711304015<\/h2>\n<h2>Oferujemy Pa\u0144stwu spr\u0119\u017cark\u0119 powietrza Voith LP490 najwy\u017cszej jako\u015bci.<\/h2>\n<h3><span style=\"color: #000000;\">Naszym klientom gwarantujemy 100% satysfakcji<\/span><\/h3>\t\t\t\t\t\t\t\t<\/div>\n\t\t\t\t<\/div>\n\t\t\t\t\t<\/div>\n\t\t<\/div>\n\t\t\t\t\t<\/div>\n\t\t<\/section>\n\t\t\t\t<\/div>\n\t\t","protected":false},"excerpt":{"rendered":"<h3>W ofercie sprzeda\u017cy posiadamy<br \/>\nSpr\u0119\u017carka powietrza Voith LP490 Mercedes Actros\/Axor MP 46 po regeneracji.<\/h3>\n","protected":false},"featured_media":5878,"template":"","meta":[],"product_brand":[],"product_cat":[196,45],"product_tag":[1495,1496,1494,1493,1497,1499,2762,1498,2761],"class_list":{"0":"post-5867","1":"product","2":"type-product","3":"status-publish","4":"has-post-thumbnail","6":"product_cat-mercedes-benz-sprezarki-powietrza","7":"product_cat-sprezarki-powietrza","8":"product_tag-1495","9":"product_tag-1496","10":"product_tag-1494","11":"product_tag-1493","12":"product_tag-1497","13":"product_tag-lp490","14":"product_tag-sprezarka-powietrza-voith-lp490-mercedes-actros-axor-mp-4-4711304215","15":"product_tag-voith","16":"product_tag-voith-lp490-mercedes-actros-axor-mp-4","18":"first","19":"instock","20":"featured","21":"taxable","22":"shipping-taxable","23":"purchasable","24":"product-type-variable"},"_links":{"self":[{"href":"https:\/\/zaciski-regtruck.pl\/fr\/wp-json\/wp\/v2\/product\/5867","targetHints":{"allow":["GET"]}}],"collection":[{"href":"https:\/\/zaciski-regtruck.pl\/fr\/wp-json\/wp\/v2\/product"}],"about":[{"href":"https:\/\/zaciski-regtruck.pl\/fr\/wp-json\/wp\/v2\/types\/product"}],"version-history":[{"count":25,"href":"https:\/\/zaciski-regtruck.pl\/fr\/wp-json\/wp\/v2\/product\/5867\/revisions"}],"predecessor-version":[{"id":10934,"href":"https:\/\/zaciski-regtruck.pl\/fr\/wp-json\/wp\/v2\/product\/5867\/revisions\/10934"}],"wp:featuredmedia":[{"embeddable":true,"href":"https:\/\/zaciski-regtruck.pl\/fr\/wp-json\/wp\/v2\/media\/5878"}],"wp:attachment":[{"href":"https:\/\/zaciski-regtruck.pl\/fr\/wp-json\/wp\/v2\/media?parent=5867"}],"wp:term":[{"taxonomy":"product_brand","embeddable":true,"href":"https:\/\/zaciski-regtruck.pl\/fr\/wp-json\/wp\/v2\/product_brand?post=5867"},{"taxonomy":"product_cat","embeddable":true,"href":"https:\/\/zaciski-regtruck.pl\/fr\/wp-json\/wp\/v2\/product_cat?post=5867"},{"taxonomy":"product_tag","embeddable":true,"href":"https:\/\/zaciski-regtruck.pl\/fr\/wp-json\/wp\/v2\/product_tag?post=5867"}],"curies":[{"name":"wp","href":"https:\/\/api.w.org\/{rel}","templated":true}]}}