{"id":5886,"date":"2023-07-29T13:19:39","date_gmt":"2023-07-29T11:19:39","guid":{"rendered":"https:\/\/zaciski-regtruck.pl\/?post_type=product&#038;p=5886"},"modified":"2024-04-23T13:27:02","modified_gmt":"2024-04-23T11:27:02","slug":"pompa-adblue-man-tgx-tga-euro-6-81154036117001-81154036117002","status":"publish","type":"product","link":"https:\/\/zaciski-regtruck.pl\/fr\/produkt\/pompa-adblue-man-tgx-tga-euro-6-81154036117001-81154036117002\/","title":{"rendered":"Pompa Adblue MAN Tgx\/Tga Euro\u00a06 81154036117001, 81154036117002"},"content":{"rendered":"\t\t<div data-elementor-type=\"product-post\" data-elementor-id=\"5886\" class=\"elementor elementor-5886\" data-elementor-post-type=\"product\">\n\t\t\t\t\t\t<section data-particle_enable=\"false\" data-particle-mobile-disabled=\"false\" class=\"elementor-section elementor-top-section elementor-element elementor-element-35c913d9 elementor-section-boxed elementor-section-height-default elementor-section-height-default\" data-id=\"35c913d9\" data-element_type=\"section\" data-e-type=\"section\">\n\t\t\t\t\t\t<div class=\"elementor-container elementor-column-gap-default\">\n\t\t\t\t\t<div class=\"elementor-column elementor-col-100 elementor-top-column elementor-element elementor-element-7db474d\" data-id=\"7db474d\" data-element_type=\"column\" data-e-type=\"column\">\n\t\t\t<div class=\"elementor-widget-wrap elementor-element-populated\">\n\t\t\t\t\t\t<div class=\"elementor-element elementor-element-7d3ee497 elementor-widget elementor-widget-text-editor\" data-id=\"7d3ee497\" data-element_type=\"widget\" data-e-type=\"widget\" data-widget_type=\"text-editor.default\">\n\t\t\t\t<div class=\"elementor-widget-container\">\n\t\t\t\t\t\t\t\t\t<h2 style=\"display: var(--page-title-display);\">Pompa Adblue\u00a0<\/h2><h2 style=\"display: var(--page-title-display);\">MAN Tgx\/Tga Euro 6 81154036117001, 81154036117002<\/h2><h2>Oferujemy Pa\u0144stwu Pompe ADBLUE najwy\u017cszej jako\u015bci.<\/h2><h3><span style=\"color: #000000;\">Naszym klientom gwarantujemy 100% satysfakcji<\/span><\/h3>\t\t\t\t\t\t\t\t<\/div>\n\t\t\t\t<\/div>\n\t\t\t\t\t<\/div>\n\t\t<\/div>\n\t\t\t\t\t<\/div>\n\t\t<\/section>\n\t\t\t\t<\/div>\n\t\t","protected":false},"excerpt":{"rendered":"<h3>W ofercie sprzeda\u017cy posiadamy<br \/>\nPompa Adblue MAN Tgx\/Tga Euro\u00a06 po regeneracji.<\/h3>\n","protected":false},"featured_media":5903,"template":"","meta":[],"product_brand":[],"product_cat":[158,41],"product_tag":[1507,1508,1509,1510,1511,1505,1506,1513,1512],"class_list":{"0":"post-5886","1":"product","2":"type-product","3":"status-publish","4":"has-post-thumbnail","6":"product_cat-man-pompy-adblue","7":"product_cat-pompy-adblue","8":"product_tag-81-15403-6117","9":"product_tag-81-15403-6118","10":"product_tag-81-15404-6134","11":"product_tag-81-15404-6138","12":"product_tag-81-15404-6139","13":"product_tag-1505","14":"product_tag-1506","15":"product_tag-pompa-adblue-man-tgx-tga-euro-6","16":"product_tag-pompa-adblue-man-tgx-tga-euro-6-81154036117001","18":"first","19":"instock","20":"featured","21":"taxable","22":"shipping-taxable","23":"purchasable","24":"product-type-variable"},"_links":{"self":[{"href":"https:\/\/zaciski-regtruck.pl\/fr\/wp-json\/wp\/v2\/product\/5886","targetHints":{"allow":["GET"]}}],"collection":[{"href":"https:\/\/zaciski-regtruck.pl\/fr\/wp-json\/wp\/v2\/product"}],"about":[{"href":"https:\/\/zaciski-regtruck.pl\/fr\/wp-json\/wp\/v2\/types\/product"}],"version-history":[{"count":17,"href":"https:\/\/zaciski-regtruck.pl\/fr\/wp-json\/wp\/v2\/product\/5886\/revisions"}],"predecessor-version":[{"id":10112,"href":"https:\/\/zaciski-regtruck.pl\/fr\/wp-json\/wp\/v2\/product\/5886\/revisions\/10112"}],"wp:featuredmedia":[{"embeddable":true,"href":"https:\/\/zaciski-regtruck.pl\/fr\/wp-json\/wp\/v2\/media\/5903"}],"wp:attachment":[{"href":"https:\/\/zaciski-regtruck.pl\/fr\/wp-json\/wp\/v2\/media?parent=5886"}],"wp:term":[{"taxonomy":"product_brand","embeddable":true,"href":"https:\/\/zaciski-regtruck.pl\/fr\/wp-json\/wp\/v2\/product_brand?post=5886"},{"taxonomy":"product_cat","embeddable":true,"href":"https:\/\/zaciski-regtruck.pl\/fr\/wp-json\/wp\/v2\/product_cat?post=5886"},{"taxonomy":"product_tag","embeddable":true,"href":"https:\/\/zaciski-regtruck.pl\/fr\/wp-json\/wp\/v2\/product_tag?post=5886"}],"curies":[{"name":"wp","href":"https:\/\/api.w.org\/{rel}","templated":true}]}}