{"id":6121,"date":"2023-08-07T10:36:07","date_gmt":"2023-08-07T08:36:07","guid":{"rendered":"https:\/\/zaciski-regtruck.pl\/?post_type=product&#038;p=6121"},"modified":"2023-08-07T13:11:13","modified_gmt":"2023-08-07T11:11:13","slug":"sprezarka-kompresor-klimatyzacji-sepheros-fkx40-470-n","status":"publish","type":"product","link":"https:\/\/zaciski-regtruck.pl\/fr\/produkt\/sprezarka-kompresor-klimatyzacji-sepheros-fkx40-470-n\/","title":{"rendered":"Spr\u0119\u017carka &#8211; kompresor klimatyzacji SEPHEROS fkx40\/470 n"},"content":{"rendered":"\t\t<div data-elementor-type=\"product-post\" data-elementor-id=\"6121\" class=\"elementor elementor-6121\" data-elementor-post-type=\"product\">\n\t\t\t\t\t\t<section data-particle_enable=\"false\" data-particle-mobile-disabled=\"false\" class=\"elementor-section elementor-top-section elementor-element elementor-element-35c913d9 elementor-section-boxed elementor-section-height-default elementor-section-height-default\" data-id=\"35c913d9\" data-element_type=\"section\" data-e-type=\"section\">\n\t\t\t\t\t\t<div class=\"elementor-container elementor-column-gap-default\">\n\t\t\t\t\t<div class=\"elementor-column elementor-col-100 elementor-top-column elementor-element elementor-element-7db474d\" data-id=\"7db474d\" data-element_type=\"column\" data-e-type=\"column\">\n\t\t\t<div class=\"elementor-widget-wrap elementor-element-populated\">\n\t\t\t\t\t\t<div class=\"elementor-element elementor-element-7d3ee497 elementor-widget elementor-widget-text-editor\" data-id=\"7d3ee497\" data-element_type=\"widget\" data-e-type=\"widget\" data-widget_type=\"text-editor.default\">\n\t\t\t\t<div class=\"elementor-widget-container\">\n\t\t\t\t\t\t\t\t\t<h2>Spr\u0119\u017carka &#8211; kompresor klimatyzacji SEPHEROS fkx40\/470 n , 91295, ASO9247A020<\/h2><hr \/><h3><span style=\"color: #000000;\">Oferujemy Pa\u0144stwu zregenerowan\u0105<\/span><\/h3><h2>Spr\u0119\u017cark\u0119 &#8211; kompresor klimatyzacji SEPHEROS<\/h2><h3><span style=\"color: #000000;\">najwy\u017cszej jako\u015bci.\u00a0<\/span><\/h3><h3><span style=\"color: #000000;\">Naszym klientom gwarantujemy 100% satysfakcji<\/span><\/h3>\t\t\t\t\t\t\t\t<\/div>\n\t\t\t\t<\/div>\n\t\t\t\t\t<\/div>\n\t\t<\/div>\n\t\t\t\t\t<\/div>\n\t\t<\/section>\n\t\t\t\t<\/div>\n\t\t","protected":false},"excerpt":{"rendered":"<h3>W ofercie sprzeda\u017cy posiadamy spr\u0119\u017cark\u0119\u00a0&#8211; kompresor klimatyzacji SEPHEROS fkx40\/470 n po regeneracji.<\/h3>\n","protected":false},"featured_media":6133,"template":"","meta":[],"product_brand":[],"product_cat":[45],"product_tag":[1534,1533,1535,1532,1536,1530,1529,1528],"class_list":{"0":"post-6121","1":"product","2":"type-product","3":"status-publish","4":"has-post-thumbnail","6":"product_cat-sprezarki-powietrza","7":"product_tag-1534","8":"product_tag-aso9247a020","9":"product_tag-fkx40","10":"product_tag-fkx40-470-n","11":"product_tag-fkx470-n","12":"product_tag-sepheros-fkx40-470-n","13":"product_tag-sprezarka-kompresor-klimatyzacji","14":"product_tag-sprezarka-kompresor-klimatyzacji-sepheros-fkx40-470-n","16":"first","17":"instock","18":"featured","19":"taxable","20":"shipping-taxable","21":"purchasable","22":"product-type-variable"},"_links":{"self":[{"href":"https:\/\/zaciski-regtruck.pl\/fr\/wp-json\/wp\/v2\/product\/6121","targetHints":{"allow":["GET"]}}],"collection":[{"href":"https:\/\/zaciski-regtruck.pl\/fr\/wp-json\/wp\/v2\/product"}],"about":[{"href":"https:\/\/zaciski-regtruck.pl\/fr\/wp-json\/wp\/v2\/types\/product"}],"version-history":[{"count":5,"href":"https:\/\/zaciski-regtruck.pl\/fr\/wp-json\/wp\/v2\/product\/6121\/revisions"}],"predecessor-version":[{"id":6135,"href":"https:\/\/zaciski-regtruck.pl\/fr\/wp-json\/wp\/v2\/product\/6121\/revisions\/6135"}],"wp:featuredmedia":[{"embeddable":true,"href":"https:\/\/zaciski-regtruck.pl\/fr\/wp-json\/wp\/v2\/media\/6133"}],"wp:attachment":[{"href":"https:\/\/zaciski-regtruck.pl\/fr\/wp-json\/wp\/v2\/media?parent=6121"}],"wp:term":[{"taxonomy":"product_brand","embeddable":true,"href":"https:\/\/zaciski-regtruck.pl\/fr\/wp-json\/wp\/v2\/product_brand?post=6121"},{"taxonomy":"product_cat","embeddable":true,"href":"https:\/\/zaciski-regtruck.pl\/fr\/wp-json\/wp\/v2\/product_cat?post=6121"},{"taxonomy":"product_tag","embeddable":true,"href":"https:\/\/zaciski-regtruck.pl\/fr\/wp-json\/wp\/v2\/product_tag?post=6121"}],"curies":[{"name":"wp","href":"https:\/\/api.w.org\/{rel}","templated":true}]}}