{"id":6207,"date":"2023-08-09T09:37:13","date_gmt":"2023-08-09T07:37:13","guid":{"rendered":"https:\/\/zaciski-regtruck.pl\/?post_type=product&#038;p=6207"},"modified":"2023-08-09T10:28:59","modified_gmt":"2023-08-09T08:28:59","slug":"turbosprezarka-daf-xf-105-13879700066-1689175","status":"publish","type":"product","link":"https:\/\/zaciski-regtruck.pl\/fr\/produkt\/turbosprezarka-daf-xf-105-13879700066-1689175\/","title":{"rendered":"Turbospr\u0119\u017carka Daf Xf\u00a0105 13879700066, 1689175"},"content":{"rendered":"\t\t<div data-elementor-type=\"product-post\" data-elementor-id=\"6207\" class=\"elementor elementor-6207\" data-elementor-post-type=\"product\">\n\t\t\t\t\t\t<section data-particle_enable=\"false\" data-particle-mobile-disabled=\"false\" class=\"elementor-section elementor-top-section elementor-element elementor-element-35c913d9 elementor-section-boxed elementor-section-height-default elementor-section-height-default\" data-id=\"35c913d9\" data-element_type=\"section\" data-e-type=\"section\">\n\t\t\t\t\t\t<div class=\"elementor-container elementor-column-gap-default\">\n\t\t\t\t\t<div class=\"elementor-column elementor-col-100 elementor-top-column elementor-element elementor-element-7db474d\" data-id=\"7db474d\" data-element_type=\"column\" data-e-type=\"column\">\n\t\t\t<div class=\"elementor-widget-wrap elementor-element-populated\">\n\t\t\t\t\t\t<div class=\"elementor-element elementor-element-7d3ee497 elementor-widget elementor-widget-text-editor\" data-id=\"7d3ee497\" data-element_type=\"widget\" data-e-type=\"widget\" data-widget_type=\"text-editor.default\">\n\t\t\t\t<div class=\"elementor-widget-container\">\n\t\t\t\t\t\t\t\t\t<h2>Turbospr\u0119\u017carka Daf Xf 105 13879700066<\/h2><h3>Czo\u0142owi producenci: Garrett, Holset, KKK i IHI<\/h3><hr \/><h3><span style=\"color: #000000;\">Oferujemy Pa\u0144stwu zregenerowan\u0105 turbospr\u0119\u017cark\u0119 najwy\u017cszej jako\u015bci.\u00a0<\/span><\/h3><h3><span style=\"color: #000000;\">Naszym klientom gwarantujemy 100% satysfakcji<\/span><\/h3>\t\t\t\t\t\t\t\t<\/div>\n\t\t\t\t<\/div>\n\t\t\t\t\t<\/div>\n\t\t<\/div>\n\t\t\t\t\t<\/div>\n\t\t<\/section>\n\t\t\t\t<\/div>\n\t\t","protected":false},"excerpt":{"rendered":"<h3>W ofercie sprzeda\u017cy posiadamy Turbospr\u0119\u017cark\u0119 Daf Xf 105 Garrett, Holset, KKK i IHI po regeneracji.<\/h3>\n","protected":false},"featured_media":6217,"template":"","meta":[],"product_brand":[],"product_cat":[163,42],"product_tag":[1559,1560,1563,1562,1558,1561,1565,1564,1566,1567,1570,1571,1572,252,251,1557],"class_list":{"0":"post-6207","1":"product","2":"type-product","3":"status-publish","4":"has-post-thumbnail","6":"product_cat-daf-regeneracja-turbosprezarek","7":"product_cat-regeneracja-turbosprezarek","8":"product_tag-1559","9":"product_tag-1560","10":"product_tag-1563","11":"product_tag-1562","12":"product_tag-1558","13":"product_tag-1689175r","14":"product_tag-1565","15":"product_tag-1564","16":"product_tag-1566","17":"product_tag-3005700c93","18":"product_tag-czolowi-producenci-garrett","19":"product_tag-holset","20":"product_tag-kkk-i-ihi","21":"product_tag-regeneracja-turbosprezarek","22":"product_tag-turbosprezarka","23":"product_tag-turbosprezarka-daf-xf-105-13879700066","25":"first","26":"instock","27":"featured","28":"taxable","29":"shipping-taxable","30":"purchasable","31":"product-type-variable"},"_links":{"self":[{"href":"https:\/\/zaciski-regtruck.pl\/fr\/wp-json\/wp\/v2\/product\/6207","targetHints":{"allow":["GET"]}}],"collection":[{"href":"https:\/\/zaciski-regtruck.pl\/fr\/wp-json\/wp\/v2\/product"}],"about":[{"href":"https:\/\/zaciski-regtruck.pl\/fr\/wp-json\/wp\/v2\/types\/product"}],"version-history":[{"count":7,"href":"https:\/\/zaciski-regtruck.pl\/fr\/wp-json\/wp\/v2\/product\/6207\/revisions"}],"predecessor-version":[{"id":6226,"href":"https:\/\/zaciski-regtruck.pl\/fr\/wp-json\/wp\/v2\/product\/6207\/revisions\/6226"}],"wp:featuredmedia":[{"embeddable":true,"href":"https:\/\/zaciski-regtruck.pl\/fr\/wp-json\/wp\/v2\/media\/6217"}],"wp:attachment":[{"href":"https:\/\/zaciski-regtruck.pl\/fr\/wp-json\/wp\/v2\/media?parent=6207"}],"wp:term":[{"taxonomy":"product_brand","embeddable":true,"href":"https:\/\/zaciski-regtruck.pl\/fr\/wp-json\/wp\/v2\/product_brand?post=6207"},{"taxonomy":"product_cat","embeddable":true,"href":"https:\/\/zaciski-regtruck.pl\/fr\/wp-json\/wp\/v2\/product_cat?post=6207"},{"taxonomy":"product_tag","embeddable":true,"href":"https:\/\/zaciski-regtruck.pl\/fr\/wp-json\/wp\/v2\/product_tag?post=6207"}],"curies":[{"name":"wp","href":"https:\/\/api.w.org\/{rel}","templated":true}]}}