{"id":6462,"date":"2023-09-01T11:16:04","date_gmt":"2023-09-01T09:16:04","guid":{"rendered":"https:\/\/zaciski-regtruck.pl\/?post_type=product&#038;p=6462"},"modified":"2025-06-02T11:21:59","modified_gmt":"2025-06-02T09:21:59","slug":"sterownik-zawor-turbiny-vtg-daf-xf-106-euro-6-1978404-2037560","status":"publish","type":"product","link":"https:\/\/zaciski-regtruck.pl\/fr\/produkt\/sterownik-zawor-turbiny-vtg-daf-xf-106-euro-6-1978404-2037560\/","title":{"rendered":"Sterownik zaw\u00f3r turbiny VTG DAF XF 106 EURO 6 1978404, 2037560"},"content":{"rendered":"\t\t<div data-elementor-type=\"product-post\" data-elementor-id=\"6462\" class=\"elementor elementor-6462\" data-elementor-post-type=\"product\">\n\t\t\t\t\t\t<section data-particle_enable=\"false\" data-particle-mobile-disabled=\"false\" class=\"elementor-section elementor-top-section elementor-element elementor-element-35c913d9 elementor-section-boxed elementor-section-height-default elementor-section-height-default\" data-id=\"35c913d9\" data-element_type=\"section\" data-e-type=\"section\">\n\t\t\t\t\t\t<div class=\"elementor-container elementor-column-gap-default\">\n\t\t\t\t\t<div class=\"elementor-column elementor-col-100 elementor-top-column elementor-element elementor-element-7db474d\" data-id=\"7db474d\" data-element_type=\"column\" data-e-type=\"column\">\n\t\t\t<div class=\"elementor-widget-wrap elementor-element-populated\">\n\t\t\t\t\t\t<div class=\"elementor-element elementor-element-7d3ee497 elementor-widget elementor-widget-text-editor\" data-id=\"7d3ee497\" data-element_type=\"widget\" data-e-type=\"widget\" data-widget_type=\"text-editor.default\">\n\t\t\t\t<div class=\"elementor-widget-container\">\n\t\t\t\t\t\t\t\t\t<h2>Sterownik zaw\u00f3r turbiny VTG DAF XF 106 EURO 6\u00a0<\/h2><h2>1978404 ,2037560, 2037560, 1978404, 2037560<\/h2><h2>Oferujemy Pa\u0144stwu nastawnik zaworu VTG najwy\u017cszej jako\u015bci- NOWY.<\/h2><h3><span style=\"color: #000000;\">Naszym klientom gwarantujemy 100% satysfakcji<\/span><\/h3>\t\t\t\t\t\t\t\t<\/div>\n\t\t\t\t<\/div>\n\t\t\t\t\t<\/div>\n\t\t<\/div>\n\t\t\t\t\t<\/div>\n\t\t<\/section>\n\t\t\t\t<\/div>\n\t\t","protected":false},"excerpt":{"rendered":"<h3>W ofercie sprzeda\u017cy posiadamy<br \/>\nSterownik zaw\u00f3r turbiny VTG DAF XF 106 EURO 6 NOWY.<\/h3>\n","protected":false},"featured_media":12313,"template":"","meta":[],"product_brand":[],"product_cat":[1461,1462],"product_tag":[3267,3265,3266,1653,3264,3261,1648,3262,3263,3268,3269,3271,3270,3275,3274,3276,3273,3272,1474,1473,1650,1649,1647,3259,1471,1470],"class_list":{"0":"post-6462","1":"product","2":"type-product","3":"status-publish","4":"has-post-thumbnail","6":"product_cat-zawory-vtg","7":"product_cat-daf-2","8":"product_tag-3267","9":"product_tag-10r-0312572","10":"product_tag-10r0312572","11":"product_tag-1653","12":"product_tag-3264","13":"product_tag-3261","14":"product_tag-1648","15":"product_tag-3262","16":"product_tag-3263","17":"product_tag-3268","18":"product_tag-3269","19":"product_tag-3271","20":"product_tag-3270","21":"product_tag-3275","22":"product_tag-3274","23":"product_tag-5322883rx","24":"product_tag-3273","25":"product_tag-3272","26":"product_tag-regeneracja-sterownikow-vtg","27":"product_tag-regeneracja-vtg","28":"product_tag-sterownik-zawor-turbiny-vtg","29":"product_tag-sterownik-zawor-turbiny-vtg-daf-xf-105","30":"product_tag-sterownik-zawor-turbiny-vtg-daf-xf-105-euro-6-1978404","31":"product_tag-sterownik-zawor-turbiny-vtg-daf-xf-106-euro-6-1978404","32":"product_tag-vtg-daf","33":"product_tag-zawor-vtg-daf-106","35":"first","36":"instock","37":"featured","38":"taxable","39":"shipping-taxable","40":"purchasable","41":"product-type-variable","42":"has-default-attributes"},"_links":{"self":[{"href":"https:\/\/zaciski-regtruck.pl\/fr\/wp-json\/wp\/v2\/product\/6462","targetHints":{"allow":["GET"]}}],"collection":[{"href":"https:\/\/zaciski-regtruck.pl\/fr\/wp-json\/wp\/v2\/product"}],"about":[{"href":"https:\/\/zaciski-regtruck.pl\/fr\/wp-json\/wp\/v2\/types\/product"}],"version-history":[{"count":13,"href":"https:\/\/zaciski-regtruck.pl\/fr\/wp-json\/wp\/v2\/product\/6462\/revisions"}],"predecessor-version":[{"id":12323,"href":"https:\/\/zaciski-regtruck.pl\/fr\/wp-json\/wp\/v2\/product\/6462\/revisions\/12323"}],"wp:featuredmedia":[{"embeddable":true,"href":"https:\/\/zaciski-regtruck.pl\/fr\/wp-json\/wp\/v2\/media\/12313"}],"wp:attachment":[{"href":"https:\/\/zaciski-regtruck.pl\/fr\/wp-json\/wp\/v2\/media?parent=6462"}],"wp:term":[{"taxonomy":"product_brand","embeddable":true,"href":"https:\/\/zaciski-regtruck.pl\/fr\/wp-json\/wp\/v2\/product_brand?post=6462"},{"taxonomy":"product_cat","embeddable":true,"href":"https:\/\/zaciski-regtruck.pl\/fr\/wp-json\/wp\/v2\/product_cat?post=6462"},{"taxonomy":"product_tag","embeddable":true,"href":"https:\/\/zaciski-regtruck.pl\/fr\/wp-json\/wp\/v2\/product_tag?post=6462"}],"curies":[{"name":"wp","href":"https:\/\/api.w.org\/{rel}","templated":true}]}}