{"id":6569,"date":"2023-09-22T09:22:04","date_gmt":"2023-09-22T07:22:04","guid":{"rendered":"https:\/\/zaciski-regtruck.pl\/?post_type=product&#038;p=6569"},"modified":"2024-01-05T11:24:07","modified_gmt":"2024-01-05T10:24:07","slug":"podstawa-osuszacza-scania-euro-6-2897061","status":"publish","type":"product","link":"https:\/\/zaciski-regtruck.pl\/fr\/produkt\/podstawa-osuszacza-scania-euro-6-2897061\/","title":{"rendered":"Podstawa osuszacza SCANIA euro 6 \u00a02897061 &#8211; NOWY"},"content":{"rendered":"\t\t<div data-elementor-type=\"product-post\" data-elementor-id=\"6569\" class=\"elementor elementor-6569\" data-elementor-post-type=\"product\">\n\t\t\t\t\t\t<section data-particle_enable=\"false\" data-particle-mobile-disabled=\"false\" class=\"elementor-section elementor-top-section elementor-element elementor-element-35c913d9 elementor-section-boxed elementor-section-height-default elementor-section-height-default\" data-id=\"35c913d9\" data-element_type=\"section\" data-e-type=\"section\">\n\t\t\t\t\t\t<div class=\"elementor-container elementor-column-gap-default\">\n\t\t\t\t\t<div class=\"elementor-column elementor-col-100 elementor-top-column elementor-element elementor-element-7db474d\" data-id=\"7db474d\" data-element_type=\"column\" data-e-type=\"column\">\n\t\t\t<div class=\"elementor-widget-wrap elementor-element-populated\">\n\t\t\t\t\t\t<div class=\"elementor-element elementor-element-7d3ee497 elementor-widget elementor-widget-text-editor\" data-id=\"7d3ee497\" data-element_type=\"widget\" data-e-type=\"widget\" data-widget_type=\"text-editor.default\">\n\t\t\t\t<div class=\"elementor-widget-container\">\n\t\t\t\t\t\t\t\t\t<h2>Podstawa osuszacza SCANIA euro 6 \u00a02897061<\/h2><hr \/><h3><span style=\"color: #000000;\">Oferujemy Pa\u0144stwu NOW\u0104 Podstawe Osuszacza Scania Euro 6 najwy\u017cszej jako\u015bci.\u00a0<\/span><\/h3><h3><span style=\"color: #000000;\">Naszym klientom gwarantujemy 100% satysfakcji<\/span><\/h3>\t\t\t\t\t\t\t\t<\/div>\n\t\t\t\t<\/div>\n\t\t\t\t\t<\/div>\n\t\t<\/div>\n\t\t\t\t\t<\/div>\n\t\t<\/section>\n\t\t\t\t<\/div>\n\t\t","protected":false},"excerpt":{"rendered":"<h3>W ofercie sprzeda\u017cy posiadamy\u00a0 NOWY <b>ZAW\u00d3R APS OSUSZACZ PODW\u00d3JNY SCANIA euro 6<\/b>\u00a0po regeneracji.<\/h3>\n","protected":false},"featured_media":6585,"template":"","meta":[],"product_brand":[],"product_cat":[44,179,1819,178],"product_tag":[361,1663,359,360,1662,1664],"class_list":{"0":"post-6569","1":"product","2":"type-product","3":"status-publish","4":"has-post-thumbnail","6":"product_cat-pneumatyka-hamukcowa","7":"product_cat-apm-eac-aps-eapu","8":"product_cat-nowy","9":"product_cat-osuszacze","10":"product_tag-361","11":"product_tag-osuszacza-scania-euro-6-2897061","12":"product_tag-podstawa-osuszacza","13":"product_tag-podstawa-osuszacza-scania","14":"product_tag-podstawa-osuszacza-scania-euro-6-2897061","15":"product_tag-zawor-aps-osuszacz-podwojny-scania-euro-6","17":"first","18":"instock","19":"featured","20":"taxable","21":"shipping-taxable","22":"purchasable","23":"product-type-simple"},"_links":{"self":[{"href":"https:\/\/zaciski-regtruck.pl\/fr\/wp-json\/wp\/v2\/product\/6569","targetHints":{"allow":["GET"]}}],"collection":[{"href":"https:\/\/zaciski-regtruck.pl\/fr\/wp-json\/wp\/v2\/product"}],"about":[{"href":"https:\/\/zaciski-regtruck.pl\/fr\/wp-json\/wp\/v2\/types\/product"}],"version-history":[{"count":14,"href":"https:\/\/zaciski-regtruck.pl\/fr\/wp-json\/wp\/v2\/product\/6569\/revisions"}],"predecessor-version":[{"id":7192,"href":"https:\/\/zaciski-regtruck.pl\/fr\/wp-json\/wp\/v2\/product\/6569\/revisions\/7192"}],"wp:featuredmedia":[{"embeddable":true,"href":"https:\/\/zaciski-regtruck.pl\/fr\/wp-json\/wp\/v2\/media\/6585"}],"wp:attachment":[{"href":"https:\/\/zaciski-regtruck.pl\/fr\/wp-json\/wp\/v2\/media?parent=6569"}],"wp:term":[{"taxonomy":"product_brand","embeddable":true,"href":"https:\/\/zaciski-regtruck.pl\/fr\/wp-json\/wp\/v2\/product_brand?post=6569"},{"taxonomy":"product_cat","embeddable":true,"href":"https:\/\/zaciski-regtruck.pl\/fr\/wp-json\/wp\/v2\/product_cat?post=6569"},{"taxonomy":"product_tag","embeddable":true,"href":"https:\/\/zaciski-regtruck.pl\/fr\/wp-json\/wp\/v2\/product_tag?post=6569"}],"curies":[{"name":"wp","href":"https:\/\/api.w.org\/{rel}","templated":true}]}}