{"id":6605,"date":"2023-09-22T09:43:36","date_gmt":"2023-09-22T07:43:36","guid":{"rendered":"https:\/\/zaciski-regtruck.pl\/?post_type=product&#038;p=6605"},"modified":"2025-05-26T13:42:46","modified_gmt":"2025-05-26T11:42:46","slug":"zacisk-hamulcowy-naczepy-saf-lewy-6401950850","status":"publish","type":"product","link":"https:\/\/zaciski-regtruck.pl\/fr\/produkt\/zacisk-hamulcowy-naczepy-saf-lewy-6401950850\/","title":{"rendered":"Zacisk hamulcowy NACZEPY SAF\u00a0LEWY 6401950850 &#8211; NOWY"},"content":{"rendered":"\t\t<div data-elementor-type=\"product-post\" data-elementor-id=\"6605\" class=\"elementor elementor-6605\" data-elementor-post-type=\"product\">\n\t\t\t\t\t\t<section data-particle_enable=\"false\" data-particle-mobile-disabled=\"false\" class=\"elementor-section elementor-top-section elementor-element elementor-element-35c913d9 elementor-section-boxed elementor-section-height-default elementor-section-height-default\" data-id=\"35c913d9\" data-element_type=\"section\" data-e-type=\"section\">\n\t\t\t\t\t\t<div class=\"elementor-container elementor-column-gap-default\">\n\t\t\t\t\t<div class=\"elementor-column elementor-col-100 elementor-top-column elementor-element elementor-element-7db474d\" data-id=\"7db474d\" data-element_type=\"column\" data-e-type=\"column\">\n\t\t\t<div class=\"elementor-widget-wrap elementor-element-populated\">\n\t\t\t\t\t\t<div class=\"elementor-element elementor-element-7d3ee497 elementor-widget__width-initial elementor-widget elementor-widget-text-editor\" data-id=\"7d3ee497\" data-element_type=\"widget\" data-e-type=\"widget\" data-widget_type=\"text-editor.default\">\n\t\t\t\t<div class=\"elementor-widget-container\">\n\t\t\t\t\t\t\t\t\t<h2>Zacisk hamulcowy<\/h2><h2>Nowy Zacisk hamulcowy NACZEPY SAF LEWY<\/h2><h2>Oferujemy Pa\u0144stwu zacisk hamulcowy najwy\u017cszej jako\u015bci.<\/h2><h3><span style=\"color: #000000;\">Naszym klientom gwarantujemy 100% satysfakcji<\/span><\/h3><div><div><div><ul><li><span style=\"color: #000000;\">NOWY<\/span><\/li><li><span style=\"color: #000000;\">Strona lewa<\/span><\/li><\/ul><\/div><\/div><\/div>\t\t\t\t\t\t\t\t<\/div>\n\t\t\t\t<\/div>\n\t\t\t\t\t<\/div>\n\t\t<\/div>\n\t\t\t\t\t<\/div>\n\t\t<\/section>\n\t\t\t\t<\/div>\n\t\t","protected":false},"excerpt":{"rendered":"<h3>W ofercie sprzeda\u017cy posiadamy<br \/>\nZacisk hamulcowy NACZEPY SAF LEWY po regeneracji.<\/h3>\n","protected":false},"featured_media":6611,"template":"","meta":[],"product_brand":[],"product_cat":[133,1819,131],"product_tag":[424,1674,422,1671,437,438,762,759,205,1670,1669,761,760],"class_list":{"0":"post-6605","1":"product","2":"type-product","3":"status-publish","4":"has-post-thumbnail","6":"product_cat-wabco-saf","7":"product_cat-nowy","8":"product_cat-saf","9":"product_tag-424","10":"product_tag-1674","11":"product_tag-422","12":"product_tag-naczepy-saf-lewy-6401950850","13":"product_tag-regeneracja-zaciskow","14":"product_tag-regeneracja-zaciskow-hamulcowych","15":"product_tag-saf-st7-lewy","16":"product_tag-saf-z-lewej-dluga","17":"product_tag-zacisk-hamulcowy","18":"product_tag-zacisk-hamulcowy-naczepy-saf-lewy","19":"product_tag-zacisk-hamulcowy-naczepy-saf-lewy-640195085","20":"product_tag-zacisk-hamulcowy-saf-st7-lewy","21":"product_tag-zacisk-hamulcowy-saf-st7-lewy-saf-z-lewej-dluga","23":"first","24":"instock","25":"featured","26":"taxable","27":"shipping-taxable","28":"purchasable","29":"product-type-simple"},"_links":{"self":[{"href":"https:\/\/zaciski-regtruck.pl\/fr\/wp-json\/wp\/v2\/product\/6605","targetHints":{"allow":["GET"]}}],"collection":[{"href":"https:\/\/zaciski-regtruck.pl\/fr\/wp-json\/wp\/v2\/product"}],"about":[{"href":"https:\/\/zaciski-regtruck.pl\/fr\/wp-json\/wp\/v2\/types\/product"}],"version-history":[{"count":5,"href":"https:\/\/zaciski-regtruck.pl\/fr\/wp-json\/wp\/v2\/product\/6605\/revisions"}],"predecessor-version":[{"id":6626,"href":"https:\/\/zaciski-regtruck.pl\/fr\/wp-json\/wp\/v2\/product\/6605\/revisions\/6626"}],"wp:featuredmedia":[{"embeddable":true,"href":"https:\/\/zaciski-regtruck.pl\/fr\/wp-json\/wp\/v2\/media\/6611"}],"wp:attachment":[{"href":"https:\/\/zaciski-regtruck.pl\/fr\/wp-json\/wp\/v2\/media?parent=6605"}],"wp:term":[{"taxonomy":"product_brand","embeddable":true,"href":"https:\/\/zaciski-regtruck.pl\/fr\/wp-json\/wp\/v2\/product_brand?post=6605"},{"taxonomy":"product_cat","embeddable":true,"href":"https:\/\/zaciski-regtruck.pl\/fr\/wp-json\/wp\/v2\/product_cat?post=6605"},{"taxonomy":"product_tag","embeddable":true,"href":"https:\/\/zaciski-regtruck.pl\/fr\/wp-json\/wp\/v2\/product_tag?post=6605"}],"curies":[{"name":"wp","href":"https:\/\/api.w.org\/{rel}","templated":true}]}}