{"id":6707,"date":"2023-10-13T13:34:01","date_gmt":"2023-10-13T11:34:01","guid":{"rendered":"https:\/\/zaciski-regtruck.pl\/?post_type=product&#038;p=6707"},"modified":"2025-05-30T12:54:14","modified_gmt":"2025-05-30T10:54:14","slug":"przekladnia-kierownicza-daf-xf-106-euro-6-1846034-1850952","status":"publish","type":"product","link":"https:\/\/zaciski-regtruck.pl\/fr\/produkt\/przekladnia-kierownicza-daf-xf-106-euro-6-1846034-1850952\/","title":{"rendered":"Przek\u0142adnia Kierownicza Daf XF 106\u00a0EURO 6 1846034, 1850952"},"content":{"rendered":"\t\t<div data-elementor-type=\"product-post\" data-elementor-id=\"6707\" class=\"elementor elementor-6707\" data-elementor-post-type=\"product\">\n\t\t\t\t\t\t<section data-particle_enable=\"false\" data-particle-mobile-disabled=\"false\" class=\"elementor-section elementor-top-section elementor-element elementor-element-35c913d9 elementor-section-boxed elementor-section-height-default elementor-section-height-default\" data-id=\"35c913d9\" data-element_type=\"section\" data-e-type=\"section\">\n\t\t\t\t\t\t<div class=\"elementor-container elementor-column-gap-default\">\n\t\t\t\t\t<div class=\"elementor-column elementor-col-100 elementor-top-column elementor-element elementor-element-7db474d\" data-id=\"7db474d\" data-element_type=\"column\" data-e-type=\"column\">\n\t\t\t<div class=\"elementor-widget-wrap elementor-element-populated\">\n\t\t\t\t\t\t<div class=\"elementor-element elementor-element-7d3ee497 elementor-widget elementor-widget-text-editor\" data-id=\"7d3ee497\" data-element_type=\"widget\" data-e-type=\"widget\" data-widget_type=\"text-editor.default\">\n\t\t\t\t<div class=\"elementor-widget-container\">\n\t\t\t\t\t\t\t\t\t<h2>Przek\u0142adnie Kierownicz\u0105 Daf XF 106&nbsp;8&#215;4<\/h2>\n<hr>\n<h3><span style=\"color: #000000;\">Oferujemy Pa\u0144stwu zregenerowan\u0105<\/span><\/h3>\n<h3>Przek\u0142adnie Kierownicz\u0105 Daf XF 106&nbsp;EURO 6 1846034, 1850952&nbsp;<\/h3>\n<h3><span style=\"color: #000000;\">najwy\u017cszej jako\u015bci.&nbsp;<\/span><\/h3>\n<h3><span style=\"color: #000000;\">Naszym klientom gwarantujemy 100% satysfakcji<\/span><\/h3>\t\t\t\t\t\t\t\t<\/div>\n\t\t\t\t<\/div>\n\t\t\t\t\t<\/div>\n\t\t<\/div>\n\t\t\t\t\t<\/div>\n\t\t<\/section>\n\t\t\t\t<\/div>\n\t\t","protected":false},"excerpt":{"rendered":"<h3>W ofercie sprzeda\u017cy posiadamy Przek\u0142adnie Kierownicz\u0105 Daf XF 106\u00a0EURO 6 1846034, 1850952 NOWA.<\/h3>\n","protected":false},"featured_media":12271,"template":"","meta":[],"product_brand":[],"product_cat":[149,40],"product_tag":[1720,1721,1725,285,1727,1726,1722,1724],"class_list":{"0":"post-6707","1":"product","2":"type-product","3":"status-publish","4":"has-post-thumbnail","6":"product_cat-daf-przekladnie-kierownicze","7":"product_cat-przekladnie-kierownicze","8":"product_tag-1720","9":"product_tag-1721","10":"product_tag-1725","11":"product_tag-przekladnia-kierownicza","12":"product_tag-przekladnia-kierownicza-daf-xf-106-euro-6","13":"product_tag-przekladnia-kierownicza-daf-xf-106-euro-6-1846034","14":"product_tag-thp-80654","15":"product_tag-trw","17":"first","18":"instock","19":"featured","20":"taxable","21":"shipping-taxable","22":"purchasable","23":"product-type-simple"},"_links":{"self":[{"href":"https:\/\/zaciski-regtruck.pl\/fr\/wp-json\/wp\/v2\/product\/6707","targetHints":{"allow":["GET"]}}],"collection":[{"href":"https:\/\/zaciski-regtruck.pl\/fr\/wp-json\/wp\/v2\/product"}],"about":[{"href":"https:\/\/zaciski-regtruck.pl\/fr\/wp-json\/wp\/v2\/types\/product"}],"version-history":[{"count":6,"href":"https:\/\/zaciski-regtruck.pl\/fr\/wp-json\/wp\/v2\/product\/6707\/revisions"}],"predecessor-version":[{"id":12277,"href":"https:\/\/zaciski-regtruck.pl\/fr\/wp-json\/wp\/v2\/product\/6707\/revisions\/12277"}],"wp:featuredmedia":[{"embeddable":true,"href":"https:\/\/zaciski-regtruck.pl\/fr\/wp-json\/wp\/v2\/media\/12271"}],"wp:attachment":[{"href":"https:\/\/zaciski-regtruck.pl\/fr\/wp-json\/wp\/v2\/media?parent=6707"}],"wp:term":[{"taxonomy":"product_brand","embeddable":true,"href":"https:\/\/zaciski-regtruck.pl\/fr\/wp-json\/wp\/v2\/product_brand?post=6707"},{"taxonomy":"product_cat","embeddable":true,"href":"https:\/\/zaciski-regtruck.pl\/fr\/wp-json\/wp\/v2\/product_cat?post=6707"},{"taxonomy":"product_tag","embeddable":true,"href":"https:\/\/zaciski-regtruck.pl\/fr\/wp-json\/wp\/v2\/product_tag?post=6707"}],"curies":[{"name":"wp","href":"https:\/\/api.w.org\/{rel}","templated":true}]}}