{"id":6785,"date":"2023-10-23T08:50:50","date_gmt":"2023-10-23T06:50:50","guid":{"rendered":"https:\/\/zaciski-regtruck.pl\/?post_type=product&#038;p=6785"},"modified":"2023-10-23T09:45:38","modified_gmt":"2023-10-23T07:45:38","slug":"podstawa-osuszacza-powietrza-iveco-41285095-el9002-knorr-bremse","status":"publish","type":"product","link":"https:\/\/zaciski-regtruck.pl\/fr\/produkt\/podstawa-osuszacza-powietrza-iveco-41285095-el9002-knorr-bremse\/","title":{"rendered":"Podstawa osuszacza powietrza Iveco 41285095, EL9002 &#8211; Knorr\u00a0Bremse"},"content":{"rendered":"\t\t<div data-elementor-type=\"product-post\" data-elementor-id=\"6785\" class=\"elementor elementor-6785\" data-elementor-post-type=\"product\">\n\t\t\t\t\t\t<section data-particle_enable=\"false\" data-particle-mobile-disabled=\"false\" class=\"elementor-section elementor-top-section elementor-element elementor-element-35c913d9 elementor-section-boxed elementor-section-height-default elementor-section-height-default\" data-id=\"35c913d9\" data-element_type=\"section\" data-e-type=\"section\">\n\t\t\t\t\t\t<div class=\"elementor-container elementor-column-gap-default\">\n\t\t\t\t\t<div class=\"elementor-column elementor-col-100 elementor-top-column elementor-element elementor-element-7db474d\" data-id=\"7db474d\" data-element_type=\"column\" data-e-type=\"column\">\n\t\t\t<div class=\"elementor-widget-wrap elementor-element-populated\">\n\t\t\t\t\t\t<div class=\"elementor-element elementor-element-7d3ee497 elementor-widget elementor-widget-text-editor\" data-id=\"7d3ee497\" data-element_type=\"widget\" data-e-type=\"widget\" data-widget_type=\"text-editor.default\">\n\t\t\t\t<div class=\"elementor-widget-container\">\n\t\t\t\t\t\t\t\t\t<h2>Podstawa osuszacza powietrza Iveco 41285095<\/h2><hr \/><h3><span style=\"color: #000000;\">Oferujemy Pa\u0144stwu zregenerowany Osuszacz Powietrza IVECO najwy\u017cszej jako\u015bci.\u00a0<\/span><\/h3><h3><span style=\"color: #000000;\">Naszym klientom gwarantujemy 100% satysfakcji<\/span><\/h3>\t\t\t\t\t\t\t\t<\/div>\n\t\t\t\t<\/div>\n\t\t\t\t\t<\/div>\n\t\t<\/div>\n\t\t\t\t\t<\/div>\n\t\t<\/section>\n\t\t\t\t<\/div>\n\t\t","protected":false},"excerpt":{"rendered":"<h3>W ofercie sprzeda\u017cy posiadamy\u00a0 Podstawa osuszacza powietrza Iveco po regeneracji.<\/h3>\n","protected":false},"featured_media":6791,"template":"","meta":[],"product_brand":[],"product_cat":[170,178,44],"product_tag":[1742,1740,1745,1743,1739,1741,1737,359,1744,1738],"class_list":{"0":"post-6785","1":"product","2":"type-product","3":"status-publish","4":"has-post-thumbnail","6":"product_cat-osuszacze-powietrza","7":"product_cat-osuszacze","8":"product_cat-pneumatyka-hamukcowa","9":"product_tag-ae-4560","10":"product_tag-el9002","11":"product_tag-el9002-knorr-bremse","12":"product_tag-iveco-41285095","13":"product_tag-k011867","14":"product_tag-k048307","15":"product_tag-k060707","16":"product_tag-podstawa-osuszacza","17":"product_tag-podstawa-osuszacza-powietrza-iveco-41285095","18":"product_tag-ze-4501","20":"first","21":"instock","22":"featured","23":"taxable","24":"shipping-taxable","25":"purchasable","26":"product-type-variable"},"_links":{"self":[{"href":"https:\/\/zaciski-regtruck.pl\/fr\/wp-json\/wp\/v2\/product\/6785","targetHints":{"allow":["GET"]}}],"collection":[{"href":"https:\/\/zaciski-regtruck.pl\/fr\/wp-json\/wp\/v2\/product"}],"about":[{"href":"https:\/\/zaciski-regtruck.pl\/fr\/wp-json\/wp\/v2\/types\/product"}],"version-history":[{"count":5,"href":"https:\/\/zaciski-regtruck.pl\/fr\/wp-json\/wp\/v2\/product\/6785\/revisions"}],"predecessor-version":[{"id":6799,"href":"https:\/\/zaciski-regtruck.pl\/fr\/wp-json\/wp\/v2\/product\/6785\/revisions\/6799"}],"wp:featuredmedia":[{"embeddable":true,"href":"https:\/\/zaciski-regtruck.pl\/fr\/wp-json\/wp\/v2\/media\/6791"}],"wp:attachment":[{"href":"https:\/\/zaciski-regtruck.pl\/fr\/wp-json\/wp\/v2\/media?parent=6785"}],"wp:term":[{"taxonomy":"product_brand","embeddable":true,"href":"https:\/\/zaciski-regtruck.pl\/fr\/wp-json\/wp\/v2\/product_brand?post=6785"},{"taxonomy":"product_cat","embeddable":true,"href":"https:\/\/zaciski-regtruck.pl\/fr\/wp-json\/wp\/v2\/product_cat?post=6785"},{"taxonomy":"product_tag","embeddable":true,"href":"https:\/\/zaciski-regtruck.pl\/fr\/wp-json\/wp\/v2\/product_tag?post=6785"}],"curies":[{"name":"wp","href":"https:\/\/api.w.org\/{rel}","templated":true}]}}