{"id":7522,"date":"2024-01-15T13:44:32","date_gmt":"2024-01-15T12:44:32","guid":{"rendered":"https:\/\/zaciski-regtruck.pl\/?post_type=product&#038;p=7522"},"modified":"2024-05-09T14:03:28","modified_gmt":"2024-05-09T12:03:28","slug":"sprezarka-powietrza-renault-volvo-fh4-22017920-7422169888","status":"publish","type":"product","link":"https:\/\/zaciski-regtruck.pl\/fr\/produkt\/sprezarka-powietrza-renault-volvo-fh4-22017920-7422169888\/","title":{"rendered":"Spr\u0119\u017carka Powietrza Renault \/ Volvo FH4 22017920, 7422169888"},"content":{"rendered":"\t\t<div data-elementor-type=\"product-post\" data-elementor-id=\"7522\" class=\"elementor elementor-7522\" data-elementor-post-type=\"product\">\n\t\t\t\t\t\t<section data-particle_enable=\"false\" data-particle-mobile-disabled=\"false\" class=\"elementor-section elementor-top-section elementor-element elementor-element-35c913d9 elementor-section-boxed elementor-section-height-default elementor-section-height-default\" data-id=\"35c913d9\" data-element_type=\"section\" data-e-type=\"section\">\n\t\t\t\t\t\t<div class=\"elementor-container elementor-column-gap-default\">\n\t\t\t\t\t<div class=\"elementor-column elementor-col-100 elementor-top-column elementor-element elementor-element-7db474d\" data-id=\"7db474d\" data-element_type=\"column\" data-e-type=\"column\">\n\t\t\t<div class=\"elementor-widget-wrap elementor-element-populated\">\n\t\t\t\t\t\t<div class=\"elementor-element elementor-element-7d3ee497 elementor-widget__width-initial elementor-widget elementor-widget-text-editor\" data-id=\"7d3ee497\" data-element_type=\"widget\" data-e-type=\"widget\" data-widget_type=\"text-editor.default\">\n\t\t\t\t<div class=\"elementor-widget-container\">\n\t\t\t\t\t\t\t\t\t<h2>Spr\u0119\u017carka Powietrza Volvo FH4 i Renault<\/h2><hr \/><h3><span style=\"color: #000000;\">Oferujemy Pa\u0144stwu zregenerowan\u0105<\/span><\/h3><h2>Spr\u0119\u017cark\u0119 Powietrza Renault \/ Volvo najwy\u017cszej jako\u015bci.<\/h2><p><strong>Nr. por\u00f3wnawcze:<\/strong><\/p><p><strong>VOLVO<\/strong><br \/>22017920, 22605008, 85013938, 85019938, 85021102<\/p><p><strong>RENAULT TRUCKS<\/strong><br \/>7422169888, 7422885124<\/p><p><strong>WABCO<\/strong><br \/>912 512 030 0, 912 512 033 0\u00a0<\/p><h3><span style=\"color: #000000;\">Naszym klientom gwarantujemy 100% satysfakcji<\/span><\/h3>\t\t\t\t\t\t\t\t<\/div>\n\t\t\t\t<\/div>\n\t\t\t\t\t<\/div>\n\t\t<\/div>\n\t\t\t\t\t<\/div>\n\t\t<\/section>\n\t\t\t\t<\/div>\n\t\t","protected":false},"excerpt":{"rendered":"<h3>W ofercie sprzeda\u017cy posiadamy spr\u0119\u017cark\u0119 Powietrza Renault\/Volvo FH4 po regeneracji.<\/h3>\n","protected":false},"featured_media":7530,"template":"","meta":[],"product_brand":[],"product_cat":[199,197,45],"product_tag":[1853,1854,1827,1858,1855,1856,1857,1859,1860,322,1852,1824],"class_list":{"0":"post-7522","1":"product","2":"type-product","3":"status-publish","4":"has-post-thumbnail","6":"product_cat-volvo-sprezarki-powietrza","7":"product_cat-renault-sprezarki-powietrza","8":"product_cat-sprezarki-powietrza","9":"product_tag-1853","10":"product_tag-1854","11":"product_tag-1827","12":"product_tag-1858","13":"product_tag-1855","14":"product_tag-1856","15":"product_tag-1857","16":"product_tag-912-512-030-0","17":"product_tag-912-512-033-0","18":"product_tag-sprezarka-powietrza","19":"product_tag-sprezarka-powietrza-renault-volvo-fh4-22017920","20":"product_tag-volvo-fh4-22169888","22":"first","23":"instock","24":"featured","25":"taxable","26":"shipping-taxable","27":"purchasable","28":"product-type-variable"},"_links":{"self":[{"href":"https:\/\/zaciski-regtruck.pl\/fr\/wp-json\/wp\/v2\/product\/7522","targetHints":{"allow":["GET"]}}],"collection":[{"href":"https:\/\/zaciski-regtruck.pl\/fr\/wp-json\/wp\/v2\/product"}],"about":[{"href":"https:\/\/zaciski-regtruck.pl\/fr\/wp-json\/wp\/v2\/types\/product"}],"version-history":[{"count":16,"href":"https:\/\/zaciski-regtruck.pl\/fr\/wp-json\/wp\/v2\/product\/7522\/revisions"}],"predecessor-version":[{"id":7755,"href":"https:\/\/zaciski-regtruck.pl\/fr\/wp-json\/wp\/v2\/product\/7522\/revisions\/7755"}],"wp:featuredmedia":[{"embeddable":true,"href":"https:\/\/zaciski-regtruck.pl\/fr\/wp-json\/wp\/v2\/media\/7530"}],"wp:attachment":[{"href":"https:\/\/zaciski-regtruck.pl\/fr\/wp-json\/wp\/v2\/media?parent=7522"}],"wp:term":[{"taxonomy":"product_brand","embeddable":true,"href":"https:\/\/zaciski-regtruck.pl\/fr\/wp-json\/wp\/v2\/product_brand?post=7522"},{"taxonomy":"product_cat","embeddable":true,"href":"https:\/\/zaciski-regtruck.pl\/fr\/wp-json\/wp\/v2\/product_cat?post=7522"},{"taxonomy":"product_tag","embeddable":true,"href":"https:\/\/zaciski-regtruck.pl\/fr\/wp-json\/wp\/v2\/product_tag?post=7522"}],"curies":[{"name":"wp","href":"https:\/\/api.w.org\/{rel}","templated":true}]}}