{"id":7642,"date":"2024-01-19T12:40:28","date_gmt":"2024-01-19T11:40:28","guid":{"rendered":"https:\/\/zaciski-regtruck.pl\/?post_type=product&#038;p=7642"},"modified":"2024-02-01T15:26:16","modified_gmt":"2024-02-01T14:26:16","slug":"turbosprezarka-holset-daf-xf-106-5459129-he400vg","status":"publish","type":"product","link":"https:\/\/zaciski-regtruck.pl\/fr\/produkt\/turbosprezarka-holset-daf-xf-106-5459129-he400vg\/","title":{"rendered":"Turbospr\u0119\u017carka Holset DAF XF 106 5459129, HE400VG"},"content":{"rendered":"\t\t<div data-elementor-type=\"product-post\" data-elementor-id=\"7642\" class=\"elementor elementor-7642\" data-elementor-post-type=\"product\">\n\t\t\t\t\t\t<section data-particle_enable=\"false\" data-particle-mobile-disabled=\"false\" class=\"elementor-section elementor-top-section elementor-element elementor-element-35c913d9 elementor-section-boxed elementor-section-height-default elementor-section-height-default\" data-id=\"35c913d9\" data-element_type=\"section\" data-e-type=\"section\">\n\t\t\t\t\t\t<div class=\"elementor-container elementor-column-gap-default\">\n\t\t\t\t\t<div class=\"elementor-column elementor-col-100 elementor-top-column elementor-element elementor-element-7db474d\" data-id=\"7db474d\" data-element_type=\"column\" data-e-type=\"column\">\n\t\t\t<div class=\"elementor-widget-wrap elementor-element-populated\">\n\t\t\t\t\t\t<div class=\"elementor-element elementor-element-7d3ee497 elementor-widget elementor-widget-text-editor\" data-id=\"7d3ee497\" data-element_type=\"widget\" data-e-type=\"widget\" data-widget_type=\"text-editor.default\">\n\t\t\t\t<div class=\"elementor-widget-container\">\n\t\t\t\t\t\t\t\t\t<h2>Turbosprezarka DAF XF 106 5459129, H180107585<\/h2><div>\u00a0<\/div><h3>Czo\u0142owi producenci: Holset<\/h3><hr \/><h3><span style=\"color: #000000;\">Oferujemy Pa\u0144stwu zregenerowan\u0105 turbospr\u0119\u017cark\u0119\u00a0<\/span><span style=\"color: #000000;\">Holset\u00a02154699<\/span>\u00a0najwy\u017cszej jako\u015bci.\u00a0<\/h3><h3><span style=\"color: #000000;\">Naszym klientom gwarantujemy 100% satysfakcji<\/span><\/h3>\t\t\t\t\t\t\t\t<\/div>\n\t\t\t\t<\/div>\n\t\t\t\t\t<\/div>\n\t\t<\/div>\n\t\t\t\t\t<\/div>\n\t\t<\/section>\n\t\t\t\t<\/div>\n\t\t","protected":false},"excerpt":{"rendered":"<h3>W ofercie sprzeda\u017cy posiadamy Turbospr\u0119\u017cark\u0119 DAF XF 106 Holset po regeneracji.<\/h3>\n","protected":false},"featured_media":7650,"template":"","meta":[],"product_brand":[],"product_cat":[163,42],"product_tag":[1468,1845,1849,1846,1847,252,1850,1848],"class_list":{"0":"post-7642","1":"product","2":"type-product","3":"status-publish","4":"has-post-thumbnail","6":"product_cat-daf-regeneracja-turbosprezarek","7":"product_cat-regeneracja-turbosprezarek","8":"product_tag-1468","9":"product_tag-1845","10":"product_tag-daf-xf-106-5459129","11":"product_tag-h180107585","12":"product_tag-he400vg","13":"product_tag-regeneracja-turbosprezarek","14":"product_tag-turbosprezarka-daf-xf-106-5459129","15":"product_tag-turbosprezarka-holset-daf-xf-106-5459129","17":"first","18":"instock","19":"featured","20":"taxable","21":"shipping-taxable","22":"purchasable","23":"product-type-variable"},"_links":{"self":[{"href":"https:\/\/zaciski-regtruck.pl\/fr\/wp-json\/wp\/v2\/product\/7642","targetHints":{"allow":["GET"]}}],"collection":[{"href":"https:\/\/zaciski-regtruck.pl\/fr\/wp-json\/wp\/v2\/product"}],"about":[{"href":"https:\/\/zaciski-regtruck.pl\/fr\/wp-json\/wp\/v2\/types\/product"}],"version-history":[{"count":8,"href":"https:\/\/zaciski-regtruck.pl\/fr\/wp-json\/wp\/v2\/product\/7642\/revisions"}],"predecessor-version":[{"id":7665,"href":"https:\/\/zaciski-regtruck.pl\/fr\/wp-json\/wp\/v2\/product\/7642\/revisions\/7665"}],"wp:featuredmedia":[{"embeddable":true,"href":"https:\/\/zaciski-regtruck.pl\/fr\/wp-json\/wp\/v2\/media\/7650"}],"wp:attachment":[{"href":"https:\/\/zaciski-regtruck.pl\/fr\/wp-json\/wp\/v2\/media?parent=7642"}],"wp:term":[{"taxonomy":"product_brand","embeddable":true,"href":"https:\/\/zaciski-regtruck.pl\/fr\/wp-json\/wp\/v2\/product_brand?post=7642"},{"taxonomy":"product_cat","embeddable":true,"href":"https:\/\/zaciski-regtruck.pl\/fr\/wp-json\/wp\/v2\/product_cat?post=7642"},{"taxonomy":"product_tag","embeddable":true,"href":"https:\/\/zaciski-regtruck.pl\/fr\/wp-json\/wp\/v2\/product_tag?post=7642"}],"curies":[{"name":"wp","href":"https:\/\/api.w.org\/{rel}","templated":true}]}}