{"id":8342,"date":"2024-03-10T12:59:32","date_gmt":"2024-03-10T11:59:32","guid":{"rendered":"https:\/\/zaciski-regtruck.pl\/?post_type=product&#038;p=8342"},"modified":"2026-01-29T12:05:12","modified_gmt":"2026-01-29T11:05:12","slug":"silownik-hydrauliczny-man-tga-tgs-tgx-steyer-81475016043-ks00003232","status":"publish","type":"product","link":"https:\/\/zaciski-regtruck.pl\/fr\/produkt\/silownik-hydrauliczny-man-tga-tgs-tgx-steyer-81475016043-ks00003232\/","title":{"rendered":"Si\u0142ownik hydrauliczny MAN TGA TGS TGX STEYER 81475016043, KS00003232"},"content":{"rendered":"\t\t<div data-elementor-type=\"product-post\" data-elementor-id=\"8342\" class=\"elementor elementor-8342\" data-elementor-post-type=\"product\">\n\t\t\t\t\t\t<section data-particle_enable=\"false\" data-particle-mobile-disabled=\"false\" class=\"elementor-section elementor-top-section elementor-element elementor-element-35c913d9 elementor-section-boxed elementor-section-height-default elementor-section-height-default\" data-id=\"35c913d9\" data-element_type=\"section\" data-e-type=\"section\">\n\t\t\t\t\t\t<div class=\"elementor-container elementor-column-gap-default\">\n\t\t\t\t\t<div class=\"elementor-column elementor-col-100 elementor-top-column elementor-element elementor-element-7db474d\" data-id=\"7db474d\" data-element_type=\"column\" data-e-type=\"column\">\n\t\t\t<div class=\"elementor-widget-wrap elementor-element-populated\">\n\t\t\t\t\t\t<div class=\"elementor-element elementor-element-7d3ee497 elementor-widget elementor-widget-text-editor\" data-id=\"7d3ee497\" data-element_type=\"widget\" data-e-type=\"widget\" data-widget_type=\"text-editor.default\">\n\t\t\t\t<div class=\"elementor-widget-container\">\n\t\t\t\t\t\t\t\t\t<h2 style=\"font-family: -apple-system, BlinkMacSystemFont, &quot;Segoe UI&quot;, Roboto, &quot;Helvetica Neue&quot;, Arial, &quot;Noto Sans&quot;, sans-serif, &quot;Apple Color Emoji&quot;, &quot;Segoe UI Emoji&quot;, &quot;Segoe UI Symbol&quot;, &quot;Noto Color Emoji&quot;; color: rgb(51, 51, 51);\">Si\u0142ownik hydrauliczny MAN TGA TGS TGX STEYER<\/h2>\n<hr>\n<h2><span style=\"color: #000000; font-family: inherit; font-size: 1.75rem; background-color: var( --e-global-color-065b12e );\">Oferujemy Pa\u0144stwu NOWY&nbsp;<\/span>Si\u0142ownik hydrauliczny MAN TGA TGS TGX STEYER 81475016043, KS00003232<\/h2>\n<h3><span style=\"color: #000000;\"> najwy\u017cszej jako\u015bci.&nbsp;<\/span><\/h3>\n<h3><span style=\"color: #000000;\">Naszym klientom gwarantujemy 100% satysfakcji<\/span><\/h3>\t\t\t\t\t\t\t\t<\/div>\n\t\t\t\t<\/div>\n\t\t\t\t\t<\/div>\n\t\t<\/div>\n\t\t\t\t\t<\/div>\n\t\t<\/section>\n\t\t\t\t<\/div>\n\t\t","protected":false},"excerpt":{"rendered":"<h3>W ofercie sprzeda\u017cy posiadamy Si\u0142ownik hydrauliczny MAN TGA TGS TGX STEYER NOWY.<\/h3>\n<h3><span style=\"color: #ff0000;\"><strong>W SPRZEDA\u017bY SI\u0141OWNIKI SKR\u0118TU S\u0104 NOWYMI ZAMIENNIKAMI!<\/strong><\/span><\/h3>\n<h3><span style=\"color: #ff0000;\"><strong>NIE REGENERUJEMY SI\u0141OWNIK\u00d3W!<\/strong><\/span><\/h3>\n","protected":false},"featured_media":8344,"template":"","meta":[],"product_brand":[],"product_cat":[192,1819,189],"product_tag":[2133,2134,2135,2132,2131,2138,2137,2136,2140,2129,2139,2130,2002,2003,2128],"class_list":{"0":"post-8342","1":"product","2":"type-product","3":"status-publish","4":"has-post-thumbnail","6":"product_cat-hydrauliczne","7":"product_cat-nowy","8":"product_cat-silowniki","9":"product_tag-2133","10":"product_tag-2134","11":"product_tag-2135","12":"product_tag-2132","13":"product_tag-2131","14":"product_tag-2138","15":"product_tag-2137","16":"product_tag-2136","17":"product_tag-ks00002362","18":"product_tag-ks00003232","19":"product_tag-ks01002194","20":"product_tag-rt0106","21":"product_tag-silownik-hydrauliczny","22":"product_tag-silownik-hydrauliczny-man","23":"product_tag-silownik-hydrauliczny-man-tga-tgs-tgx-steyer-81475016043","25":"first","26":"instock","27":"featured","28":"taxable","29":"shipping-taxable","30":"purchasable","31":"product-type-simple"},"_links":{"self":[{"href":"https:\/\/zaciski-regtruck.pl\/fr\/wp-json\/wp\/v2\/product\/8342","targetHints":{"allow":["GET"]}}],"collection":[{"href":"https:\/\/zaciski-regtruck.pl\/fr\/wp-json\/wp\/v2\/product"}],"about":[{"href":"https:\/\/zaciski-regtruck.pl\/fr\/wp-json\/wp\/v2\/types\/product"}],"version-history":[{"count":8,"href":"https:\/\/zaciski-regtruck.pl\/fr\/wp-json\/wp\/v2\/product\/8342\/revisions"}],"predecessor-version":[{"id":13750,"href":"https:\/\/zaciski-regtruck.pl\/fr\/wp-json\/wp\/v2\/product\/8342\/revisions\/13750"}],"wp:featuredmedia":[{"embeddable":true,"href":"https:\/\/zaciski-regtruck.pl\/fr\/wp-json\/wp\/v2\/media\/8344"}],"wp:attachment":[{"href":"https:\/\/zaciski-regtruck.pl\/fr\/wp-json\/wp\/v2\/media?parent=8342"}],"wp:term":[{"taxonomy":"product_brand","embeddable":true,"href":"https:\/\/zaciski-regtruck.pl\/fr\/wp-json\/wp\/v2\/product_brand?post=8342"},{"taxonomy":"product_cat","embeddable":true,"href":"https:\/\/zaciski-regtruck.pl\/fr\/wp-json\/wp\/v2\/product_cat?post=8342"},{"taxonomy":"product_tag","embeddable":true,"href":"https:\/\/zaciski-regtruck.pl\/fr\/wp-json\/wp\/v2\/product_tag?post=8342"}],"curies":[{"name":"wp","href":"https:\/\/api.w.org\/{rel}","templated":true}]}}