{"id":8612,"date":"2024-03-19T07:01:20","date_gmt":"2024-03-19T06:01:20","guid":{"rendered":"https:\/\/zaciski-regtruck.pl\/?post_type=product&#038;p=8612"},"modified":"2024-04-23T13:30:19","modified_gmt":"2024-04-23T11:30:19","slug":"pompa-adblue-daf-cf-daf-xf-105-solaris-1818625-0101990241","status":"publish","type":"product","link":"https:\/\/zaciski-regtruck.pl\/fr\/produkt\/pompa-adblue-daf-cf-daf-xf-105-solaris-1818625-0101990241\/","title":{"rendered":"Pompa Adblue DAF CF, DAF XF 105, Solaris 1818625, 0101990241"},"content":{"rendered":"\t\t<div data-elementor-type=\"product-post\" data-elementor-id=\"8612\" class=\"elementor elementor-8612\" data-elementor-post-type=\"product\">\n\t\t\t\t\t\t<section data-particle_enable=\"false\" data-particle-mobile-disabled=\"false\" class=\"elementor-section elementor-top-section elementor-element elementor-element-35c913d9 elementor-section-boxed elementor-section-height-default elementor-section-height-default\" data-id=\"35c913d9\" data-element_type=\"section\" data-e-type=\"section\">\n\t\t\t\t\t\t<div class=\"elementor-container elementor-column-gap-default\">\n\t\t\t\t\t<div class=\"elementor-column elementor-col-100 elementor-top-column elementor-element elementor-element-7db474d\" data-id=\"7db474d\" data-element_type=\"column\" data-e-type=\"column\">\n\t\t\t<div class=\"elementor-widget-wrap elementor-element-populated\">\n\t\t\t\t\t\t<div class=\"elementor-element elementor-element-7d3ee497 elementor-widget elementor-widget-text-editor\" data-id=\"7d3ee497\" data-element_type=\"widget\" data-e-type=\"widget\" data-widget_type=\"text-editor.default\">\n\t\t\t\t<div class=\"elementor-widget-container\">\n\t\t\t\t\t\t\t\t\t<h2 style=\"display: var(--page-title-display);\">Pompa Adblue&nbsp;<\/h2>\n<h2 style=\"display: var(--page-title-display);\">DAF CF, DAF XF 105, Solaris 1818625, 0101990241<\/h2>\n<h2>Oferujemy Pa\u0144stwu Pompe ADBLUE najwy\u017cszej jako\u015bci.<\/h2>\n<h3><span style=\"color: #000000;\">Naszym klientom gwarantujemy 100% satysfakcji<\/span><\/h3>\t\t\t\t\t\t\t\t<\/div>\n\t\t\t\t<\/div>\n\t\t\t\t\t<\/div>\n\t\t<\/div>\n\t\t\t\t\t<\/div>\n\t\t<\/section>\n\t\t\t\t<\/div>\n\t\t","protected":false},"excerpt":{"rendered":"<h3>W ofercie sprzeda\u017cy posiadamy<br \/>\nPompa Adblue DAF CF, DAF XF 105, Solaris po regeneracji.<\/h3>\n","protected":false},"featured_media":8618,"template":"","meta":[],"product_brand":[],"product_cat":[156,41],"product_tag":[2200,2201,2202,2203,2204,2205,2206,2207,2194,2195,2196,2197,2193,2199,2209,338,2208,2210],"class_list":{"0":"post-8612","1":"product","2":"type-product","3":"status-publish","4":"has-post-thumbnail","6":"product_cat-daf-pompy-adblue","7":"product_cat-pompy-adblue","8":"product_tag-2200","9":"product_tag-2201","10":"product_tag-2202","11":"product_tag-2203","12":"product_tag-2204","13":"product_tag-2205","14":"product_tag-2206","15":"product_tag-2207","16":"product_tag-2194","17":"product_tag-2195","18":"product_tag-2196","19":"product_tag-2197","20":"product_tag-2193","21":"product_tag-1818625r","22":"product_tag-daf-xf-105","23":"product_tag-pompa-adblue","24":"product_tag-pompa-adblue-daf-cf","25":"product_tag-solaris-1818625","27":"first","28":"instock","29":"featured","30":"taxable","31":"shipping-taxable","32":"purchasable","33":"product-type-variable"},"_links":{"self":[{"href":"https:\/\/zaciski-regtruck.pl\/fr\/wp-json\/wp\/v2\/product\/8612","targetHints":{"allow":["GET"]}}],"collection":[{"href":"https:\/\/zaciski-regtruck.pl\/fr\/wp-json\/wp\/v2\/product"}],"about":[{"href":"https:\/\/zaciski-regtruck.pl\/fr\/wp-json\/wp\/v2\/types\/product"}],"version-history":[{"count":9,"href":"https:\/\/zaciski-regtruck.pl\/fr\/wp-json\/wp\/v2\/product\/8612\/revisions"}],"predecessor-version":[{"id":10113,"href":"https:\/\/zaciski-regtruck.pl\/fr\/wp-json\/wp\/v2\/product\/8612\/revisions\/10113"}],"wp:featuredmedia":[{"embeddable":true,"href":"https:\/\/zaciski-regtruck.pl\/fr\/wp-json\/wp\/v2\/media\/8618"}],"wp:attachment":[{"href":"https:\/\/zaciski-regtruck.pl\/fr\/wp-json\/wp\/v2\/media?parent=8612"}],"wp:term":[{"taxonomy":"product_brand","embeddable":true,"href":"https:\/\/zaciski-regtruck.pl\/fr\/wp-json\/wp\/v2\/product_brand?post=8612"},{"taxonomy":"product_cat","embeddable":true,"href":"https:\/\/zaciski-regtruck.pl\/fr\/wp-json\/wp\/v2\/product_cat?post=8612"},{"taxonomy":"product_tag","embeddable":true,"href":"https:\/\/zaciski-regtruck.pl\/fr\/wp-json\/wp\/v2\/product_tag?post=8612"}],"curies":[{"name":"wp","href":"https:\/\/api.w.org\/{rel}","templated":true}]}}