{"id":8691,"date":"2024-03-23T13:22:19","date_gmt":"2024-03-23T12:22:19","guid":{"rendered":"https:\/\/zaciski-regtruck.pl\/?post_type=product&#038;p=8691"},"modified":"2025-05-26T13:42:46","modified_gmt":"2025-05-26T11:42:46","slug":"przekladnia-kierownicza-man-8x4-81462006509-ks01001270","status":"publish","type":"product","link":"https:\/\/zaciski-regtruck.pl\/fr\/produkt\/przekladnia-kierownicza-man-8x4-81462006509-ks01001270\/","title":{"rendered":"Przek\u0142adnia Kierownicza MAN\u00a08&#215;4 81462006509, KS01001270"},"content":{"rendered":"\t\t<div data-elementor-type=\"product-post\" data-elementor-id=\"8691\" class=\"elementor elementor-8691\" data-elementor-post-type=\"product\">\n\t\t\t\t\t\t<section data-particle_enable=\"false\" data-particle-mobile-disabled=\"false\" class=\"elementor-section elementor-top-section elementor-element elementor-element-35c913d9 elementor-section-boxed elementor-section-height-default elementor-section-height-default\" data-id=\"35c913d9\" data-element_type=\"section\" data-e-type=\"section\">\n\t\t\t\t\t\t<div class=\"elementor-container elementor-column-gap-default\">\n\t\t\t\t\t<div class=\"elementor-column elementor-col-100 elementor-top-column elementor-element elementor-element-7db474d\" data-id=\"7db474d\" data-element_type=\"column\" data-e-type=\"column\">\n\t\t\t<div class=\"elementor-widget-wrap elementor-element-populated\">\n\t\t\t\t\t\t<div class=\"elementor-element elementor-element-7d3ee497 elementor-widget elementor-widget-text-editor\" data-id=\"7d3ee497\" data-element_type=\"widget\" data-e-type=\"widget\" data-widget_type=\"text-editor.default\">\n\t\t\t\t<div class=\"elementor-widget-container\">\n\t\t\t\t\t\t\t\t\t<h2>Przek\u0142adnia Kierownicza MAN 8&#215;4<\/h2><hr \/><h3><span style=\"color: #000000;\">Oferujemy Pa\u0144stwu zregenerowan\u0105<\/span><\/h3><h3>Przek\u0142adnie Kierownicz\u0105 MAN 8&#215;4 81462006509, KS01001270<\/h3><h3><span style=\"color: #000000;\">najwy\u017cszej jako\u015bci.\u00a0<\/span><\/h3><h3><span style=\"color: #000000;\">Naszym klientom gwarantujemy 100% satysfakcji<\/span><\/h3>\t\t\t\t\t\t\t\t<\/div>\n\t\t\t\t<\/div>\n\t\t\t\t\t<\/div>\n\t\t<\/div>\n\t\t\t\t\t<\/div>\n\t\t<\/section>\n\t\t\t\t<\/div>\n\t\t","protected":false},"excerpt":{"rendered":"<h3>W ofercie sprzeda\u017cy posiadamy Przek\u0142adnie Kierownicz\u0105 MAN 8&#215;4 po regeneracji.<\/h3>\n","protected":false},"featured_media":8697,"template":"","meta":[],"product_brand":[],"product_cat":[151,40],"product_tag":[2266,2267,2262,2263,2264,2265,2268,2269,2260,2270,285,2261,2259],"class_list":{"0":"post-8691","1":"product","2":"type-product","3":"status-publish","4":"has-post-thumbnail","6":"product_cat-man-przekladnie-kierownicze","7":"product_cat-przekladnie-kierownicze","8":"product_tag-2266","9":"product_tag-2267","10":"product_tag-2262","11":"product_tag-2263","12":"product_tag-2264","13":"product_tag-2265","14":"product_tag-ks00001303","15":"product_tag-ks00002890","16":"product_tag-ks01001270","17":"product_tag-ks0100400","18":"product_tag-przekladnia-kierownicza","19":"product_tag-przekladnia-kierownicza-man-8x4","20":"product_tag-przekladnia-kierownicza-man-8x4-81462006509","22":"first","23":"instock","24":"featured","25":"taxable","26":"shipping-taxable","27":"purchasable","28":"product-type-variable"},"_links":{"self":[{"href":"https:\/\/zaciski-regtruck.pl\/fr\/wp-json\/wp\/v2\/product\/8691","targetHints":{"allow":["GET"]}}],"collection":[{"href":"https:\/\/zaciski-regtruck.pl\/fr\/wp-json\/wp\/v2\/product"}],"about":[{"href":"https:\/\/zaciski-regtruck.pl\/fr\/wp-json\/wp\/v2\/types\/product"}],"version-history":[{"count":11,"href":"https:\/\/zaciski-regtruck.pl\/fr\/wp-json\/wp\/v2\/product\/8691\/revisions"}],"predecessor-version":[{"id":8715,"href":"https:\/\/zaciski-regtruck.pl\/fr\/wp-json\/wp\/v2\/product\/8691\/revisions\/8715"}],"wp:featuredmedia":[{"embeddable":true,"href":"https:\/\/zaciski-regtruck.pl\/fr\/wp-json\/wp\/v2\/media\/8697"}],"wp:attachment":[{"href":"https:\/\/zaciski-regtruck.pl\/fr\/wp-json\/wp\/v2\/media?parent=8691"}],"wp:term":[{"taxonomy":"product_brand","embeddable":true,"href":"https:\/\/zaciski-regtruck.pl\/fr\/wp-json\/wp\/v2\/product_brand?post=8691"},{"taxonomy":"product_cat","embeddable":true,"href":"https:\/\/zaciski-regtruck.pl\/fr\/wp-json\/wp\/v2\/product_cat?post=8691"},{"taxonomy":"product_tag","embeddable":true,"href":"https:\/\/zaciski-regtruck.pl\/fr\/wp-json\/wp\/v2\/product_tag?post=8691"}],"curies":[{"name":"wp","href":"https:\/\/api.w.org\/{rel}","templated":true}]}}