{"id":8746,"date":"2024-03-25T14:56:10","date_gmt":"2024-03-25T13:56:10","guid":{"rendered":"https:\/\/zaciski-regtruck.pl\/?post_type=product&#038;p=8746"},"modified":"2024-05-09T13:36:23","modified_gmt":"2024-05-09T11:36:23","slug":"sprezarka-powietrza-daf-solaris-wabco-9115045060-1736785-1802907003","status":"publish","type":"product","link":"https:\/\/zaciski-regtruck.pl\/fr\/produkt\/sprezarka-powietrza-daf-solaris-wabco-9115045060-1736785-1802907003\/","title":{"rendered":"Spr\u0119\u017carka powietrza DAF, SOLARIS, Wabco 9115045060, 1736785, 1802907003"},"content":{"rendered":"\t\t<div data-elementor-type=\"product-post\" data-elementor-id=\"8746\" class=\"elementor elementor-8746\" data-elementor-post-type=\"product\">\n\t\t\t\t\t\t<section data-particle_enable=\"false\" data-particle-mobile-disabled=\"false\" class=\"elementor-section elementor-top-section elementor-element elementor-element-35c913d9 elementor-section-boxed elementor-section-height-default elementor-section-height-default\" data-id=\"35c913d9\" data-element_type=\"section\" data-e-type=\"section\">\n\t\t\t\t\t\t<div class=\"elementor-container elementor-column-gap-default\">\n\t\t\t\t\t<div class=\"elementor-column elementor-col-100 elementor-top-column elementor-element elementor-element-7db474d\" data-id=\"7db474d\" data-element_type=\"column\" data-e-type=\"column\">\n\t\t\t<div class=\"elementor-widget-wrap elementor-element-populated\">\n\t\t\t\t\t\t<div class=\"elementor-element elementor-element-7d3ee497 elementor-widget elementor-widget-text-editor\" data-id=\"7d3ee497\" data-element_type=\"widget\" data-e-type=\"widget\" data-widget_type=\"text-editor.default\">\n\t\t\t\t<div class=\"elementor-widget-container\">\n\t\t\t\t\t\t\t\t\t<h2>Spr\u0119\u017carka powietrza DAF, SOLARIS, Wabco 9115045060, 1736785, 1802907003<\/h2><hr \/><h3><span style=\"color: #000000;\">Oferujemy Pa\u0144stwu zregenerowan\u0105<\/span><\/h3><h2 style=\"font-family: -apple-system, BlinkMacSystemFont, 'Segoe UI', Roboto, 'Helvetica Neue', Arial, 'Noto Sans', sans-serif, 'Apple Color Emoji', 'Segoe UI Emoji', 'Segoe UI Symbol', 'Noto Color Emoji'; color: #333333;\">Spr\u0119\u017cark\u0119 DAF, SOLARIS, Wabco najwy\u017cszej jako\u015bci.\u00a0<\/h2><h3><span style=\"color: #000000;\">Naszym klientom gwarantujemy 100% satysfakcji<\/span><\/h3>\t\t\t\t\t\t\t\t<\/div>\n\t\t\t\t<\/div>\n\t\t\t\t\t<\/div>\n\t\t<\/div>\n\t\t\t\t\t<\/div>\n\t\t<\/section>\n\t\t\t\t<\/div>\n\t\t","protected":false},"excerpt":{"rendered":"<h3>W ofercie sprzeda\u017cy posiadamy Spr\u0119\u017cark\u0119 powietrza DAF, SOLARIS, Wabco po regeneracji.<\/h3>\n","protected":false},"featured_media":8755,"template":"","meta":[],"product_brand":[],"product_cat":[45,193],"product_tag":[2314,2313,2312,2305,2308,2306,2310,2309,2285,2317,2319,2315,2316,2318,2287,2289,2286,2288,2311,2303,2307,2302,2290,2284,2304],"class_list":{"0":"post-8746","1":"product","2":"type-product","3":"status-publish","4":"has-post-thumbnail","6":"product_cat-sprezarki-powietrza","7":"product_cat-daf-sprezarki-powietrza","8":"product_tag-2314","9":"product_tag-2313","10":"product_tag-2312","11":"product_tag-2305","12":"product_tag-1802-907-003","13":"product_tag-2306","14":"product_tag-1804-500-101","15":"product_tag-2309","16":"product_tag-5286681rx","17":"product_tag-911-504-501-0","18":"product_tag-911-504-503-0","19":"product_tag-911-504-506-0","20":"product_tag-2316","21":"product_tag-2318","22":"product_tag-2287","23":"product_tag-2289","24":"product_tag-2286","25":"product_tag-2288","26":"product_tag-daf-1736785","27":"product_tag-solaris","28":"product_tag-solaris-1802907003","29":"product_tag-sprezarka-powietrza-daf","30":"product_tag-sprezarka-powietrza-wabco-cummins","31":"product_tag-sprezarka-powietrza-wabco-cummins-9115160100","32":"product_tag-wabco-9115045060","34":"first","35":"instock","36":"featured","37":"taxable","38":"shipping-taxable","39":"purchasable","40":"product-type-variable"},"_links":{"self":[{"href":"https:\/\/zaciski-regtruck.pl\/fr\/wp-json\/wp\/v2\/product\/8746","targetHints":{"allow":["GET"]}}],"collection":[{"href":"https:\/\/zaciski-regtruck.pl\/fr\/wp-json\/wp\/v2\/product"}],"about":[{"href":"https:\/\/zaciski-regtruck.pl\/fr\/wp-json\/wp\/v2\/types\/product"}],"version-history":[{"count":11,"href":"https:\/\/zaciski-regtruck.pl\/fr\/wp-json\/wp\/v2\/product\/8746\/revisions"}],"predecessor-version":[{"id":10582,"href":"https:\/\/zaciski-regtruck.pl\/fr\/wp-json\/wp\/v2\/product\/8746\/revisions\/10582"}],"wp:featuredmedia":[{"embeddable":true,"href":"https:\/\/zaciski-regtruck.pl\/fr\/wp-json\/wp\/v2\/media\/8755"}],"wp:attachment":[{"href":"https:\/\/zaciski-regtruck.pl\/fr\/wp-json\/wp\/v2\/media?parent=8746"}],"wp:term":[{"taxonomy":"product_brand","embeddable":true,"href":"https:\/\/zaciski-regtruck.pl\/fr\/wp-json\/wp\/v2\/product_brand?post=8746"},{"taxonomy":"product_cat","embeddable":true,"href":"https:\/\/zaciski-regtruck.pl\/fr\/wp-json\/wp\/v2\/product_cat?post=8746"},{"taxonomy":"product_tag","embeddable":true,"href":"https:\/\/zaciski-regtruck.pl\/fr\/wp-json\/wp\/v2\/product_tag?post=8746"}],"curies":[{"name":"wp","href":"https:\/\/api.w.org\/{rel}","templated":true}]}}