{"id":9864,"date":"2024-03-27T07:19:34","date_gmt":"2024-03-27T06:19:34","guid":{"rendered":"https:\/\/zaciski-regtruck.pl\/?post_type=product&#038;p=9864"},"modified":"2026-05-08T12:40:03","modified_gmt":"2026-05-08T10:40:03","slug":"zawor-vgt-scania-holset-he500vg-3787658-2839392","status":"publish","type":"product","link":"https:\/\/zaciski-regtruck.pl\/fr\/produkt\/zawor-vgt-scania-holset-he500vg-3787658-2839392\/","title":{"rendered":"Zaw\u00f3r VGT SCANIA Holset HE500VG 3787658, 2839392"},"content":{"rendered":"\t\t<div data-elementor-type=\"product-post\" data-elementor-id=\"9864\" class=\"elementor elementor-9864\" data-elementor-post-type=\"product\">\n\t\t\t\t\t\t<section data-particle_enable=\"false\" data-particle-mobile-disabled=\"false\" class=\"elementor-section elementor-top-section elementor-element elementor-element-35c913d9 elementor-section-boxed elementor-section-height-default elementor-section-height-default\" data-id=\"35c913d9\" data-element_type=\"section\" data-e-type=\"section\">\n\t\t\t\t\t\t<div class=\"elementor-container elementor-column-gap-default\">\n\t\t\t\t\t<div class=\"elementor-column elementor-col-100 elementor-top-column elementor-element elementor-element-7db474d\" data-id=\"7db474d\" data-element_type=\"column\" data-e-type=\"column\">\n\t\t\t<div class=\"elementor-widget-wrap elementor-element-populated\">\n\t\t\t\t\t\t<div class=\"elementor-element elementor-element-7d3ee497 elementor-widget__width-initial elementor-widget elementor-widget-text-editor\" data-id=\"7d3ee497\" data-element_type=\"widget\" data-e-type=\"widget\" data-widget_type=\"text-editor.default\">\n\t\t\t\t<div class=\"elementor-widget-container\">\n\t\t\t\t\t\t\t\t\t<h2>Zaw\u00f3r turbiny VTG SCANIA Holset HE500VG 787658, 2839392<\/h2><h2>Oferujemy Pa\u0144stwu nastawnik zaworu VTG najwy\u017cszej jako\u015bci &#8211; Zregenerowany .<\/h2><h3><span style=\"color: #000000;\">Naszym klientom gwarantujemy 100% satysfakcji<\/span><\/h3>\t\t\t\t\t\t\t\t<\/div>\n\t\t\t\t<\/div>\n\t\t\t\t\t<\/div>\n\t\t<\/div>\n\t\t\t\t\t<\/div>\n\t\t<\/section>\n\t\t\t\t<\/div>\n\t\t","protected":false},"excerpt":{"rendered":"<h3>W ofercie sprzeda\u017cy posiadamy<br \/>\nNastawniki, sterownik VGT SCANIA Holset HE500VG 3787658 po regeneracji.<\/h3>\n","protected":false},"featured_media":14028,"template":"","meta":[],"product_brand":[],"product_cat":[1461],"product_tag":[2332,2334,5043,2336,5048,5047,5045,5044,5046,1474,1473,2333,2331,1650,5049],"class_list":{"0":"post-9864","1":"product","2":"type-product","3":"status-publish","4":"has-post-thumbnail","6":"product_cat-zawory-vtg","7":"product_tag-2332","8":"product_tag-2334","9":"product_tag-3787499d","10":"product_tag-2336","11":"product_tag-4031034h","12":"product_tag-5047","13":"product_tag-dc1305","14":"product_tag-dlc6","15":"product_tag-hw3787663","16":"product_tag-regeneracja-sterownikow-vtg","17":"product_tag-regeneracja-vtg","18":"product_tag-sterownik-vgt-scania","19":"product_tag-sterownik-vgt-scania-holset-he500vg","20":"product_tag-sterownik-zawor-turbiny-vtg","21":"product_tag-zawor-vgt-scania-holset-he500vg-3787658","23":"first","24":"instock","25":"featured","26":"taxable","27":"shipping-taxable","28":"purchasable","29":"product-type-variable"},"_links":{"self":[{"href":"https:\/\/zaciski-regtruck.pl\/fr\/wp-json\/wp\/v2\/product\/9864","targetHints":{"allow":["GET"]}}],"collection":[{"href":"https:\/\/zaciski-regtruck.pl\/fr\/wp-json\/wp\/v2\/product"}],"about":[{"href":"https:\/\/zaciski-regtruck.pl\/fr\/wp-json\/wp\/v2\/types\/product"}],"version-history":[{"count":16,"href":"https:\/\/zaciski-regtruck.pl\/fr\/wp-json\/wp\/v2\/product\/9864\/revisions"}],"predecessor-version":[{"id":14044,"href":"https:\/\/zaciski-regtruck.pl\/fr\/wp-json\/wp\/v2\/product\/9864\/revisions\/14044"}],"wp:featuredmedia":[{"embeddable":true,"href":"https:\/\/zaciski-regtruck.pl\/fr\/wp-json\/wp\/v2\/media\/14028"}],"wp:attachment":[{"href":"https:\/\/zaciski-regtruck.pl\/fr\/wp-json\/wp\/v2\/media?parent=9864"}],"wp:term":[{"taxonomy":"product_brand","embeddable":true,"href":"https:\/\/zaciski-regtruck.pl\/fr\/wp-json\/wp\/v2\/product_brand?post=9864"},{"taxonomy":"product_cat","embeddable":true,"href":"https:\/\/zaciski-regtruck.pl\/fr\/wp-json\/wp\/v2\/product_cat?post=9864"},{"taxonomy":"product_tag","embeddable":true,"href":"https:\/\/zaciski-regtruck.pl\/fr\/wp-json\/wp\/v2\/product_tag?post=9864"}],"curies":[{"name":"wp","href":"https:\/\/api.w.org\/{rel}","templated":true}]}}