{"id":9890,"date":"2024-03-27T08:12:10","date_gmt":"2024-03-27T07:12:10","guid":{"rendered":"https:\/\/zaciski-regtruck.pl\/?post_type=product&#038;p=9890"},"modified":"2024-04-02T07:42:01","modified_gmt":"2024-04-02T05:42:01","slug":"zawor-sterownik-vgt-scania-holset-he500vg-2839392-nowy","status":"publish","type":"product","link":"https:\/\/zaciski-regtruck.pl\/fr\/produkt\/zawor-sterownik-vgt-scania-holset-he500vg-2839392-nowy\/","title":{"rendered":"Zaw\u00f3r, sterownik VTG SCANIA Holset HE500VG, 2839392 NOWY"},"content":{"rendered":"\t\t<div data-elementor-type=\"product-post\" data-elementor-id=\"9890\" class=\"elementor elementor-9890\" data-elementor-post-type=\"product\">\n\t\t\t\t\t\t<section data-particle_enable=\"false\" data-particle-mobile-disabled=\"false\" class=\"elementor-section elementor-top-section elementor-element elementor-element-35c913d9 elementor-section-boxed elementor-section-height-default elementor-section-height-default\" data-id=\"35c913d9\" data-element_type=\"section\" data-e-type=\"section\">\n\t\t\t\t\t\t<div class=\"elementor-container elementor-column-gap-default\">\n\t\t\t\t\t<div class=\"elementor-column elementor-col-100 elementor-top-column elementor-element elementor-element-7db474d\" data-id=\"7db474d\" data-element_type=\"column\" data-e-type=\"column\">\n\t\t\t<div class=\"elementor-widget-wrap elementor-element-populated\">\n\t\t\t\t\t\t<div class=\"elementor-element elementor-element-7d3ee497 elementor-widget__width-initial elementor-widget elementor-widget-text-editor\" data-id=\"7d3ee497\" data-element_type=\"widget\" data-e-type=\"widget\" data-widget_type=\"text-editor.default\">\n\t\t\t\t<div class=\"elementor-widget-container\">\n\t\t\t\t\t\t\t\t\t<h2>Nastawnik, sterownik zaw\u00f3r turbiny VTG SCANIA Holset HE500VG, 2191616, 2839392, 3787663, 3787658<\/h2><h2>\u00a0<\/h2><h2>Oferujemy Pa\u0144stwu nastawnik zaworu VTG najwy\u017cszej jako\u015bci- NOWY.<\/h2><h3><span style=\"color: #000000;\">Naszym klientom gwarantujemy 100% satysfakcji<\/span><\/h3>\t\t\t\t\t\t\t\t<\/div>\n\t\t\t\t<\/div>\n\t\t\t\t\t<\/div>\n\t\t<\/div>\n\t\t\t\t\t<\/div>\n\t\t<\/section>\n\t\t\t\t<\/div>\n\t\t","protected":false},"excerpt":{"rendered":"<h3>W ofercie sprzeda\u017cy posiadamy<br \/>\nZw\u00f3r, sterownik VTG SCANIA Holset HE500VG, 2191616 NOWY.<\/h3>\n","protected":false},"featured_media":9878,"template":"","meta":[],"product_brand":[],"product_cat":[1461],"product_tag":[2332,2334,2339,2336,2335,2330,1474,1473,2333,2331,1650,2337],"class_list":{"0":"post-9890","1":"product","2":"type-product","3":"status-publish","4":"has-post-thumbnail","6":"product_cat-zawory-vtg","7":"product_tag-2332","8":"product_tag-2334","9":"product_tag-2839392-nowy","10":"product_tag-2336","11":"product_tag-2335","12":"product_tag-nastawniki","13":"product_tag-regeneracja-sterownikow-vtg","14":"product_tag-regeneracja-vtg","15":"product_tag-sterownik-vgt-scania","16":"product_tag-sterownik-vgt-scania-holset-he500vg","17":"product_tag-sterownik-zawor-turbiny-vtg","18":"product_tag-zawor","20":"first","21":"instock","22":"featured","23":"taxable","24":"shipping-taxable","25":"purchasable","26":"product-type-simple"},"_links":{"self":[{"href":"https:\/\/zaciski-regtruck.pl\/fr\/wp-json\/wp\/v2\/product\/9890","targetHints":{"allow":["GET"]}}],"collection":[{"href":"https:\/\/zaciski-regtruck.pl\/fr\/wp-json\/wp\/v2\/product"}],"about":[{"href":"https:\/\/zaciski-regtruck.pl\/fr\/wp-json\/wp\/v2\/types\/product"}],"version-history":[{"count":3,"href":"https:\/\/zaciski-regtruck.pl\/fr\/wp-json\/wp\/v2\/product\/9890\/revisions"}],"predecessor-version":[{"id":9967,"href":"https:\/\/zaciski-regtruck.pl\/fr\/wp-json\/wp\/v2\/product\/9890\/revisions\/9967"}],"wp:featuredmedia":[{"embeddable":true,"href":"https:\/\/zaciski-regtruck.pl\/fr\/wp-json\/wp\/v2\/media\/9878"}],"wp:attachment":[{"href":"https:\/\/zaciski-regtruck.pl\/fr\/wp-json\/wp\/v2\/media?parent=9890"}],"wp:term":[{"taxonomy":"product_brand","embeddable":true,"href":"https:\/\/zaciski-regtruck.pl\/fr\/wp-json\/wp\/v2\/product_brand?post=9890"},{"taxonomy":"product_cat","embeddable":true,"href":"https:\/\/zaciski-regtruck.pl\/fr\/wp-json\/wp\/v2\/product_cat?post=9890"},{"taxonomy":"product_tag","embeddable":true,"href":"https:\/\/zaciski-regtruck.pl\/fr\/wp-json\/wp\/v2\/product_tag?post=9890"}],"curies":[{"name":"wp","href":"https:\/\/api.w.org\/{rel}","templated":true}]}}