{"id":9941,"date":"2024-04-02T07:04:57","date_gmt":"2024-04-02T05:04:57","guid":{"rendered":"https:\/\/zaciski-regtruck.pl\/?post_type=product&#038;p=9941"},"modified":"2024-04-02T07:30:55","modified_gmt":"2024-04-02T05:30:55","slug":"turbosprezarka-daf-xf-106-holset-he400vg-5642904-nowa","status":"publish","type":"product","link":"https:\/\/zaciski-regtruck.pl\/fr\/produkt\/turbosprezarka-daf-xf-106-holset-he400vg-5642904-nowa\/","title":{"rendered":"Turbospr\u0119\u017carka DAF XF 106 Holset HE400VG, 5642904 NOWA"},"content":{"rendered":"\t\t<div data-elementor-type=\"product-post\" data-elementor-id=\"9941\" class=\"elementor elementor-9941\" data-elementor-post-type=\"product\">\n\t\t\t\t\t\t<section data-particle_enable=\"false\" data-particle-mobile-disabled=\"false\" class=\"elementor-section elementor-top-section elementor-element elementor-element-35c913d9 elementor-section-boxed elementor-section-height-default elementor-section-height-default\" data-id=\"35c913d9\" data-element_type=\"section\" data-e-type=\"section\">\n\t\t\t\t\t\t<div class=\"elementor-container elementor-column-gap-default\">\n\t\t\t\t\t<div class=\"elementor-column elementor-col-100 elementor-top-column elementor-element elementor-element-7db474d\" data-id=\"7db474d\" data-element_type=\"column\" data-e-type=\"column\">\n\t\t\t<div class=\"elementor-widget-wrap elementor-element-populated\">\n\t\t\t\t\t\t<div class=\"elementor-element elementor-element-7d3ee497 elementor-widget elementor-widget-text-editor\" data-id=\"7d3ee497\" data-element_type=\"widget\" data-e-type=\"widget\" data-widget_type=\"text-editor.default\">\n\t\t\t\t<div class=\"elementor-widget-container\">\n\t\t\t\t\t\t\t\t\t<h2>Turbospr\u0119\u017carka DAF XF 106 HE400VG, 5642904 NOWA<\/h2><div>\u00a0<\/div><h3>Czo\u0142owi producenci: Holset<\/h3><hr \/><h3><span style=\"color: #000000;\">Oferujemy Pa\u0144stwu NOW\u0104 turbospr\u0119\u017cark\u0119\u00a0<\/span><span style=\"color: #000000;\">Holset\u00a0<\/span><span style=\"color: #000000;\">5459135<\/span><\/h3><h3>\u00a0najwy\u017cszej jako\u015bci.\u00a0<\/h3><h3><span style=\"color: #000000;\">Naszym klientom gwarantujemy 100% satysfakcji<\/span><\/h3>\t\t\t\t\t\t\t\t<\/div>\n\t\t\t\t<\/div>\n\t\t\t\t\t<\/div>\n\t\t<\/div>\n\t\t\t\t\t<\/div>\n\t\t<\/section>\n\t\t\t\t<\/div>\n\t\t","protected":false},"excerpt":{"rendered":"<h3>W ofercie sprzeda\u017cy posiadamy Turbospr\u0119\u017cark\u0119 DAF XF 106 Holset NOW\u0104.<\/h3>\n","protected":false},"featured_media":9948,"template":"","meta":[],"product_brand":[],"product_cat":[163,1819,42],"product_tag":[1468,2377,1845,2376,2378,2373,2372,2375,2374,1847,252,2380,1850,2379,2371],"class_list":{"0":"post-9941","1":"product","2":"type-product","3":"status-publish","4":"has-post-thumbnail","6":"product_cat-daf-regeneracja-turbosprezarek","7":"product_cat-nowy","8":"product_cat-regeneracja-turbosprezarek","9":"product_tag-1468","10":"product_tag-2377","11":"product_tag-1845","12":"product_tag-2376","13":"product_tag-2378","14":"product_tag-2373","15":"product_tag-2372","16":"product_tag-2375","17":"product_tag-2374","18":"product_tag-he400vg","19":"product_tag-regeneracja-turbosprezarek","20":"product_tag-turbosprezarka-daf-xf-106","21":"product_tag-turbosprezarka-daf-xf-106-5459129","22":"product_tag-turbosprezarka-daf-xf-106-holset","23":"product_tag-turbosprezarka-daf-xf-106-holset-he400vg","25":"first","26":"instock","27":"featured","28":"taxable","29":"shipping-taxable","30":"purchasable","31":"product-type-simple"},"_links":{"self":[{"href":"https:\/\/zaciski-regtruck.pl\/fr\/wp-json\/wp\/v2\/product\/9941","targetHints":{"allow":["GET"]}}],"collection":[{"href":"https:\/\/zaciski-regtruck.pl\/fr\/wp-json\/wp\/v2\/product"}],"about":[{"href":"https:\/\/zaciski-regtruck.pl\/fr\/wp-json\/wp\/v2\/types\/product"}],"version-history":[{"count":11,"href":"https:\/\/zaciski-regtruck.pl\/fr\/wp-json\/wp\/v2\/product\/9941\/revisions"}],"predecessor-version":[{"id":9963,"href":"https:\/\/zaciski-regtruck.pl\/fr\/wp-json\/wp\/v2\/product\/9941\/revisions\/9963"}],"wp:featuredmedia":[{"embeddable":true,"href":"https:\/\/zaciski-regtruck.pl\/fr\/wp-json\/wp\/v2\/media\/9948"}],"wp:attachment":[{"href":"https:\/\/zaciski-regtruck.pl\/fr\/wp-json\/wp\/v2\/media?parent=9941"}],"wp:term":[{"taxonomy":"product_brand","embeddable":true,"href":"https:\/\/zaciski-regtruck.pl\/fr\/wp-json\/wp\/v2\/product_brand?post=9941"},{"taxonomy":"product_cat","embeddable":true,"href":"https:\/\/zaciski-regtruck.pl\/fr\/wp-json\/wp\/v2\/product_cat?post=9941"},{"taxonomy":"product_tag","embeddable":true,"href":"https:\/\/zaciski-regtruck.pl\/fr\/wp-json\/wp\/v2\/product_tag?post=9941"}],"curies":[{"name":"wp","href":"https:\/\/api.w.org\/{rel}","templated":true}]}}